{"id":670,"date":"2022-10-26T00:24:58","date_gmt":"2022-10-25T16:24:58","guid":{"rendered":"https:\/\/zzlcmachinery.com\/?post_type=product&#038;p=670"},"modified":"2022-11-22T15:47:14","modified_gmt":"2022-11-22T07:47:14","slug":"lc-jk30-program-controlled-pattern-bender-metal-scroll-bending-machine","status":"publish","type":"product","link":"https:\/\/zzlcmachinery.com\/es\/producto\/lc-jk30-program-controlled-pattern-bender-metal-scroll-bending-machine\/","title":{"rendered":"M\u00e1quina dobladora de rollos de metal con patr\u00f3n controlado por programa LC-JK30"},"content":{"rendered":"","protected":false},"excerpt":{"rendered":"<p>La m\u00e1quina dobladora de volutas de metal con patr\u00f3n controlado por programa LC-JK30 es el pico del rey entre los muchos modelos de la m\u00e1quina dobladora de volutas. Esta m\u00e1quina tiene el mayor rango de procesamiento entre todas las m\u00e1quinas del mismo tipo. Se puede usar para procesar hierro plano, acero cuadrado, acero redondo, tuber\u00eda cuadrada, tuber\u00eda redonda y 6 juegos de dis vendr\u00e1n con la m\u00e1quina cuando se env\u00ede la m\u00e1quina, estos 6 juegos de troqueles pueden hacer patrones P, S, C con un di\u00e1metro m\u00e1ximo de 50 cm. Los clientes pueden personalizar los moldes seg\u00fan sus propias necesidades. El di\u00e1metro m\u00e1ximo que se puede personalizar con moldes de patr\u00f3n P, S, C es de 100 cm.<br \/>\nLa m\u00e1quina est\u00e1 equipada con un interruptor de pie. La operaci\u00f3n es conveniente y r\u00e1pida, y el aprendizaje autom\u00e1tico es r\u00e1pido de aprender. Hay manuales y videos de operaci\u00f3n para que cada herrero aprenda.<br \/>\nServicio en l\u00ednea las 24 horas. \u00a1H\u00e1ganos saber si tiene alguna pregunta!<br \/>\n<strong>PAR\u00c1METRO T\u00c9CNICO<br \/>\n<\/strong><strong>Modelo: LC-JK30<br \/>\nPlancha:<\/strong>\u226480x20mm<br \/>\n<strong>Acero redondo:<\/strong> \u2264\u03c630mm<br \/>\n<strong>Acero cuadrado:<\/strong>\u226430x30mm<br \/>\n<strong>Tubo cuadrado:<\/strong>\u226440x40mm Grosor del tubo cuadrado\u22644mm<br \/>\n<strong>Tubo redondo:<\/strong>\u2264\u03c642mm Espesor de tuber\u00eda redonda\u22644mm<br \/>\n<strong>Velocidad de procesamiento:<\/strong> 200 piezas \/H<br \/>\n<strong>Fuerza:<\/strong> 5.5KW<br \/>\n<strong>Voltaje:<\/strong>\u00a0220V\/380V\/415V<br \/>\n<strong>Dimensi\u00f3n de embalaje:<\/strong> 1000\u00d71500\u00d71800mm<br \/>\n<strong>NO (kg):<\/strong> 750<br \/>\n<strong>GW (kg):<\/strong> 800<\/p>","protected":false},"featured_media":683,"template":"","meta":{"_kad_post_transparent":"default","_kad_post_title":"","_kad_post_layout":"default","_kad_post_sidebar_id":"","_kad_post_content_style":"default","_kad_post_vertical_padding":"default","_kad_post_feature":"","_kad_post_feature_position":"","_kad_post_header":false,"_kad_post_footer":false},"product_brand":[],"product_cat":[29,27],"product_tag":[195,191,182,188,187,186,184,183,185,190,192,194,189,111,193],"class_list":{"0":"post-670","1":"product","2":"type-product","3":"status-publish","4":"has-post-thumbnail","6":"product_cat-electric-wrought-iron-processing-machine","7":"product_cat-electric-scroll-bending-machine","8":"product_tag-automatoic-metal-craft-scroll-bender-machine","9":"product_tag-buy-wrought-iron-scroll-bending-machines","10":"product_tag-iron-pattern-bender","11":"product_tag-make-a-metal-scroll-bender","12":"product_tag-metal-craft-scroll-bending-machine-for-sale","13":"product_tag-ornamental-iron-machines","14":"product_tag-program-controiied-scroll-bending-machine","15":"product_tag-program-controlled-pattern-bender-metal-scroll-bending-machine","16":"product_tag-scroll-bending-machine-for-sale","17":"product_tag-scroll-bending-mchinae-programmed-controlled-panels","18":"product_tag-scroll-making-machine","19":"product_tag-scroll-pattern-bender-equipment","20":"product_tag-scroll-pattern-bending-machine","21":"product_tag-wrought-iron-machine","22":"product_tag-wrought-iron-scrolling-bending-machine","24":"first","25":"instock","26":"shipping-taxable","27":"product-type-simple","28":"entry","29":"content-bg","30":"loop-entry"},"_links":{"self":[{"href":"https:\/\/zzlcmachinery.com\/es\/wp-json\/wp\/v2\/product\/670","targetHints":{"allow":["GET"]}}],"collection":[{"href":"https:\/\/zzlcmachinery.com\/es\/wp-json\/wp\/v2\/product"}],"about":[{"href":"https:\/\/zzlcmachinery.com\/es\/wp-json\/wp\/v2\/types\/product"}],"version-history":[{"count":0,"href":"https:\/\/zzlcmachinery.com\/es\/wp-json\/wp\/v2\/product\/670\/revisions"}],"wp:featuredmedia":[{"embeddable":true,"href":"https:\/\/zzlcmachinery.com\/es\/wp-json\/wp\/v2\/media\/683"}],"wp:attachment":[{"href":"https:\/\/zzlcmachinery.com\/es\/wp-json\/wp\/v2\/media?parent=670"}],"wp:term":[{"taxonomy":"product_brand","embeddable":true,"href":"https:\/\/zzlcmachinery.com\/es\/wp-json\/wp\/v2\/product_brand?post=670"},{"taxonomy":"product_cat","embeddable":true,"href":"https:\/\/zzlcmachinery.com\/es\/wp-json\/wp\/v2\/product_cat?post=670"},{"taxonomy":"product_tag","embeddable":true,"href":"https:\/\/zzlcmachinery.com\/es\/wp-json\/wp\/v2\/product_tag?post=670"}],"curies":[{"name":"wp","href":"https:\/\/api.w.org\/{rel}","templated":true}]}}