{"id":664,"date":"2022-10-25T23:47:44","date_gmt":"2022-10-25T15:47:44","guid":{"rendered":"https:\/\/zzlcmachinery.com\/?post_type=product&#038;p=664"},"modified":"2022-11-22T15:50:34","modified_gmt":"2022-11-22T07:50:34","slug":"lc-jk16-diy-wrought-iron-flat-steel-scrolling-bending-machine-metal-scroll-bender","status":"publish","type":"product","link":"https:\/\/zzlcmachinery.com\/es\/producto\/lc-jk16-diy-wrought-iron-flat-steel-scrolling-bending-machine-metal-scroll-bender\/","title":{"rendered":"LC-JK16 Dobladora de desplazamiento de acero plano de hierro forjado DIY Dobladora de desplazamiento de metal"},"content":{"rendered":"","protected":false},"excerpt":{"rendered":"<p>LC-JK16 DIY m\u00e1quina dobladora de desplazamiento de acero plano de hierro forjado dobladora de desplazamiento de metal tambi\u00e9n se utiliza para hacer patrones art\u00edsticos de hierro forjado en forma de C, en forma de P, en forma de S, en forma de U y adem\u00e1s est\u00e1 equipado con bloqueo de \u03c650 mm, \u03c6, 30 mm, \u03c620 mm ruedas, que son adecuadas para el procesamiento de varios tama\u00f1os de patrones. La diferencia es que esta m\u00e1quina dobladora de espiral no solo puede procesar hierro plano, acero redondo, acero cuadrado, sino tambi\u00e9n tubos redondos y cuadrados.<br \/>\nEsta m\u00e1quina dobladora de espiral puede procesar tubos cuadrados de hasta 20x20 mm con un grosor de no m\u00e1s de 3 mm y un di\u00e1metro de 20 mm y un tubo redondo con un grosor de no m\u00e1s de 3 mm.<br \/>\nLa m\u00e1quina est\u00e1 equipada con 6 juegos de moldes gratis.<br \/>\nServicio en l\u00ednea las 24 horas. \u00a1H\u00e1ganos saber si tiene alguna pregunta!<br \/>\n<strong>PAR\u00c1METRO T\u00c9CNICO<br \/>\n<\/strong><strong>Modelo: LC-JK16<br \/>\nPlancha:<\/strong>\u22648\u00d750 mm<br \/>\n<strong>Acero redondo:<\/strong> \u2264\u03c616mm<br \/>\n<strong>Acero cuadrado:<\/strong>\u226416 \u00d7 16 mm<br \/>\n<strong>Tubo cuadrado:<\/strong>\u226420\u00d720 mm Espesor del tubo cuadrado\u22643 mm<br \/>\n<strong>Tubo redondo:<\/strong>\u2264\u03c620 mm Espesor de tuber\u00eda redonda\u22643 mm<br \/>\n<strong>Velocidad de procesamiento:<\/strong> 500 piezas \/H<br \/>\n<strong>Fuerza:<\/strong> 2.2KW<br \/>\n<strong>Voltaje:<\/strong>\u00a0220V\/380V\/415V<br \/>\n<strong>Dimensi\u00f3n de embalaje:<\/strong> 800\u00d7600\u00d71200mm<br \/>\n<strong>NO (kg):<\/strong> 350<br \/>\n<strong>GW (kg):<\/strong> 400<\/p>","protected":false},"featured_media":673,"template":"","meta":{"_kad_post_transparent":"default","_kad_post_title":"","_kad_post_layout":"default","_kad_post_sidebar_id":"","_kad_post_content_style":"default","_kad_post_vertical_padding":"default","_kad_post_feature":"","_kad_post_feature_position":"","_kad_post_header":false,"_kad_post_footer":false},"product_brand":[],"product_cat":[29,27],"product_tag":[178,180,175,76,49,182,177,179,72,181],"class_list":{"0":"post-664","1":"product","2":"type-product","3":"status-publish","4":"has-post-thumbnail","6":"product_cat-electric-wrought-iron-processing-machine","7":"product_cat-electric-scroll-bending-machine","8":"product_tag-buy-scroll-bender","9":"product_tag-china-wrought-iron-machine-and-metal-craft-machine","10":"product_tag-diy-wrought-iron-flat-steel-scrolling-bending-machine-metal-scroll-bender","11":"product_tag-electric-flat-iron-scroll-bending-machine","12":"product_tag-electric-scroll-bending-machine","13":"product_tag-iron-pattern-bender","14":"product_tag-manual-meta-scroll-bender","15":"product_tag-metal-craft-bending-tools","16":"product_tag-metal-scroll-bender","17":"product_tag-ornamental-iron-machine-manufacturer","19":"first","20":"instock","21":"shipping-taxable","22":"product-type-simple","23":"entry","24":"content-bg","25":"loop-entry"},"_links":{"self":[{"href":"https:\/\/zzlcmachinery.com\/es\/wp-json\/wp\/v2\/product\/664","targetHints":{"allow":["GET"]}}],"collection":[{"href":"https:\/\/zzlcmachinery.com\/es\/wp-json\/wp\/v2\/product"}],"about":[{"href":"https:\/\/zzlcmachinery.com\/es\/wp-json\/wp\/v2\/types\/product"}],"version-history":[{"count":0,"href":"https:\/\/zzlcmachinery.com\/es\/wp-json\/wp\/v2\/product\/664\/revisions"}],"wp:featuredmedia":[{"embeddable":true,"href":"https:\/\/zzlcmachinery.com\/es\/wp-json\/wp\/v2\/media\/673"}],"wp:attachment":[{"href":"https:\/\/zzlcmachinery.com\/es\/wp-json\/wp\/v2\/media?parent=664"}],"wp:term":[{"taxonomy":"product_brand","embeddable":true,"href":"https:\/\/zzlcmachinery.com\/es\/wp-json\/wp\/v2\/product_brand?post=664"},{"taxonomy":"product_cat","embeddable":true,"href":"https:\/\/zzlcmachinery.com\/es\/wp-json\/wp\/v2\/product_cat?post=664"},{"taxonomy":"product_tag","embeddable":true,"href":"https:\/\/zzlcmachinery.com\/es\/wp-json\/wp\/v2\/product_tag?post=664"}],"curies":[{"name":"wp","href":"https:\/\/api.w.org\/{rel}","templated":true}]}}