{"id":653,"date":"2022-10-23T22:37:30","date_gmt":"2022-10-23T14:37:30","guid":{"rendered":"https:\/\/zzlcmachinery.com\/?post_type=product&#038;p=653"},"modified":"2022-11-22T15:52:22","modified_gmt":"2022-11-22T07:52:22","slug":"china-manufacture-metalcraft-hytraulic-moulder-wrought-iron-machine","status":"publish","type":"product","link":"https:\/\/zzlcmachinery.com\/es\/producto\/china-manufacture-metalcraft-hytraulic-moulder-wrought-iron-machine\/","title":{"rendered":"China Fabricaci\u00f3n Metalcraft Hytraulic Moulder m\u00e1quina de hierro forjado"},"content":{"rendered":"","protected":false},"excerpt":{"rendered":"<p>LCYY16 China fabrica una m\u00e1quina de hierro forjado moldeador hytraulic metalcraft con precio de f\u00e1brica. Esta m\u00e1quina formadora hidr\u00e1ulica es actualmente la m\u00e1quina hidroformadora m\u00e1s funcional en la industria de procesamiento de metales. Sobre la base del procesamiento de hierro plano, acero redondo y acero cuadrado, tambi\u00e9n puede procesar tubos cuadrados y tuber\u00edas redondas. El aumento de los materiales de procesamiento puede ampliar a\u00fan m\u00e1s la diversidad de patrones de formaci\u00f3n. Esta moldeadora hidr\u00e1ulica de artesan\u00eda de metal puede extruir acero cuadrado, acero redondo, hierro plano, tuber\u00eda redonda y tubo cuadrado en diferentes formas, como c\u00edrculo, arco y \u00e1ngulo al mismo tiempo.<br \/>\nEste equipo del interruptor de pie puede liberar las manos del operador de la m\u00e1quina, mejorar la eficiencia del trabajo, ahorrar mano de obra y la operaci\u00f3n conveniente y simple puede permitirle comenzar r\u00e1pidamente.<br \/>\nEl reemplazo de la herramienta abrasiva se puede completar en 5 minutos, y el cliente puede seleccionar 4 juegos de moldes.<br \/>\nEl moldeador hidr\u00e1ulico lo acompa\u00f1a al azar para romper 4 juegos de moldes libres (1 juego para doblar \u00e1ngulos y moldes redondos a fuego lento, 1 juego de enderezamiento y alineaci\u00f3n de arco, 2 juegos de moldes de formaci\u00f3n) y hay moldes para que los clientes elijan.<br \/>\nServicio en l\u00ednea las 24 horas. \u00a1H\u00e1ganos saber si tiene alguna pregunta!<br \/>\n<strong>PAR\u00c1METRO T\u00c9CNICO<br \/>\n<\/strong><strong>Modelo :LC-YY16<br \/>\nCapacidad m\u00e1xima de trabajo:<\/strong> Plancha\u226410x50mm<br \/>\nAcero redondo \u2264\u03a616mm Acero cuadrado\u226416x16mm<br \/>\nTubo redondo\u2264\u03a680mm Tubo cuadrado\u226480x80mm<br \/>\n<strong>Fuerza:<\/strong>7.5KW<br \/>\n<strong>Voltaje:<\/strong>\u00a0220V\/380V\/415V<br \/>\n<strong>Dimensi\u00f3n de embalaje:<\/strong> 1300\u00d7700\u00d71400mm<br \/>\n<strong>NO (kg):<\/strong> 780\u00a0 \u00a0 \u00a0 <strong>GW (kg):<\/strong> 850<\/p>","protected":false},"featured_media":659,"template":"","meta":{"_kad_post_transparent":"default","_kad_post_title":"","_kad_post_layout":"default","_kad_post_sidebar_id":"","_kad_post_content_style":"default","_kad_post_vertical_padding":"default","_kad_post_feature":"","_kad_post_feature_position":"","_kad_post_header":false,"_kad_post_footer":false},"product_brand":[],"product_cat":[29,23],"product_tag":[172,133,174,131,173,171,129,51,111],"class_list":{"0":"post-653","1":"product","2":"type-product","3":"status-publish","4":"has-post-thumbnail","6":"product_cat-electric-wrought-iron-processing-machine","7":"product_cat-wrought-iron-hydraulic-moulder","8":"product_tag-blacksmith-equipment","9":"product_tag-buy-metal-craft-hydraulic-moulder","10":"product_tag-china-iron-moulder","11":"product_tag-hydraulic-bending-machine","12":"product_tag-hydraulic-moulder-lanchen-reputable-wrought-iron-supplier","13":"product_tag-lc-yy16-china-manufacture-metalcraft-hytraulic-moulder-wrought-iron-machine","14":"product_tag-metal-craft-hydraulic-moulder","15":"product_tag-wrought-iron-bending-machine","16":"product_tag-wrought-iron-machine","18":"first","19":"instock","20":"shipping-taxable","21":"product-type-simple","22":"entry","23":"content-bg","24":"loop-entry"},"_links":{"self":[{"href":"https:\/\/zzlcmachinery.com\/es\/wp-json\/wp\/v2\/product\/653","targetHints":{"allow":["GET"]}}],"collection":[{"href":"https:\/\/zzlcmachinery.com\/es\/wp-json\/wp\/v2\/product"}],"about":[{"href":"https:\/\/zzlcmachinery.com\/es\/wp-json\/wp\/v2\/types\/product"}],"version-history":[{"count":0,"href":"https:\/\/zzlcmachinery.com\/es\/wp-json\/wp\/v2\/product\/653\/revisions"}],"wp:featuredmedia":[{"embeddable":true,"href":"https:\/\/zzlcmachinery.com\/es\/wp-json\/wp\/v2\/media\/659"}],"wp:attachment":[{"href":"https:\/\/zzlcmachinery.com\/es\/wp-json\/wp\/v2\/media?parent=653"}],"wp:term":[{"taxonomy":"product_brand","embeddable":true,"href":"https:\/\/zzlcmachinery.com\/es\/wp-json\/wp\/v2\/product_brand?post=653"},{"taxonomy":"product_cat","embeddable":true,"href":"https:\/\/zzlcmachinery.com\/es\/wp-json\/wp\/v2\/product_cat?post=653"},{"taxonomy":"product_tag","embeddable":true,"href":"https:\/\/zzlcmachinery.com\/es\/wp-json\/wp\/v2\/product_tag?post=653"}],"curies":[{"name":"wp","href":"https:\/\/api.w.org\/{rel}","templated":true}]}}