{"id":645,"date":"2022-10-23T16:57:20","date_gmt":"2022-10-23T08:57:20","guid":{"rendered":"https:\/\/zzlcmachinery.com\/?post_type=product&#038;p=645"},"modified":"2022-11-22T15:55:02","modified_gmt":"2022-11-22T07:55:02","slug":"electric-decorative-metal-craft-wrought-iron-fishtail-making-machine","status":"publish","type":"product","link":"https:\/\/zzlcmachinery.com\/es\/producto\/electric-decorative-metal-craft-wrought-iron-fishtail-making-machine\/","title":{"rendered":"M\u00e1quina de fabricaci\u00f3n de cola de pez de hierro forjado artesanal de metal decorativo el\u00e9ctrico"},"content":{"rendered":"","protected":false},"excerpt":{"rendered":"<p>LC-YW16 La m\u00e1quina el\u00e9ctrica para fabricar colas de pez de hierro forjado artesanal de metal decorativo es el s\u00faper modelo de la prueba de investigaci\u00f3n y desarrollo de nuestra compa\u00f1\u00eda y la prueba de experiencia en maquinaria de forja. Esta m\u00e1quina para fabricar colas de pescado en caliente puede procesar tubos cuadrados, acero cuadrado, hierro plano, acero redondo y otros materiales.<br \/>\nEn particular, la funci\u00f3n de procesar tubos cuadrados es exclusiva de esta m\u00e1quina para fabricar colas de pez artesanales de metal, puede procesar tubos cuadrados de 14x14 mm, 16x16 mm, 15x15 mm, 20x20 mm.<br \/>\nEl producto procesado solo cambia la longitud y el ancho, lo que es hermoso y generoso. Es una actualizaci\u00f3n de las formulaciones F3 y F4, cambiando el rodillo exc\u00e9ntrico a un eje exc\u00e9ntrico, haciendo que el rodillo cambie a una forma de tres ranuras y aumentando la vida \u00fatil tres veces en comparaci\u00f3n con otros.<br \/>\nLos rodillos planos en el exterior del cabezal de la m\u00e1quina de cola de pez de la prensa final de hierro forjado pueden aplanar, afilar y sellar las barras cuadradas y redondas.<br \/>\nServicio en l\u00ednea las 24 horas. \u00a1H\u00e1ganos saber si tiene alguna pregunta!<br \/>\n<strong>PAR\u00c1METRO T\u00c9CNICO<br \/>\n<\/strong><strong>Modelo :LC-YW16<br \/>\nPlancha:<\/strong> \u226410X60mm<br \/>\n<strong>Acero redondo:<\/strong> \u03c616mm<br \/>\n<strong>Acero cuadrado:<\/strong> \u226416 \u00d7 16 mm<br \/>\n<strong>Tubo cuadrado:<\/strong>14x14mm, 16x16mm, 15x15mm, 20x20mm<br \/>\n<strong>Fuerza:<\/strong> 3KW<br \/>\n<strong>Voltaje:<\/strong>\u00a0220V\/380V\/415V<br \/>\n<strong>Dimensi\u00f3n de embalaje:<\/strong> 1000\u00d7600\u00d71110mm<br \/>\n<strong>NO (kg):<\/strong>380<br \/>\n<strong>GW (kg):<\/strong> 400<\/p>","protected":false},"featured_media":648,"template":"","meta":{"_kad_post_transparent":"default","_kad_post_title":"","_kad_post_layout":"default","_kad_post_sidebar_id":"","_kad_post_content_style":"default","_kad_post_vertical_padding":"default","_kad_post_feature":"","_kad_post_feature_position":"","_kad_post_header":false,"_kad_post_footer":false},"product_brand":[],"product_cat":[29,24],"product_tag":[163,165,167,166,168,162,169,170,164,161,111],"class_list":{"0":"post-645","1":"product","2":"type-product","3":"status-publish","4":"has-post-thumbnail","6":"product_cat-electric-wrought-iron-processing-machine","7":"product_cat-wrought-iron-fishtail-forging-machine","8":"product_tag-china-hot-roll-fishtail-machine-manufacturing-for-sale","9":"product_tag-end-hot-fishtail-for-wrought-iron","10":"product_tag-fishtail-iron-processing-machine","11":"product_tag-hot-roll-end-forging-machine","12":"product_tag-hot-roll-fishtail-machine","13":"product_tag-hot-roll-fishtail-making-machine","14":"product_tag-hot-roll-fishtail-mill","15":"product_tag-hot-rolling-fishtail-forming-machine","16":"product_tag-hot-roll-fishtail-coining-machine","17":"product_tag-wrought-iron-end-press-fishtail-machine","18":"product_tag-wrought-iron-machine","20":"first","21":"instock","22":"shipping-taxable","23":"product-type-simple","24":"entry","25":"content-bg","26":"loop-entry"},"_links":{"self":[{"href":"https:\/\/zzlcmachinery.com\/es\/wp-json\/wp\/v2\/product\/645","targetHints":{"allow":["GET"]}}],"collection":[{"href":"https:\/\/zzlcmachinery.com\/es\/wp-json\/wp\/v2\/product"}],"about":[{"href":"https:\/\/zzlcmachinery.com\/es\/wp-json\/wp\/v2\/types\/product"}],"version-history":[{"count":0,"href":"https:\/\/zzlcmachinery.com\/es\/wp-json\/wp\/v2\/product\/645\/revisions"}],"wp:featuredmedia":[{"embeddable":true,"href":"https:\/\/zzlcmachinery.com\/es\/wp-json\/wp\/v2\/media\/648"}],"wp:attachment":[{"href":"https:\/\/zzlcmachinery.com\/es\/wp-json\/wp\/v2\/media?parent=645"}],"wp:term":[{"taxonomy":"product_brand","embeddable":true,"href":"https:\/\/zzlcmachinery.com\/es\/wp-json\/wp\/v2\/product_brand?post=645"},{"taxonomy":"product_cat","embeddable":true,"href":"https:\/\/zzlcmachinery.com\/es\/wp-json\/wp\/v2\/product_cat?post=645"},{"taxonomy":"product_tag","embeddable":true,"href":"https:\/\/zzlcmachinery.com\/es\/wp-json\/wp\/v2\/product_tag?post=645"}],"curies":[{"name":"wp","href":"https:\/\/api.w.org\/{rel}","templated":true}]}}