{"id":631,"date":"2022-10-20T00:48:38","date_gmt":"2022-10-19T16:48:38","guid":{"rendered":"https:\/\/zzlcmachinery.com\/?post_type=product&#038;p=631"},"modified":"2023-02-18T16:11:26","modified_gmt":"2023-02-18T08:11:26","slug":"buy-metal-craft-steel-coil-rolling-machine-ornament-iron-making-machine","status":"publish","type":"product","link":"https:\/\/zzlcmachinery.com\/es\/producto\/buy-metal-craft-steel-coil-rolling-machine-ornament-iron-making-machine\/","title":{"rendered":"Comprar M\u00e1quina laminadora de bobinas de acero para artesan\u00edas de metal M\u00e1quina para fabricar hierro ornamental"},"content":{"rendered":"","protected":false},"excerpt":{"rendered":"<p>LC-CJ16 compre m\u00e1quina laminadora de bobinas de acero para artesan\u00edas de metal, m\u00e1quina para fabricar hierro ornamental, esta m\u00e1quina laminadora de bobinas hidr\u00e1ulica se utiliza para acero plano con cabeza, acero cuadrado, acero redondo y bobina final despu\u00e9s del calentamiento de la tuber\u00eda redonda. El material de hierro de cola de pescado se enrolla autom\u00e1ticamente. La forma de bobina es un patr\u00f3n esencial en los productos de hierro forjado. Por lo tanto, la m\u00e1quina laminadora es una m\u00e1quina importante adecuada para el arte del hierro, la decoraci\u00f3n, la jardiner\u00eda, etc.<br \/>\nLos materiales de hierro se pueden enrollar en rollos de flores de \u03a630, \u03a640, \u03a650 mm de di\u00e1metro, que b\u00e1sicamente pueden cumplir con el hierro plano com\u00fan internacional, el acero redondo de acero cuadrado y el tubo redondo (el extremo de la cola debe procesarse en cola de pez) utilizado en el proceso de producci\u00f3n de Puertas, ventanas, pasamanos y barandales de estilo europeo.<br \/>\nEste laminador de bobinas de hierro fundamental hidr\u00e1ulico tiene las ventajas de un laminado r\u00e1pido, operaci\u00f3n conveniente, amplio rango de procesamiento, muchos materiales procesables, alta calidad de los rollos y alta eficiencia de producci\u00f3n.<br \/>\nServicio en l\u00ednea las 24 horas. \u00a1H\u00e1ganos saber si tiene alguna pregunta!<br \/>\n<strong>PAR\u00c1METRO T\u00c9CNICO<br \/>\n<\/strong><strong>Modelo :LC-CJ16<br \/>\nCapacidad m\u00e1xima de trabajo:<\/strong> Plancha calentada :10x50mm<br \/>\nAcero cuadrado \u226425x25mm<br \/>\nAcero redondo \u2264\u03a625mm<br \/>\nTubo redondo \u2264\u03a625mm<br \/>\n<strong>Fuerza:<\/strong> 1.1KW 6P<br \/>\n<strong>Voltaje:<\/strong>\u00a0220V\/380V\/415V<br \/>\n<strong>Dimensi\u00f3n de embalaje:<\/strong> 1000\u00d7600\u00d71300mm<br \/>\n<strong>NO (kg):<\/strong> 200\u00a0 \u00a0 \u00a0 <strong>GW (kg):<\/strong> 240<\/p>","protected":false},"featured_media":637,"template":"","meta":{"_kad_post_transparent":"default","_kad_post_title":"","_kad_post_layout":"default","_kad_post_sidebar_id":"","_kad_post_content_style":"default","_kad_post_vertical_padding":"default","_kad_post_feature":"","_kad_post_feature_position":"","_kad_post_header":false,"_kad_post_footer":false},"product_brand":[],"product_cat":[25,29],"product_tag":[160,158,155,153,152,159,124,157,156,154],"class_list":{"0":"post-631","1":"product","2":"type-product","3":"status-publish","4":"has-post-thumbnail","6":"product_cat-electric-make-coil-machine-for-metal-craft","7":"product_cat-electric-wrought-iron-processing-machine","8":"product_tag-automatic-blacksmith-coil-rolling-machine","9":"product_tag-buy-metal-craft-steel-coil-rolling-machine-ornament-iron-making-machine","10":"product_tag-electric-coil-rolling-machine","11":"product_tag-electric-making-coil-machine","12":"product_tag-iron-coils-making-machine","13":"product_tag-mechanical-metal-craft-flat-steel-coil-rolling-making-machine-price","14":"product_tag-metal-craft-steel-coil-rolling-machine","15":"product_tag-ornament-iron-making-machine","16":"product_tag-wrought-iron-coil-making","17":"product_tag-wrought-iron-electric-make-coil-machine-for-decorative","19":"first","20":"instock","21":"shipping-taxable","22":"product-type-simple","23":"entry","24":"content-bg","25":"loop-entry"},"_links":{"self":[{"href":"https:\/\/zzlcmachinery.com\/es\/wp-json\/wp\/v2\/product\/631","targetHints":{"allow":["GET"]}}],"collection":[{"href":"https:\/\/zzlcmachinery.com\/es\/wp-json\/wp\/v2\/product"}],"about":[{"href":"https:\/\/zzlcmachinery.com\/es\/wp-json\/wp\/v2\/types\/product"}],"version-history":[{"count":0,"href":"https:\/\/zzlcmachinery.com\/es\/wp-json\/wp\/v2\/product\/631\/revisions"}],"wp:featuredmedia":[{"embeddable":true,"href":"https:\/\/zzlcmachinery.com\/es\/wp-json\/wp\/v2\/media\/637"}],"wp:attachment":[{"href":"https:\/\/zzlcmachinery.com\/es\/wp-json\/wp\/v2\/media?parent=631"}],"wp:term":[{"taxonomy":"product_brand","embeddable":true,"href":"https:\/\/zzlcmachinery.com\/es\/wp-json\/wp\/v2\/product_brand?post=631"},{"taxonomy":"product_cat","embeddable":true,"href":"https:\/\/zzlcmachinery.com\/es\/wp-json\/wp\/v2\/product_cat?post=631"},{"taxonomy":"product_tag","embeddable":true,"href":"https:\/\/zzlcmachinery.com\/es\/wp-json\/wp\/v2\/product_tag?post=631"}],"curies":[{"name":"wp","href":"https:\/\/api.w.org\/{rel}","templated":true}]}}