{"id":618,"date":"2022-10-19T15:15:26","date_gmt":"2022-10-19T07:15:26","guid":{"rendered":"https:\/\/zzlcmachinery.com\/?post_type=product&#038;p=618"},"modified":"2022-11-22T15:59:15","modified_gmt":"2022-11-22T07:59:15","slug":"lc-gp40-high-frequency-metal-induction-heater-for-sale","status":"publish","type":"product","link":"https:\/\/zzlcmachinery.com\/es\/producto\/calentador-de-induccion-de-metal-de-alta-frecuencia-lc-gp40-para-la-venta\/","title":{"rendered":"Calentador de inducci\u00f3n de metal de alta frecuencia LC-GP40 a la venta"},"content":{"rendered":"","protected":false},"excerpt":{"rendered":"<p><strong>Venta de calentador de inducci\u00f3n de metal de alta frecuencia LC-GP40.<\/strong><br \/>\nLa nueva generaci\u00f3n de calentadores de alta frecuencia se compone de dos partes: anfitri\u00f3n de calefacci\u00f3n y dispositivo de refrigeraci\u00f3n. El tanque de agua agrandado y los cuatro ventiladores pueden hacer que la m\u00e1quina funcione durante m\u00e1s tiempo, incluso en \u00c1frica, donde la temperatura es muy alta en el mundo, se puede usar durante mucho tiempo.<br \/>\nEsta m\u00e1quina de calentamiento r\u00e1pido de metal. La fuente de alimentaci\u00f3n de la m\u00e1quina es continuamente ajustable de 2KW a 20KW. Se pueden seleccionar diferentes KW de acuerdo con diferentes tama\u00f1os de materiales, lo que ahorra mucha energ\u00eda. Por lo general, la m\u00e1quina est\u00e1 en estado de espera sin calefacci\u00f3n y no desperdicia electricidad. El dise\u00f1o de ahorro de electricidad es muy f\u00e1cil de usar.<br \/>\nAdem\u00e1s, la m\u00e1quina de calefacci\u00f3n de alta frecuencia est\u00e1 equipada con un interruptor de pie para liberar las manos del trabajador. Una persona sin experiencia puede aprender y operar esta m\u00e1quina en 10 minutos,<br \/>\nBajos costos de mantenimiento, solo necesita un poco de agua pura y aceite lubricante,<br \/>\nLa m\u00e1quina se puede utilizar no solo para calentar hierro ordinario, sino tambi\u00e9n para fundir oro y plata.<br \/>\nServicio en l\u00ednea las 24 horas. \u00a1H\u00e1ganos saber si tiene alguna pregunta!<br \/>\n<strong>PAR\u00c1METRO T\u00c9CNICO<br \/>\n<\/strong><strong>Modelo :LC-GPIV36<br \/>\nCapacidad m\u00e1xima de trabajo:<\/strong> Plancha\u22646x50mm<br \/>\nAcero cuadrado \u226420X20mm<br \/>\nAcero redondo\u226420mm<br \/>\n<strong>Fuerza:<\/strong>corriente el\u00e9ctrica de sobretensi\u00f3n de salida: 300A-1400A<br \/>\nCorriente el\u00e9ctrica de entrada: 5-36A<br \/>\n<strong>Voltaje:<\/strong> El rango de voltaje de entrada: 320-420v 50HZ<br \/>\n<strong>Dimensi\u00f3n de embalaje:<\/strong> 500x700x700mm +1200x600x800mm<br \/>\n<strong>NO (kg):<\/strong> 180\u00a0 \u00a0 <strong>GW (kg):<\/strong> 200<\/p>","protected":false},"featured_media":626,"template":"","meta":{"_kad_post_transparent":"default","_kad_post_title":"","_kad_post_layout":"default","_kad_post_sidebar_id":"","_kad_post_content_style":"default","_kad_post_vertical_padding":"default","_kad_post_feature":"","_kad_post_feature_position":"","_kad_post_header":false,"_kad_post_footer":false},"product_brand":[],"product_cat":[29,32],"product_tag":[149,147,150,145,146,151,148],"class_list":{"0":"post-618","1":"product","2":"type-product","3":"status-publish","4":"has-post-thumbnail","6":"product_cat-electric-wrought-iron-processing-machine","7":"product_cat-power-of-iron-effcient-heater","8":"product_tag-application-of-high-frequency-metal-induction-heater-for-sale","9":"product_tag-featured-metal-induction-heater-for-sale","10":"product_tag-high-frequency-metal-induction-heater-for-sale","11":"product_tag-induction-heating-equipment","12":"product_tag-induction-heating-machine-for-metal-forging","13":"product_tag-the-power-of-iron-effcient-heater","14":"product_tag-wrought-iron-machine-induction-heating-forging-equipment","16":"first","17":"instock","18":"shipping-taxable","19":"product-type-simple","20":"entry","21":"content-bg","22":"loop-entry"},"_links":{"self":[{"href":"https:\/\/zzlcmachinery.com\/es\/wp-json\/wp\/v2\/product\/618","targetHints":{"allow":["GET"]}}],"collection":[{"href":"https:\/\/zzlcmachinery.com\/es\/wp-json\/wp\/v2\/product"}],"about":[{"href":"https:\/\/zzlcmachinery.com\/es\/wp-json\/wp\/v2\/types\/product"}],"version-history":[{"count":0,"href":"https:\/\/zzlcmachinery.com\/es\/wp-json\/wp\/v2\/product\/618\/revisions"}],"wp:featuredmedia":[{"embeddable":true,"href":"https:\/\/zzlcmachinery.com\/es\/wp-json\/wp\/v2\/media\/626"}],"wp:attachment":[{"href":"https:\/\/zzlcmachinery.com\/es\/wp-json\/wp\/v2\/media?parent=618"}],"wp:term":[{"taxonomy":"product_brand","embeddable":true,"href":"https:\/\/zzlcmachinery.com\/es\/wp-json\/wp\/v2\/product_brand?post=618"},{"taxonomy":"product_cat","embeddable":true,"href":"https:\/\/zzlcmachinery.com\/es\/wp-json\/wp\/v2\/product_cat?post=618"},{"taxonomy":"product_tag","embeddable":true,"href":"https:\/\/zzlcmachinery.com\/es\/wp-json\/wp\/v2\/product_tag?post=618"}],"curies":[{"name":"wp","href":"https:\/\/api.w.org\/{rel}","templated":true}]}}