{"id":608,"date":"2022-10-18T17:16:42","date_gmt":"2022-10-18T09:16:42","guid":{"rendered":"https:\/\/zzlcmachinery.com\/?post_type=product&#038;p=608"},"modified":"2022-11-22T17:02:01","modified_gmt":"2022-11-22T09:02:01","slug":"iron-efficient-power-heater-for-wrought-iron","status":"publish","type":"product","link":"https:\/\/zzlcmachinery.com\/es\/producto\/iron-efficient-power-heater-for-wrought-iron\/","title":{"rendered":"Calentador de energ\u00eda eficiente de hierro para hierro forjado"},"content":{"rendered":"","protected":false},"excerpt":{"rendered":"<p>Calentador de energ\u00eda eficiente de hierro para hierro forjado de f\u00e1brica para artesan\u00eda de metal.<br \/>\nEl calentador de inducci\u00f3n de metal es un m\u00e9todo de calentamiento r\u00e1pido, seguro y eficiente ampliamente utilizado en la industria de procesamiento y forja de metales. El equipo adopta calentamiento por inducci\u00f3n de alta frecuencia, refrigeraci\u00f3n por agua circulante, refrigeraci\u00f3n por ventilador y otras tecnolog\u00edas para permitir que la m\u00e1quina se caliente continuamente durante mucho tiempo. La m\u00e1quina de calentamiento de alta frecuencia se usa ampliamente en la forja de metales, como el calentamiento de hierro plano, acero cuadrado, acero redondo en ingenier\u00eda de calentamiento de arte del hierro, calentamiento de piezas en el proceso de enfriamiento,<br \/>\nLa mayor ventaja de esta m\u00e1quina es que puede completar el calentamiento de acero cuadrado de 16x16 mm en 5 segundos, con menos consumo de energ\u00eda, calentamiento r\u00e1pido, protecci\u00f3n de seguridad y bobinas de calentamiento de repuesto. Es muy querido por los herreros y las f\u00e1bricas de procesamiento de puertas y ventanas.<br \/>\nServicio en l\u00ednea las 24 horas. \u00a1H\u00e1ganos saber si tiene alguna pregunta!<br \/>\n<strong>PAR\u00c1METRO T\u00c9CNICO<br \/>\n<\/strong><strong>Modelo :LC-GPIV36<br \/>\nCapacidad m\u00e1xima de trabajo:<\/strong> Plancha\u226410x50mm<br \/>\nAcero cuadrado \u226420X20mm<br \/>\nOtra pieza de trabajo di\u00e1metro\u226430mm<br \/>\n<strong>Fuerza:<\/strong>corriente el\u00e9ctrica de sobretensi\u00f3n de salida: 300A-1400A<br \/>\nCorriente el\u00e9ctrica de entrada: 4-36A<br \/>\n<strong>Voltaje:<\/strong> El rango de voltaje de entrada: 320-420v 50HZ<br \/>\n<strong>Dimensi\u00f3n de embalaje:<\/strong> 1050\u00d7680\u00d71520mm<br \/>\n<strong>NO (kg):<\/strong> 230\u00a0 \u00a0 \u00a0<strong>GW (kg):<\/strong> 260<\/p>","protected":false},"featured_media":610,"template":"","meta":{"_kad_post_transparent":"default","_kad_post_title":"","_kad_post_layout":"default","_kad_post_sidebar_id":"","_kad_post_content_style":"default","_kad_post_vertical_padding":"default","_kad_post_feature":"","_kad_post_feature_position":"","_kad_post_header":false,"_kad_post_footer":false},"product_brand":[],"product_cat":[29,32],"product_tag":[140,136,138,142,137,144,139,141,143],"class_list":{"0":"post-608","1":"product","2":"type-product","3":"status-publish","4":"has-post-thumbnail","6":"product_cat-electric-wrought-iron-processing-machine","7":"product_cat-power-of-iron-effcient-heater","8":"product_tag-china-the-power-of-iron-efficient-heate","9":"product_tag-high-frequency-heating-machine","10":"product_tag-iron-efficient-power-heater","11":"product_tag-metal-craft-machines","12":"product_tag-ornamental-iron-machine","13":"product_tag-reliable-quality-iron-effcient-heater","14":"product_tag-the-power-of-iron-efficienet-heater","15":"product_tag-wholesale-el-gp-iv-36-the-power-machine-of-iron-efficient-heater","16":"product_tag-wrought-iron-heating-machine","18":"first","19":"instock","20":"shipping-taxable","21":"product-type-simple","22":"entry","23":"content-bg","24":"loop-entry"},"_links":{"self":[{"href":"https:\/\/zzlcmachinery.com\/es\/wp-json\/wp\/v2\/product\/608","targetHints":{"allow":["GET"]}}],"collection":[{"href":"https:\/\/zzlcmachinery.com\/es\/wp-json\/wp\/v2\/product"}],"about":[{"href":"https:\/\/zzlcmachinery.com\/es\/wp-json\/wp\/v2\/types\/product"}],"version-history":[{"count":0,"href":"https:\/\/zzlcmachinery.com\/es\/wp-json\/wp\/v2\/product\/608\/revisions"}],"wp:featuredmedia":[{"embeddable":true,"href":"https:\/\/zzlcmachinery.com\/es\/wp-json\/wp\/v2\/media\/610"}],"wp:attachment":[{"href":"https:\/\/zzlcmachinery.com\/es\/wp-json\/wp\/v2\/media?parent=608"}],"wp:term":[{"taxonomy":"product_brand","embeddable":true,"href":"https:\/\/zzlcmachinery.com\/es\/wp-json\/wp\/v2\/product_brand?post=608"},{"taxonomy":"product_cat","embeddable":true,"href":"https:\/\/zzlcmachinery.com\/es\/wp-json\/wp\/v2\/product_cat?post=608"},{"taxonomy":"product_tag","embeddable":true,"href":"https:\/\/zzlcmachinery.com\/es\/wp-json\/wp\/v2\/product_tag?post=608"}],"curies":[{"name":"wp","href":"https:\/\/api.w.org\/{rel}","templated":true}]}}