{"id":596,"date":"2022-10-16T20:39:30","date_gmt":"2022-10-16T12:39:30","guid":{"rendered":"https:\/\/zzlcmachinery.com\/?post_type=product&#038;p=596"},"modified":"2022-11-22T16:51:37","modified_gmt":"2022-11-22T08:51:37","slug":"wrought-iron-hydraulic-moulder-machine-for-metal-craft","status":"publish","type":"product","link":"https:\/\/zzlcmachinery.com\/es\/producto\/wrought-iron-hydraulic-moulder-machine-for-metal-craft\/","title":{"rendered":"Moldeadora hidr\u00e1ulica de hierro forjado para artesan\u00eda en metal"},"content":{"rendered":"","protected":false},"excerpt":{"rendered":"<p>M\u00e1quina moldeadora hidr\u00e1ulica de hierro forjado LCDY16 para artesan\u00eda de metal para hierro forjado con precio de f\u00e1brica. Esta m\u00e1quina puede procesar y doblar acero cuadrado, acero redondo y hierro plano. Tiene tres funciones: arco de flexi\u00f3n, enderezamiento y flexi\u00f3n de \u00e1ngulo. El mecanismo se puede doblar en varios \u00e1ngulos. Alta eficiencia de producci\u00f3n, los productos se pueden producir en lotes, es un equipo ideal para decoraci\u00f3n, muebles, jardines municipales, construcci\u00f3n y herrer\u00edas de puertas y ventanas.<br \/>\nLa m\u00e1quina lo acompa\u00f1a aleatoriamente para romper 4 juegos de moldes libres (1 juego para doblar \u00e1ngulos y moldes redondos para hervir a fuego lento, 1 juego para enderezar y alinear arcos, 2 juegos para formar moldes) y hay moldes para que los clientes elijan.<br \/>\nServicio en l\u00ednea las 24 horas. \u00a1H\u00e1ganos saber si tiene alguna pregunta!<br \/>\n<strong>PAR\u00c1METRO T\u00c9CNICO<br \/>\n<\/strong><strong>Modelo :LC-DY16A<br \/>\nCapacidad m\u00e1xima de trabajo:<\/strong> Plancha\u226410x50mm<br \/>\nAcero redondo \u2264\u03a616mm Acero cuadrado\u226416x16mm<br \/>\n<strong>Fuerza:<\/strong>7.5KW<br \/>\n<strong>Voltaje:<\/strong>\u00a0220V\/380V\/415V<br \/>\n<strong>Dimensi\u00f3n de embalaje:<\/strong> 1250\u00d7820\u00d71100mm<br \/>\n<strong>NO (kg):<\/strong> 750\u00a0 \u00a0 \u00a0 <strong>GW (kg):<\/strong> 850<\/p>","protected":false},"featured_media":599,"template":"","meta":{"_kad_post_transparent":"default","_kad_post_title":"","_kad_post_layout":"default","_kad_post_sidebar_id":"","_kad_post_content_style":"default","_kad_post_vertical_padding":"default","_kad_post_feature":"","_kad_post_feature_position":"","_kad_post_header":false,"_kad_post_footer":false},"product_brand":[],"product_cat":[29,23],"product_tag":[135,134,133,132,131,130,129,128],"class_list":{"0":"post-596","1":"product","2":"type-product","3":"status-publish","4":"has-post-thumbnail","6":"product_cat-electric-wrought-iron-processing-machine","7":"product_cat-wrought-iron-hydraulic-moulder","8":"product_tag-anbang-wrought-iron-hydraulic-moulder-blacksmith-machine","9":"product_tag-blacksmith-equipengt","10":"product_tag-buy-metal-craft-hydraulic-moulder","11":"product_tag-finished-prodect-of-wrought-iron-bending-machine","12":"product_tag-hydraulic-bending-machine","13":"product_tag-hydraulic-moulder-reputable-wrought-iron-supplier","14":"product_tag-metal-craft-hydraulic-moulder","15":"product_tag-moulds-of-hydraulic-moulder-machine-for-wrought-iron","17":"first","18":"instock","19":"shipping-taxable","20":"product-type-simple","21":"entry","22":"content-bg","23":"loop-entry"},"_links":{"self":[{"href":"https:\/\/zzlcmachinery.com\/es\/wp-json\/wp\/v2\/product\/596","targetHints":{"allow":["GET"]}}],"collection":[{"href":"https:\/\/zzlcmachinery.com\/es\/wp-json\/wp\/v2\/product"}],"about":[{"href":"https:\/\/zzlcmachinery.com\/es\/wp-json\/wp\/v2\/types\/product"}],"version-history":[{"count":0,"href":"https:\/\/zzlcmachinery.com\/es\/wp-json\/wp\/v2\/product\/596\/revisions"}],"wp:featuredmedia":[{"embeddable":true,"href":"https:\/\/zzlcmachinery.com\/es\/wp-json\/wp\/v2\/media\/599"}],"wp:attachment":[{"href":"https:\/\/zzlcmachinery.com\/es\/wp-json\/wp\/v2\/media?parent=596"}],"wp:term":[{"taxonomy":"product_brand","embeddable":true,"href":"https:\/\/zzlcmachinery.com\/es\/wp-json\/wp\/v2\/product_brand?post=596"},{"taxonomy":"product_cat","embeddable":true,"href":"https:\/\/zzlcmachinery.com\/es\/wp-json\/wp\/v2\/product_cat?post=596"},{"taxonomy":"product_tag","embeddable":true,"href":"https:\/\/zzlcmachinery.com\/es\/wp-json\/wp\/v2\/product_tag?post=596"}],"curies":[{"name":"wp","href":"https:\/\/api.w.org\/{rel}","templated":true}]}}