{"id":573,"date":"2022-10-15T19:38:39","date_gmt":"2022-10-15T11:38:39","guid":{"rendered":"https:\/\/zzlcmachinery.com\/?post_type=product&#038;p=573"},"modified":"2022-11-22T16:46:50","modified_gmt":"2022-11-22T08:46:50","slug":"lc-dn25d-program-controlled-metal-twisting-wrought-iron-machine","status":"publish","type":"product","link":"https:\/\/zzlcmachinery.com\/es\/producto\/lc-dn25d-program-controlled-metal-twisting-wrought-iron-machine\/","title":{"rendered":"M\u00e1quina de hierro forjado para torsi\u00f3n de metal controlada por programa LC-DN25D"},"content":{"rendered":"","protected":false},"excerpt":{"rendered":"<p>La ventaja m\u00e1s destacada de la m\u00e1quina de torsi\u00f3n de hierro forjado de metal controlada por programa LC-DN25D es que no solo tiene funci\u00f3n de torsi\u00f3n sino que tambi\u00e9n puede procesar flores de jaula de p\u00e1jaros.<br \/>\nLa m\u00e1quina se utiliza para puertas, ventanas, pasamanos y procesamiento de metal de hierro de estilo art\u00edstico europeo. Los materiales de procesamiento incluyen hierro plano, acero redondo y acero cuadrado de tama\u00f1os comunes internacionales. La m\u00e1quina ya ha configurado el programa de procesamiento y los clientes tambi\u00e9n pueden cambiar a sus propios programas. configuraci\u00f3n.<br \/>\nLa m\u00e1quina dar\u00e1 13 juegos de moldes gratis al azar, y se puede reemplazar un molde nuevo en 5 minutos.<\/p>\n<p>Los giros con una longitud de 200-800 mm se pueden torcer, y aquellos con una longitud de m\u00e1s de 800 mm se pueden torcer en secciones. alta productividad.<\/p>\n<p>Servicio en l\u00ednea las 24 horas. \u00a1H\u00e1ganos saber si tiene alguna pregunta!<br \/>\n<strong>PAR\u00c1METRO T\u00c9CNICO<br \/>\n<\/strong><strong>Modelo: LC-DN25C<br \/>\nCapacidad m\u00e1xima de trabajo:<\/strong> Longitud\u2264200-800 mm<br \/>\n<strong>Acero cuadrado<\/strong> \u226425\u00d725mm<br \/>\n<strong>plancha<\/strong> \u226430x8mm<br \/>\n<strong>Fuerza:<\/strong> 4KW<br \/>\n<strong>Para troqueles gratis:<\/strong>6 juegos de troqueles cuadrados de acero, 3 juegos de troqueles de hierro plano<br \/>\n<strong>Voltaje:<\/strong>\u00a0220V\/380V\/415V<br \/>\n<strong>Dimensi\u00f3n de embalaje:<\/strong> 1400\u00d7620\u00d71100mm<br \/>\n<strong>NO (kg):<\/strong> 550\u00a0 \u00a0 \u00a0 <strong>GW (kg):<\/strong> 600<\/p>","protected":false},"featured_media":583,"template":"","meta":{"_kad_post_transparent":"default","_kad_post_title":"","_kad_post_layout":"default","_kad_post_sidebar_id":"","_kad_post_content_style":"default","_kad_post_vertical_padding":"default","_kad_post_feature":"","_kad_post_feature_position":"","_kad_post_header":false,"_kad_post_footer":false},"product_brand":[],"product_cat":[20,29],"product_tag":[122,123,121,119,120,115,114,116,117,118,111],"class_list":{"0":"post-573","1":"product","2":"type-product","3":"status-publish","4":"has-post-thumbnail","6":"product_cat-wrought-iron-twisting-machine","7":"product_cat-electric-wrought-iron-processing-machine","8":"product_tag-basket-flower-making-machine-for-wrought-iron","9":"product_tag-basket-twister-machine","10":"product_tag-buy-iron-twisting-machine-at-best-price","11":"product_tag-electric-wrought-iron-square-bar-twisting-machine","12":"product_tag-finished-product-of-metal-twister","13":"product_tag-lanchen-wrought-iron-machine-for-twist-square-steel-and-flat-iron","14":"product_tag-lc-dn25d-program-controlled-metal-twisting-wrought-iron-machine","15":"product_tag-metal-twisting-machine-for-sale","16":"product_tag-metal-twisting-wrought-iron-machine","17":"product_tag-twisting-mchine-for-metal-craft-precessing","18":"product_tag-wrought-iron-machine","20":"first","21":"instock","22":"shipping-taxable","23":"product-type-simple","24":"entry","25":"content-bg","26":"loop-entry"},"_links":{"self":[{"href":"https:\/\/zzlcmachinery.com\/es\/wp-json\/wp\/v2\/product\/573","targetHints":{"allow":["GET"]}}],"collection":[{"href":"https:\/\/zzlcmachinery.com\/es\/wp-json\/wp\/v2\/product"}],"about":[{"href":"https:\/\/zzlcmachinery.com\/es\/wp-json\/wp\/v2\/types\/product"}],"version-history":[{"count":0,"href":"https:\/\/zzlcmachinery.com\/es\/wp-json\/wp\/v2\/product\/573\/revisions"}],"wp:featuredmedia":[{"embeddable":true,"href":"https:\/\/zzlcmachinery.com\/es\/wp-json\/wp\/v2\/media\/583"}],"wp:attachment":[{"href":"https:\/\/zzlcmachinery.com\/es\/wp-json\/wp\/v2\/media?parent=573"}],"wp:term":[{"taxonomy":"product_brand","embeddable":true,"href":"https:\/\/zzlcmachinery.com\/es\/wp-json\/wp\/v2\/product_brand?post=573"},{"taxonomy":"product_cat","embeddable":true,"href":"https:\/\/zzlcmachinery.com\/es\/wp-json\/wp\/v2\/product_cat?post=573"},{"taxonomy":"product_tag","embeddable":true,"href":"https:\/\/zzlcmachinery.com\/es\/wp-json\/wp\/v2\/product_tag?post=573"}],"curies":[{"name":"wp","href":"https:\/\/api.w.org\/{rel}","templated":true}]}}