{"id":552,"date":"2022-09-26T18:37:04","date_gmt":"2022-09-26T10:37:04","guid":{"rendered":"https:\/\/zzlcmachinery.com\/?post_type=product&#038;p=552"},"modified":"2022-11-22T16:42:46","modified_gmt":"2022-11-22T08:42:46","slug":"lc-dn25c-metal-processing-equipment-steel-bar-twisting-machine-for-wrought-iron","status":"publish","type":"product","link":"https:\/\/zzlcmachinery.com\/es\/producto\/lc-dn25c-metal-processing-equipment-steel-bar-twisting-machine-for-wrought-iron\/","title":{"rendered":"M\u00e1quina de torsi\u00f3n de la barra de acero del equipo de procesamiento de metales LC-DN25C para el hierro labrado"},"content":{"rendered":"","protected":false},"excerpt":{"rendered":"<p>Equipo de procesamiento de metales LC-DN25C M\u00e1quina torsionadora de barras de acero para hierro forjado utilizada principalmente para el procesamiento de metales de hierro, como hierro plano, acero redondo, acero cuadrado, la m\u00e1quina tiene configuraci\u00f3n manual y funciones de procesamiento de repetici\u00f3n autom\u00e1tica, que pueden garantizar la uniformidad del procesamiento del producto , reduce el tiempo de trabajo y la intensidad del trabajo, es una cuesti\u00f3n simple hacer el procesamiento de metales de las mismas especificaciones en lotes.<br \/>\nLa velocidad del husillo es uniforme, la flexi\u00f3n gruesa y garantiza que el perfil m\u00e1s peque\u00f1o y la m\u00e1quina puedan ejercer su m\u00e1xima capacidad de trabajo. La m\u00e1quina de torsi\u00f3n da aleatoriamente 9 juegos de moldes gratis, y 5 minutos son suficientes para reemplazar un molde nuevo. La capacidad m\u00e1xima de procesamiento de la m\u00e1quina de torsi\u00f3n de matel es acero cuadrado de 25x25 mm, hierro plano de 30x8 mm.<br \/>\nTwist con una longitud de 200-800 mm, el material se puede torcer, y aquellos con una longitud de m\u00e1s de 800 mm se pueden torcer en secciones. Alta eficiencia de producci\u00f3n, se pueden torcer 600 piezas de acero cuadrado de 12x12 mm por hora.<br \/>\nServicio en l\u00ednea las 24 horas. \u00a1H\u00e1ganos saber si tiene alguna pregunta!<br \/>\n<strong>PAR\u00c1METRO T\u00c9CNICO<br \/>\n<\/strong><strong>Modelo: LC-DN25C<br \/>\nCapacidad m\u00e1xima de trabajo:<\/strong> Longitud\u2264200-800 mm<br \/>\n<strong>Acero cuadrado<\/strong> \u226425\u00d725mm<br \/>\n<strong>plancha<\/strong> \u226430x8mm<br \/>\n<strong>Fuerza:<\/strong> 4KW<br \/>\n<strong>Para troqueles gratis:<\/strong>6 juegos de troqueles cuadrados de acero, 3 juegos de troqueles de hierro plano<br \/>\n<strong>Voltaje:<\/strong>\u00a0220V\/380V\/415V<br \/>\n<strong>Dimensi\u00f3n de embalaje:<\/strong> 1400\u00d7620\u00d71100mm<br \/>\n<strong>NO (kg):<\/strong> 550\u00a0 \u00a0 \u00a0 <strong>GW (kg):<\/strong> 600<\/p>","protected":false},"featured_media":572,"template":"","meta":{"_kad_post_transparent":"default","_kad_post_title":"","_kad_post_layout":"default","_kad_post_sidebar_id":"","_kad_post_content_style":"default","_kad_post_vertical_padding":"default","_kad_post_feature":"","_kad_post_feature_position":"","_kad_post_header":false,"_kad_post_footer":false},"product_brand":[],"product_cat":[20,29],"product_tag":[113,112,107,108,109,110,111,106],"class_list":{"0":"post-552","1":"product","2":"type-product","3":"status-publish","4":"has-post-thumbnail","6":"product_cat-wrought-iron-twisting-machine","7":"product_cat-electric-wrought-iron-processing-machine","8":"product_tag-basket-iron-metal-twisting-machine","9":"product_tag-electric-twist-machine","10":"product_tag-electric-wrought-iron-end-folding-machine-for-sale","11":"product_tag-iron-bar-twisting-machine","12":"product_tag-torsion-and-twisting-machine","13":"product_tag-twisting-bending-machine","14":"product_tag-wrought-iron-machine","15":"product_tag-wrought-iron-picket-basket-twister-machine","17":"first","18":"instock","19":"shipping-taxable","20":"product-type-simple","21":"entry","22":"content-bg","23":"loop-entry"},"_links":{"self":[{"href":"https:\/\/zzlcmachinery.com\/es\/wp-json\/wp\/v2\/product\/552","targetHints":{"allow":["GET"]}}],"collection":[{"href":"https:\/\/zzlcmachinery.com\/es\/wp-json\/wp\/v2\/product"}],"about":[{"href":"https:\/\/zzlcmachinery.com\/es\/wp-json\/wp\/v2\/types\/product"}],"version-history":[{"count":0,"href":"https:\/\/zzlcmachinery.com\/es\/wp-json\/wp\/v2\/product\/552\/revisions"}],"wp:featuredmedia":[{"embeddable":true,"href":"https:\/\/zzlcmachinery.com\/es\/wp-json\/wp\/v2\/media\/572"}],"wp:attachment":[{"href":"https:\/\/zzlcmachinery.com\/es\/wp-json\/wp\/v2\/media?parent=552"}],"wp:term":[{"taxonomy":"product_brand","embeddable":true,"href":"https:\/\/zzlcmachinery.com\/es\/wp-json\/wp\/v2\/product_brand?post=552"},{"taxonomy":"product_cat","embeddable":true,"href":"https:\/\/zzlcmachinery.com\/es\/wp-json\/wp\/v2\/product_cat?post=552"},{"taxonomy":"product_tag","embeddable":true,"href":"https:\/\/zzlcmachinery.com\/es\/wp-json\/wp\/v2\/product_tag?post=552"}],"curies":[{"name":"wp","href":"https:\/\/api.w.org\/{rel}","templated":true}]}}