{"id":544,"date":"2022-09-26T16:25:38","date_gmt":"2022-09-26T08:25:38","guid":{"rendered":"https:\/\/zzlcmachinery.com\/?post_type=product&#038;p=544"},"modified":"2023-02-09T20:13:17","modified_gmt":"2023-02-09T12:13:17","slug":"lc-c3-electric-hydraulic-pipe-bender-manufacturers-suppliers","status":"publish","type":"product","link":"https:\/\/zzlcmachinery.com\/es\/producto\/lc-c3-electrico-hidraulico-doblador-de-tubos-fabricantes-proveedores\/","title":{"rendered":"Fabricantes y proveedores de dobladoras de tubos hidr\u00e1ulicas el\u00e9ctricas LC-C3"},"content":{"rendered":"","protected":false},"excerpt":{"rendered":"<p>La principal fuente de energ\u00eda para los fabricantes y proveedores de la m\u00e1quina dobladora de tubos hidr\u00e1ulica-hidr\u00e1ulica el\u00e9ctrica LC-C3 es el sistema hidr\u00e1ulico,<br \/>\nLa funci\u00f3n principal es que se puede utilizar para procesar tubos curvos cuadrados y redondos. Solo se necesita que una persona pueda operar y controlar toda la m\u00e1quina, y el molde se puede reemplazar en 5 minutos, lo que ahorra costos de mano de obra. Los productos procesados son ampliamente utilizados en la producci\u00f3n de puertas, ventanas y barandillas. La m\u00e1quina no necesita colocar cimientos y se puede mover y transportar, lo que puede satisfacer las necesidades de los clientes. \u00daselo en varios lugares de trabajo.<br \/>\nLa m\u00e1quina lleva un conjunto de 9 moldes combinados al azar, y los moldes se pueden personalizar de forma gratuita seg\u00fan el tama\u00f1o del material del cliente.<br \/>\nServicio en l\u00ednea las 24 horas. \u00a1H\u00e1ganos saber si tiene alguna pregunta!<br \/>\n<strong>PAR\u00c1METRO T\u00c9CNICO<br \/>\n<\/strong><strong>Modelo :LC-C3<\/strong><br \/>\n<strong>Acero redondo:<\/strong> \u03c616mm-76mm<br \/>\n<strong>Acero cuadrado:<\/strong> \u226415\u00d715mm-80x80mm<br \/>\n<strong>Fuerza:<\/strong> 2.2KW<br \/>\n<strong>Voltaje:<\/strong>\u00a0220V\/380V\/415V<br \/>\n<strong>Dimensi\u00f3n de embalaje:<\/strong> 1000x700x1000mm<br \/>\n<strong>NO (kg):<\/strong> 404<br \/>\n<strong>GW (kg):<\/strong> 450<\/p>","protected":false},"featured_media":546,"template":"","meta":{"_kad_post_transparent":"default","_kad_post_title":"","_kad_post_layout":"default","_kad_post_sidebar_id":"","_kad_post_content_style":"default","_kad_post_vertical_padding":"default","_kad_post_feature":"","_kad_post_feature_position":"","_kad_post_header":false,"_kad_post_footer":false},"product_brand":[],"product_cat":[30,26],"product_tag":[91,93,95,98,102,103,104,105],"class_list":{"0":"post-544","1":"product","2":"type-product","3":"status-publish","4":"has-post-thumbnail","6":"product_cat-electric-pipe-processing-machine","7":"product_cat-electric-pipe-bending-machine","8":"product_tag-electric-hydraulic-pipe-bender-manufacturers-suppliers","9":"product_tag-electric-pipe-bender","10":"product_tag-electric-pipe-benders-for-sale","11":"product_tag-hydraulic-pipe-bender-for-sale","12":"product_tag-round-pipe-and-square-tube-moulds-for-pipe-bending-machine","13":"product_tag-round-pipe-bending-machine-for-sale","14":"product_tag-square-tube-bender-for-sale","15":"product_tag-tube-pipe-bending-machine-withe-cheapest-price","17":"first","18":"instock","19":"shipping-taxable","20":"product-type-simple","21":"entry","22":"content-bg","23":"loop-entry"},"_links":{"self":[{"href":"https:\/\/zzlcmachinery.com\/es\/wp-json\/wp\/v2\/product\/544","targetHints":{"allow":["GET"]}}],"collection":[{"href":"https:\/\/zzlcmachinery.com\/es\/wp-json\/wp\/v2\/product"}],"about":[{"href":"https:\/\/zzlcmachinery.com\/es\/wp-json\/wp\/v2\/types\/product"}],"version-history":[{"count":0,"href":"https:\/\/zzlcmachinery.com\/es\/wp-json\/wp\/v2\/product\/544\/revisions"}],"wp:featuredmedia":[{"embeddable":true,"href":"https:\/\/zzlcmachinery.com\/es\/wp-json\/wp\/v2\/media\/546"}],"wp:attachment":[{"href":"https:\/\/zzlcmachinery.com\/es\/wp-json\/wp\/v2\/media?parent=544"}],"wp:term":[{"taxonomy":"product_brand","embeddable":true,"href":"https:\/\/zzlcmachinery.com\/es\/wp-json\/wp\/v2\/product_brand?post=544"},{"taxonomy":"product_cat","embeddable":true,"href":"https:\/\/zzlcmachinery.com\/es\/wp-json\/wp\/v2\/product_cat?post=544"},{"taxonomy":"product_tag","embeddable":true,"href":"https:\/\/zzlcmachinery.com\/es\/wp-json\/wp\/v2\/product_tag?post=544"}],"curies":[{"name":"wp","href":"https:\/\/api.w.org\/{rel}","templated":true}]}}