{"id":505,"date":"2022-09-19T20:51:29","date_gmt":"2022-09-19T12:51:29","guid":{"rendered":"https:\/\/zzlcmachinery.com\/?post_type=product&#038;p=505"},"modified":"2022-11-22T16:11:14","modified_gmt":"2022-11-22T08:11:14","slug":"lc-dw16e-wrought-iron-scroll-forming-machine-with-factory-price","status":"publish","type":"product","link":"https:\/\/zzlcmachinery.com\/es\/producto\/lc-dw16e-wrought-iron-scroll-forming-machine-with-factory-price\/","title":{"rendered":"M\u00e1quina formadora de rollos de hierro forjado LC-DW16E con precio de f\u00e1brica"},"content":{"rendered":"","protected":false},"excerpt":{"rendered":"<p>La m\u00e1quina formadora de rollos de hierro forjado LC-DW16E con precio de f\u00e1brica es diferente de LC-DW16C y LC-DW16D. La ruleta y el brazo de bloqueo se han actualizado. Esta m\u00e1quina no solo conserva la capacidad de procesamiento de la forma de dosificaci\u00f3n original, sino que tambi\u00e9n combina 6 moldes extra grandes, lo que aumenta el tama\u00f1o. Por lo tanto, el tama\u00f1o del patr\u00f3n procesado es mucho m\u00e1s grande y la operaci\u00f3n es m\u00e1s conveniente. Es una buena opci\u00f3n para los talleres de herrer\u00eda y las f\u00e1bricas de procesamiento de metales para expandir el rango de procesamiento de la m\u00e1quina.<br \/>\nServicio en l\u00ednea las 24 horas. \u00a1H\u00e1ganos saber si tiene alguna pregunta!<br \/>\n<strong>PAR\u00c1METRO T\u00c9CNICO<br \/>\n<\/strong><strong>Modelo :LC-DW16E<br \/>\nPlancha:<\/strong> \u22648\u00d750 mm<br \/>\n<strong>Acero redondo:<\/strong> \u03c616mm<br \/>\n<strong>Acero cuadrado:<\/strong> \u226416 \u00d7 16 mm<br \/>\n<strong>Velocidad de procesamiento:<\/strong> 500 piezas \/H<br \/>\n<strong>Fuerza:<\/strong> 2.2KW<br \/>\n<strong>Voltaje:<\/strong>\u00a0220V\/380V\/415V<br \/>\n<strong>Dimensi\u00f3n de embalaje:<\/strong> 1900\u00d7710\u00d71420mm<br \/>\n<strong>NO (kg):<\/strong> 1180<br \/>\n<strong>GW (kg):<\/strong> 1300<\/p>","protected":false},"featured_media":498,"template":"","meta":{"_kad_post_transparent":"default","_kad_post_title":"","_kad_post_layout":"default","_kad_post_sidebar_id":"","_kad_post_content_style":"default","_kad_post_vertical_padding":"default","_kad_post_feature":"","_kad_post_feature_position":"","_kad_post_header":false,"_kad_post_footer":false},"product_brand":[],"product_cat":[29,27],"product_tag":[77,76,70,78,71,49,74,66,72,73],"class_list":{"0":"post-505","1":"product","2":"type-product","3":"status-publish","4":"has-post-thumbnail","6":"product_cat-electric-wrought-iron-processing-machine","7":"product_cat-electric-scroll-bending-machine","8":"product_tag-dies-for-scrolling-bending-machine","9":"product_tag-electric-flat-iron-scroll-bending-machine","10":"product_tag-electric-ornamental-bender","11":"product_tag-electric-round-steell-scroll-bending-machine","12":"product_tag-electric-scroll-benders","13":"product_tag-electric-scroll-bending-machine","14":"product_tag-electric-square-steel-scroll-bending-machine","15":"product_tag-metal-roller-bender-for-sale","16":"product_tag-metal-scroll-bender","17":"product_tag-wrought-iron-scrolling","19":"first","20":"instock","21":"shipping-taxable","22":"product-type-simple","23":"entry","24":"content-bg","25":"loop-entry"},"_links":{"self":[{"href":"https:\/\/zzlcmachinery.com\/es\/wp-json\/wp\/v2\/product\/505","targetHints":{"allow":["GET"]}}],"collection":[{"href":"https:\/\/zzlcmachinery.com\/es\/wp-json\/wp\/v2\/product"}],"about":[{"href":"https:\/\/zzlcmachinery.com\/es\/wp-json\/wp\/v2\/types\/product"}],"version-history":[{"count":0,"href":"https:\/\/zzlcmachinery.com\/es\/wp-json\/wp\/v2\/product\/505\/revisions"}],"wp:featuredmedia":[{"embeddable":true,"href":"https:\/\/zzlcmachinery.com\/es\/wp-json\/wp\/v2\/media\/498"}],"wp:attachment":[{"href":"https:\/\/zzlcmachinery.com\/es\/wp-json\/wp\/v2\/media?parent=505"}],"wp:term":[{"taxonomy":"product_brand","embeddable":true,"href":"https:\/\/zzlcmachinery.com\/es\/wp-json\/wp\/v2\/product_brand?post=505"},{"taxonomy":"product_cat","embeddable":true,"href":"https:\/\/zzlcmachinery.com\/es\/wp-json\/wp\/v2\/product_cat?post=505"},{"taxonomy":"product_tag","embeddable":true,"href":"https:\/\/zzlcmachinery.com\/es\/wp-json\/wp\/v2\/product_tag?post=505"}],"curies":[{"name":"wp","href":"https:\/\/api.w.org\/{rel}","templated":true}]}}