{"id":491,"date":"2022-09-18T23:48:30","date_gmt":"2022-09-18T15:48:30","guid":{"rendered":"https:\/\/zzlcmachinery.com\/?post_type=product&#038;p=491"},"modified":"2022-11-22T16:09:22","modified_gmt":"2022-11-22T08:09:22","slug":"lc-f3-decorative-automatic-blacksmith-fishtail-making-machine-for-sale","status":"publish","type":"product","link":"https:\/\/zzlcmachinery.com\/es\/producto\/lc-f3-decorative-automatic-blacksmith-fishtail-making-machine-for-sale\/","title":{"rendered":"LC-F3 M\u00e1quina decorativa autom\u00e1tica para hacer cola de pez de herrero a la venta"},"content":{"rendered":"","protected":false},"excerpt":{"rendered":"<p>LC-F3 M\u00e1quina decorativa autom\u00e1tica para fabricar cola de pez de herrero a la venta. Esta m\u00e1quina se puede usar directamente para procesar hierro plano, acero redondo y acero cuadrado, sin necesidad de aplanar el material, porque el producto procesado es similar a la cola de un pez. por lo que se llama m\u00e1quina para hacer cola de pescado. Esta m\u00e1quina procesadora de cola de pescado est\u00e1 equipada con un cicl\u00f3n reductor, que tiene un gran par. Una forma especial de transmisi\u00f3n de par entre la caja de cambios y el \u00e1rea de trabajo. Garantizar un funcionamiento fluido y fiable de la maquinaria. La m\u00e1quina tiene un dispositivo de posicionamiento de calibre y la longitud de alimentaci\u00f3n se puede configurar seg\u00fan sea necesario. Puede fabricar 300 piezas de colas de pescado de 8x40 mm por hora, y la alta eficiencia de producci\u00f3n crea las condiciones necesarias para la producci\u00f3n en masa de puertas y ventanas.<br \/>\nServicio en l\u00ednea las 24 horas. \u00a1H\u00e1ganos saber si tiene alguna pregunta!<br \/>\n<strong>PAR\u00c1METRO T\u00c9CNICO<br \/>\n<\/strong><strong>Modelo :LC-F3<br \/>\nPlancha:<\/strong> \u22648\u00d750 mm<br \/>\n<strong>Acero redondo:<\/strong> \u03c616mm<br \/>\n<strong>Acero cuadrado:<\/strong> \u226416 \u00d7 16 mm<br \/>\n<strong>Fuerza:<\/strong> 2.2KW<br \/>\n<strong>Voltaje:<\/strong>\u00a0220V\/380V\/415V<br \/>\n<strong>Dimensi\u00f3n de embalaje:<\/strong> 1165\u00d7560\u00d71100mm<br \/>\n<strong>NO (kg):<\/strong> 350<br \/>\n<strong>GW (kg):<\/strong> 400<\/p>","protected":false},"featured_media":507,"template":"","meta":{"_kad_post_transparent":"default","_kad_post_title":"","_kad_post_layout":"default","_kad_post_sidebar_id":"","_kad_post_content_style":"default","_kad_post_vertical_padding":"default","_kad_post_feature":"","_kad_post_feature_position":"","_kad_post_header":false,"_kad_post_footer":false},"product_brand":[],"product_cat":[29,24],"product_tag":[79,80,82,81,83,84],"class_list":{"0":"post-491","1":"product","2":"type-product","3":"status-publish","4":"has-post-thumbnail","6":"product_cat-electric-wrought-iron-processing-machine","7":"product_cat-wrought-iron-fishtail-forging-machine","8":"product_tag-blacksmith-rolling-mill-for-sale","9":"product_tag-fishtail-end-forging-machine","10":"product_tag-fishtail-machine","11":"product_tag-fishtail-machine-manufacturer-supplier","12":"product_tag-hot-roll-fishtail-mill-machine","13":"product_tag-wrought-iron-forging-fishtail-making-machine","15":"first","16":"instock","17":"shipping-taxable","18":"product-type-simple","19":"entry","20":"content-bg","21":"loop-entry"},"_links":{"self":[{"href":"https:\/\/zzlcmachinery.com\/es\/wp-json\/wp\/v2\/product\/491","targetHints":{"allow":["GET"]}}],"collection":[{"href":"https:\/\/zzlcmachinery.com\/es\/wp-json\/wp\/v2\/product"}],"about":[{"href":"https:\/\/zzlcmachinery.com\/es\/wp-json\/wp\/v2\/types\/product"}],"version-history":[{"count":0,"href":"https:\/\/zzlcmachinery.com\/es\/wp-json\/wp\/v2\/product\/491\/revisions"}],"wp:featuredmedia":[{"embeddable":true,"href":"https:\/\/zzlcmachinery.com\/es\/wp-json\/wp\/v2\/media\/507"}],"wp:attachment":[{"href":"https:\/\/zzlcmachinery.com\/es\/wp-json\/wp\/v2\/media?parent=491"}],"wp:term":[{"taxonomy":"product_brand","embeddable":true,"href":"https:\/\/zzlcmachinery.com\/es\/wp-json\/wp\/v2\/product_brand?post=491"},{"taxonomy":"product_cat","embeddable":true,"href":"https:\/\/zzlcmachinery.com\/es\/wp-json\/wp\/v2\/product_cat?post=491"},{"taxonomy":"product_tag","embeddable":true,"href":"https:\/\/zzlcmachinery.com\/es\/wp-json\/wp\/v2\/product_tag?post=491"}],"curies":[{"name":"wp","href":"https:\/\/api.w.org\/{rel}","templated":true}]}}