{"id":476,"date":"2022-09-18T16:47:50","date_gmt":"2022-09-18T08:47:50","guid":{"rendered":"https:\/\/zzlcmachinery.com\/?post_type=product&#038;p=476"},"modified":"2022-11-22T16:06:50","modified_gmt":"2022-11-22T08:06:50","slug":"lc-dw16d-wrought-iron-metal-scroll-bender-automatic-scroll-bending-machine-for-processing-gate-and-windows","status":"publish","type":"product","link":"https:\/\/zzlcmachinery.com\/es\/producto\/lc-dw16d-wrought-iron-metal-scroll-bender-automatic-scroll-bending-machine-for-processing-gate-and-windows\/","title":{"rendered":"Dobladora autom\u00e1tica de la voluta del doblador de la voluta del metal del hierro labrado LC-DW16D para procesar la puerta y las ventanas"},"content":{"rendered":"","protected":false},"excerpt":{"rendered":"<p>Esta m\u00e1quina dobladora autom\u00e1tica de volutas de metal de hierro forjado LC-DW16D para procesar puertas y ventanas es muy adecuada para el bose que opera una herrer\u00eda o una instituci\u00f3n de capacitaci\u00f3n para principiantes de procesamiento de metales de estilo europeo. Esta m\u00e1quina viene con 9 juegos de moldes gratis , de los cuales 6 juegos de troqueles se usan para doblar patrones &quot;C&quot;, &quot;P&quot;, &quot;S&quot; de varios tama\u00f1os, y los otros 3 juegos de moldes se usan para procesar patrones con formas especiales, como arcos curvos, esquinas curvas , enderezado, lote de peque\u00f1os c\u00edrculos curvos, etc.<br \/>\n\u00a1Servicio en l\u00ednea las 24 horas, esperando su consulta!<br \/>\n<strong>PAR\u00c1METRO T\u00c9CNICO<br \/>\n<\/strong><strong>Modelo :LC-DW16D<br \/>\nPlancha:<\/strong> \u22648\u00d750 mm<br \/>\n<strong>Acero redondo:<\/strong> \u03c616mm<br \/>\n<strong>Acero cuadrado:<\/strong> \u226416 \u00d7 16 mm<br \/>\n<strong>Velocidad de rodadura:<\/strong> 500 piezas \/H<br \/>\n<strong>Fuerza:<\/strong> 2.2KW<br \/>\n<strong>Voltaje:<\/strong>\u00a0220V\/380V\/415V<br \/>\n<strong>Dimensi\u00f3n de embalaje:<\/strong> 1000\u00d7700\u00d71200mm<br \/>\n<strong>NO (kg):<\/strong> 420<br \/>\n<strong>GW (kg):<\/strong> 450<\/p>","protected":false},"featured_media":478,"template":"","meta":{"_kad_post_transparent":"default","_kad_post_title":"","_kad_post_layout":"default","_kad_post_sidebar_id":"","_kad_post_content_style":"default","_kad_post_vertical_padding":"default","_kad_post_feature":"","_kad_post_feature_position":"","_kad_post_header":false,"_kad_post_footer":false},"product_brand":[],"product_cat":[29,27],"product_tag":[68,64,65,66,67,51],"class_list":{"0":"post-476","1":"product","2":"type-product","3":"status-publish","4":"has-post-thumbnail","6":"product_cat-electric-wrought-iron-processing-machine","7":"product_cat-electric-scroll-bending-machine","8":"product_tag-3-special-shaped-device-molds-for-electric-scroll-bending-machine","9":"product_tag-electric-metal-bender-for-sale","10":"product_tag-induction-forge-for-sale","11":"product_tag-metal-roller-bender-for-sale","12":"product_tag-scroll-bender","13":"product_tag-wrought-iron-bending-machine","15":"first","16":"instock","17":"shipping-taxable","18":"product-type-simple","19":"entry","20":"content-bg","21":"loop-entry"},"_links":{"self":[{"href":"https:\/\/zzlcmachinery.com\/es\/wp-json\/wp\/v2\/product\/476","targetHints":{"allow":["GET"]}}],"collection":[{"href":"https:\/\/zzlcmachinery.com\/es\/wp-json\/wp\/v2\/product"}],"about":[{"href":"https:\/\/zzlcmachinery.com\/es\/wp-json\/wp\/v2\/types\/product"}],"version-history":[{"count":0,"href":"https:\/\/zzlcmachinery.com\/es\/wp-json\/wp\/v2\/product\/476\/revisions"}],"wp:featuredmedia":[{"embeddable":true,"href":"https:\/\/zzlcmachinery.com\/es\/wp-json\/wp\/v2\/media\/478"}],"wp:attachment":[{"href":"https:\/\/zzlcmachinery.com\/es\/wp-json\/wp\/v2\/media?parent=476"}],"wp:term":[{"taxonomy":"product_brand","embeddable":true,"href":"https:\/\/zzlcmachinery.com\/es\/wp-json\/wp\/v2\/product_brand?post=476"},{"taxonomy":"product_cat","embeddable":true,"href":"https:\/\/zzlcmachinery.com\/es\/wp-json\/wp\/v2\/product_cat?post=476"},{"taxonomy":"product_tag","embeddable":true,"href":"https:\/\/zzlcmachinery.com\/es\/wp-json\/wp\/v2\/product_tag?post=476"}],"curies":[{"name":"wp","href":"https:\/\/api.w.org\/{rel}","templated":true}]}}