{"id":361,"date":"2022-12-14T00:01:11","date_gmt":"2022-12-13T16:01:11","guid":{"rendered":"https:\/\/zzlcmachinery.com\/?post_type=product&#038;p=361"},"modified":"2022-12-14T00:41:27","modified_gmt":"2022-12-13T16:41:27","slug":"jk-100-metal-sheet-embossing-machine-manufacturers-suppliers","status":"publish","type":"product","link":"https:\/\/zzlcmachinery.com\/es\/producto\/jk-100-metal-sheet-embossing-machine-manufacturers-suppliers\/","title":{"rendered":"Fabricantes y proveedores de m\u00e1quinas de estampado de l\u00e1minas de metal JK-100"},"content":{"rendered":"","protected":false},"excerpt":{"rendered":"<p>Este fabricante y proveedor de m\u00e1quinas de estampado de l\u00e1minas de metal JK-100 es una maquinaria profesional para procesar l\u00e1minas de hierro. Los materiales que se pueden procesar son: chapa de hierro, chapa de aluminio, chapa de cobre, chapa de acero inoxidable, etc. Tiene muchas ventajas que la convierten en una elecci\u00f3n de m\u00e1quina esencial para el trabajo en hierro forjado:<br \/>\n1. El patr\u00f3n se puede elegir libremente, brindamos un servicio de personalizaci\u00f3n de moldes.<br \/>\n2. La velocidad de procesamiento de la m\u00e1quina se puede ajustar.<br \/>\n3. Hoja de metal laminado en fr\u00edo, el patr\u00f3n es exquisito y no se deformar\u00e1.<br \/>\n4. El ancho y el grosor del material de procesamiento de la m\u00e1quina se pueden personalizar de acuerdo con el material del cliente.<br \/>\n5. Precio barato de alta calidad, peque\u00f1o CBM y flete barato.<br \/>\n<strong>PAR\u00c1METRO T\u00c9CNICO<\/strong><br \/>\n<strong>Material:<\/strong>\u00a0Chapa de hierro, Chapa de aluminio, Chapa de cobre, Chapa de acero inoxidable<br \/>\n<strong>Ancho del material: 100<\/strong>mil\u00edmetro<br \/>\n<strong>Espesor del material<\/strong>: m\u00e1ximo 2 mm<br \/>\n<strong>Fuerza:<\/strong> 2,2 KW (seg\u00fan el ancho y el grosor del material laminado seg\u00fan las necesidades reales de los clientes)<br \/>\n<strong>Voltaje:<\/strong>\u00a0220V\/380V\/415V<br \/>\n<strong>Dimensi\u00f3n de embalaje:<\/strong>\u00a01500\u00d7710\u00d7800mm<br \/>\n<strong>NO (kg):<\/strong>\u00a0350<br \/>\n<strong>GW (kg):<\/strong>\u00a0400<\/p>","protected":false},"featured_media":1542,"template":"","meta":{"_kad_post_transparent":"default","_kad_post_title":"","_kad_post_layout":"default","_kad_post_sidebar_id":"","_kad_post_content_style":"default","_kad_post_vertical_padding":"default","_kad_post_feature":"","_kad_post_feature_position":"","_kad_post_header":false,"_kad_post_footer":false},"product_brand":[],"product_cat":[19,29],"product_tag":[528,526,525,527,529,520,524,523],"class_list":{"0":"post-361","1":"product","2":"type-product","3":"status-publish","4":"has-post-thumbnail","6":"product_cat-cold-rolling-embossing-machine","7":"product_cat-electric-wrought-iron-processing-machine","8":"product_tag-china-metal-sheet-embossing-machine-factory-suppliers","9":"product_tag-low-price-automatic-metal-sheet-embossing-machine","10":"product_tag-metal-embossing-machine-line","11":"product_tag-metal-sheet-embossing-machine","12":"product_tag-metal-sheet-embossing-machine-at-best-price","13":"product_tag-metal-sheet-embossing-machine-manufacturers-suppliers","14":"product_tag-sheet-metal-embossing-machine","15":"product_tag-sheet-metal-manufacturing","17":"first","18":"instock","19":"shipping-taxable","20":"product-type-simple","21":"entry","22":"content-bg","23":"loop-entry"},"_links":{"self":[{"href":"https:\/\/zzlcmachinery.com\/es\/wp-json\/wp\/v2\/product\/361","targetHints":{"allow":["GET"]}}],"collection":[{"href":"https:\/\/zzlcmachinery.com\/es\/wp-json\/wp\/v2\/product"}],"about":[{"href":"https:\/\/zzlcmachinery.com\/es\/wp-json\/wp\/v2\/types\/product"}],"version-history":[{"count":0,"href":"https:\/\/zzlcmachinery.com\/es\/wp-json\/wp\/v2\/product\/361\/revisions"}],"wp:featuredmedia":[{"embeddable":true,"href":"https:\/\/zzlcmachinery.com\/es\/wp-json\/wp\/v2\/media\/1542"}],"wp:attachment":[{"href":"https:\/\/zzlcmachinery.com\/es\/wp-json\/wp\/v2\/media?parent=361"}],"wp:term":[{"taxonomy":"product_brand","embeddable":true,"href":"https:\/\/zzlcmachinery.com\/es\/wp-json\/wp\/v2\/product_brand?post=361"},{"taxonomy":"product_cat","embeddable":true,"href":"https:\/\/zzlcmachinery.com\/es\/wp-json\/wp\/v2\/product_cat?post=361"},{"taxonomy":"product_tag","embeddable":true,"href":"https:\/\/zzlcmachinery.com\/es\/wp-json\/wp\/v2\/product_tag?post=361"}],"curies":[{"name":"wp","href":"https:\/\/api.w.org\/{rel}","templated":true}]}}