{"id":1552,"date":"2022-12-14T00:42:52","date_gmt":"2022-12-13T16:42:52","guid":{"rendered":"https:\/\/zzlcmachinery.com\/?post_type=product&#038;p=1552"},"modified":"2023-03-08T12:35:05","modified_gmt":"2023-03-08T04:35:05","slug":"jk-300-factory-directly-automatic-metal-sheet-embossing-machine","status":"publish","type":"product","link":"https:\/\/zzlcmachinery.com\/es\/producto\/jk-300-fabrica-directamente-automatica-hoja-de-metal-maquina-de-estampado\/","title":{"rendered":"JK-300 M\u00e1quina de estampado de l\u00e1minas de metal directamente autom\u00e1tica de f\u00e1brica"},"content":{"rendered":"","protected":false},"excerpt":{"rendered":"<p>Esta m\u00e1quina de estampado de l\u00e1minas de metal autom\u00e1tica JK-300 Factory puede procesar l\u00e1minas de hierro laminadas en fr\u00edo, l\u00e1minas de aluminio, l\u00e1minas de acero inoxidable y l\u00e1minas de cobre para obtener los patrones que los clientes desean. Un juego de moldes viene al azar con la m\u00e1quina. Nuestro equipo t\u00e9cnico puede proporcionar servicios gratuitos de dise\u00f1o personalizado para moldes. Una variedad de opciones de patrones definitivamente permitir\u00e1 a los clientes competir en el feroz mercado local. Se destaca de la competencia por su patr\u00f3n \u00fanico.<br \/>\nEl producto terminado procesado puede seguir estamp\u00e1ndose en la forma que el cliente desee para el marco de la puerta, la rejilla, el marco de la ventana, el panel de la puerta, la baranda verde, etc. Todo puede usarse en placas de hierro delgadas con patrones.<br \/>\n<strong>PAR\u00c1METRO T\u00c9CNICO<\/strong><br \/>\n<strong>Material:<\/strong>\u00a0Chapa de hierro, Chapa de aluminio, Chapa de cobre, Chapa de acero inoxidable<br \/>\n<strong>Ancho del material: 300<\/strong>mil\u00edmetro<br \/>\n<strong>Espesor del material<\/strong>: m\u00e1ximo 2 mm<br \/>\n<strong>Fuerza:<\/strong> 4KW (seg\u00fan el ancho y el grosor del material laminado seg\u00fan las necesidades reales de los clientes)<br \/>\n<strong>Voltaje:<\/strong>\u00a0220V\/380V\/415V<br \/>\n<strong>Dimensi\u00f3n de embalaje:<\/strong>\u00a01500\u00d7710\u00d7800mm<br \/>\n<strong>NO (kg):<\/strong>\u00a0350<br \/>\n<strong>GW (kg):<\/strong>\u00a0400<\/p>","protected":false},"featured_media":1562,"template":"","meta":{"_kad_post_transparent":"default","_kad_post_title":"hide","_kad_post_layout":"fullwidth","_kad_post_sidebar_id":"","_kad_post_content_style":"unboxed","_kad_post_vertical_padding":"hide","_kad_post_feature":"hide","_kad_post_feature_position":"","_kad_post_header":false,"_kad_post_footer":false},"product_brand":[],"product_cat":[19,29],"product_tag":[537,535,533,531,530,536,532,538,534],"class_list":{"0":"post-1552","1":"product","2":"type-product","3":"status-publish","4":"has-post-thumbnail","6":"product_cat-cold-rolling-embossing-machine","7":"product_cat-electric-wrought-iron-processing-machine","8":"product_tag-aluminum-sheet-cold-embossing-machine","9":"product_tag-buy-cold-steel-sheet-embossing-machine","10":"product_tag-cold-roll-former-line","11":"product_tag-copper-sheet-embossing-machine","12":"product_tag-factory-directly-automatic-metal-sheet-embossing-machine","13":"product_tag-iron-sheet-cold-embossing-machine","14":"product_tag-roll-forming-machine-manufacturer","15":"product_tag-stainless-steel-sheet-cold-embossing-machine","16":"product_tag-steel-plate-embossing-machinery","18":"first","19":"instock","20":"shipping-taxable","21":"product-type-simple","22":"entry","23":"content-bg","24":"loop-entry"},"_links":{"self":[{"href":"https:\/\/zzlcmachinery.com\/es\/wp-json\/wp\/v2\/product\/1552","targetHints":{"allow":["GET"]}}],"collection":[{"href":"https:\/\/zzlcmachinery.com\/es\/wp-json\/wp\/v2\/product"}],"about":[{"href":"https:\/\/zzlcmachinery.com\/es\/wp-json\/wp\/v2\/types\/product"}],"version-history":[{"count":0,"href":"https:\/\/zzlcmachinery.com\/es\/wp-json\/wp\/v2\/product\/1552\/revisions"}],"wp:featuredmedia":[{"embeddable":true,"href":"https:\/\/zzlcmachinery.com\/es\/wp-json\/wp\/v2\/media\/1562"}],"wp:attachment":[{"href":"https:\/\/zzlcmachinery.com\/es\/wp-json\/wp\/v2\/media?parent=1552"}],"wp:term":[{"taxonomy":"product_brand","embeddable":true,"href":"https:\/\/zzlcmachinery.com\/es\/wp-json\/wp\/v2\/product_brand?post=1552"},{"taxonomy":"product_cat","embeddable":true,"href":"https:\/\/zzlcmachinery.com\/es\/wp-json\/wp\/v2\/product_cat?post=1552"},{"taxonomy":"product_tag","embeddable":true,"href":"https:\/\/zzlcmachinery.com\/es\/wp-json\/wp\/v2\/product_tag?post=1552"}],"curies":[{"name":"wp","href":"https:\/\/api.w.org\/{rel}","templated":true}]}}