{"id":991,"date":"2022-11-19T00:07:35","date_gmt":"2022-11-18T16:07:35","guid":{"rendered":"https:\/\/zzlcmachinery.com\/?post_type=product&#038;p=991"},"modified":"2022-11-22T14:45:01","modified_gmt":"2022-11-22T06:45:01","slug":"c41-1000kg-pneumatic-air-hammer-with-super-processing-capacity","status":"publish","type":"product","link":"https:\/\/zzlcmachinery.com\/de\/produkt\/c41-1000kg-pneumatic-air-hammer-with-super-processing-capacity\/","title":{"rendered":"C41-1000KG Drucklufthammer mit super Verarbeitungskapazit\u00e4t"},"content":{"rendered":"","protected":false},"excerpt":{"rendered":"<p>Dieser pneumatische Lufthammer C41-1000KG mit hervorragender Verarbeitungskapazit\u00e4t ist klein, ger\u00e4uscharm, einfach im Aufbau, einfach zu bedienen, flexibel im Einsatz und bequem in Handhabung, Installation und Wartung. Dieses Modell eignet sich f\u00fcr verschiedene freies Schmieden: wie Stauchen, Ziehen, Stanzen, Biegen, Verdrehen, Warmscheren, Anschlussklemmen usw. Gleichzeitig k\u00f6nnen verschiedene Freiformschmieden mit Pad-Matrizen durchgef\u00fchrt werden. Es eignet sich zum freien Schmieden von Teilen unterschiedlicher Formen, besonders geeignet f\u00fcr l\u00e4ndliche Gemeindeunternehmen und professionelle Haushalte, die Sicheln, Badin, Rinder und Hufeisen sowie Hacken schmieden. Gleichzeitig verwenden verschiedene Fabriken und Minen Drucklufth\u00e4mmer, um Stahlkugeln, Ger\u00fcste und andere Fabriken, Minen und Baumaterialien zu schmieden. Dar\u00fcber hinaus ist diese Serie von Lufth\u00e4mmern auch ein professionelles Schmiedeeisenwerkzeug, das h\u00e4ufig von Schmieden verwendet wird. Es kann verschiedene Arten von Formen herstellen und verschiedene schmiedeeiserne Blumen, V\u00f6gel und andere sch\u00f6ne Dekorationen schmieden.<\/p>\n<p><strong>TECHNISCHE PARAMETER<br \/>\nModell: C41-1000KG<br \/>\nGewicht der fallenden Teile (KG):<\/strong>1000 KG<br \/>\n<strong>Strukturtyp:<\/strong>Gespaltener Drucklufthammer\u00a0<strong><br \/>\nMax.Hit-Energie (KJ):<\/strong>27KJ<strong><br \/>\nMax. geschmiedete Gr\u00f6\u00dfe (Durchmesser) auf Rundstahl:<\/strong>\u00d8320mm<br \/>\n<strong>Max.geschmiedete Gr\u00f6\u00dfe (Durchmesser) auf Vierkantstahl:<\/strong>290*290mm<br \/>\n<strong>Leistung:<\/strong> 75KW<br \/>\n<strong>Stromspannung:<\/strong>\u00a0220V\/380V<br \/>\n<strong>Verpackungsma\u00df:<\/strong> 7700*1500*4125mm<br \/>\n<strong>Anwiler Gewicht<\/strong>: 13.000 KG<br \/>\n<strong>Gesamt-GW (kg): 32.840<\/strong><\/p>","protected":false},"featured_media":998,"template":"","meta":{"_kad_post_transparent":"default","_kad_post_title":"hide","_kad_post_layout":"fullwidth","_kad_post_sidebar_id":"","_kad_post_content_style":"unboxed","_kad_post_vertical_padding":"hide","_kad_post_feature":"hide","_kad_post_feature_position":"","_kad_post_header":false,"_kad_post_footer":false},"product_brand":[],"product_cat":[28],"product_tag":[460,505,503,461,428,507,463,508,504,506],"class_list":{"0":"post-991","1":"product","2":"type-product","3":"status-publish","4":"has-post-thumbnail","6":"product_cat-blacksmith-power-hammer","7":"product_tag-air-forging-hammer-pneumatic-iron-hammer-1000kg","8":"product_tag-air-hammer-pneumatic-iron-hammer-for-forging","9":"product_tag-electric-pneumatic-hammer","10":"product_tag-hottest-sale-150kg-250kg-400kg-750kg-1000kg-blacksmith-pneumatic-hammer","11":"product_tag-pneumatic-hammer-for-blacksmith","12":"product_tag-price-of-pneumatic-forging-hammer","13":"product_tag-widely-used-iron-blacksmith-forging-air-hammer-machine","14":"product_tag-wrought-iron-forging-1000kg-blacksmith-hammer-with-anvil","15":"product_tag-wrought-iron-forging-power-hammer-for-sale","16":"product_tag-wrought-iron-pneumatic-metal-forging-hammer-for-sale","18":"first","19":"instock","20":"shipping-taxable","21":"product-type-simple","22":"entry","23":"content-bg","24":"loop-entry"},"_links":{"self":[{"href":"https:\/\/zzlcmachinery.com\/de\/wp-json\/wp\/v2\/product\/991","targetHints":{"allow":["GET"]}}],"collection":[{"href":"https:\/\/zzlcmachinery.com\/de\/wp-json\/wp\/v2\/product"}],"about":[{"href":"https:\/\/zzlcmachinery.com\/de\/wp-json\/wp\/v2\/types\/product"}],"version-history":[{"count":0,"href":"https:\/\/zzlcmachinery.com\/de\/wp-json\/wp\/v2\/product\/991\/revisions"}],"wp:featuredmedia":[{"embeddable":true,"href":"https:\/\/zzlcmachinery.com\/de\/wp-json\/wp\/v2\/media\/998"}],"wp:attachment":[{"href":"https:\/\/zzlcmachinery.com\/de\/wp-json\/wp\/v2\/media?parent=991"}],"wp:term":[{"taxonomy":"product_brand","embeddable":true,"href":"https:\/\/zzlcmachinery.com\/de\/wp-json\/wp\/v2\/product_brand?post=991"},{"taxonomy":"product_cat","embeddable":true,"href":"https:\/\/zzlcmachinery.com\/de\/wp-json\/wp\/v2\/product_cat?post=991"},{"taxonomy":"product_tag","embeddable":true,"href":"https:\/\/zzlcmachinery.com\/de\/wp-json\/wp\/v2\/product_tag?post=991"}],"curies":[{"name":"wp","href":"https:\/\/api.w.org\/{rel}","templated":true}]}}