{"id":989,"date":"2022-11-19T00:04:14","date_gmt":"2022-11-18T16:04:14","guid":{"rendered":"https:\/\/zzlcmachinery.com\/?post_type=product&#038;p=989"},"modified":"2022-11-22T14:44:07","modified_gmt":"2022-11-22T06:44:07","slug":"widely-used-wrought-iron-blacksmith-750kg-forging-power-hammer","status":"publish","type":"product","link":"https:\/\/zzlcmachinery.com\/de\/produkt\/widely-used-wrought-iron-blacksmith-750kg-forging-power-hammer\/","title":{"rendered":"Weit verbreiteter schmiedeeiserner Schmied 750 kg Schmiedehammer"},"content":{"rendered":"","protected":false},"excerpt":{"rendered":"<p>Dieser weit verbreitete Schmiedehammer aus Schmiedeeisen mit einem Gewicht von 750 kg ist eine Art kostenlose Schmiedeausr\u00fcstung. Die Luft wird vom Kompressorzylinder komprimiert und durch das Verteilerventil zum Arbeitszylinder geleitet, um den Kolben und den Hammerkopf zum Auf- und Abw\u00e4rtsbewegen zum H\u00e4mmern anzutreiben. Die Bedienung ist flexibel. Dieses Modell eignet sich f\u00fcr verschiedene freies Schmieden, wie z. B. Verl\u00e4ngerung, Stauchen, Stanzen, Scheren, Schmieden, Schwei\u00dfen, Torsion, Biegen usw. Es kann f\u00fcr verschiedene Freiformschmieden verwendet werden. Die Eigenschaften sind wie folgt:<br \/>\n1. Angetrieben durch Druckluft k\u00f6nnen die Schlagkraft und -frequenz gesteuert werden, indem der Luftdruck an die Anforderungen der Sicherheitsproduktion angepasst wird<br \/>\n2. Der Maschinenk\u00f6rper besteht aus Gusseisen und der Lufthammeramboss mit gro\u00dfer Tonnage aus Stahlguss<br \/>\n3. Der Mechanismus ist einfach und nicht leicht zu besch\u00e4digen<br \/>\nWir k\u00f6nnen 6 kg, 16 kg, 25 kg, 40 kg, 55 kg, 75 kg, 100 kg, 150 kg, 250 kg, 400 kg, 560 kg, 750 kg, 1000 kg, 2000 kg liefern, um je nach Bedarf unterschiedliche Schmiedearbeiten zu w\u00e4hlen .Sie k\u00f6nnen das Modell anhand der folgenden Spezifikationen ausw\u00e4hlen<\/p>\n<p><strong>TECHNISCHE PARAMETER<br \/>\nModell:C41-750KG<br \/>\nGewicht der fallenden Teile (KG): 750<\/strong>KG<br \/>\n<strong>Strukturtyp:<\/strong>Gespaltener Drucklufthammer\u00a0<strong><br \/>\nMax.Trefferenergie (KJ): 13,6<\/strong>KJ<strong><br \/>\nMax. geschmiedete Gr\u00f6\u00dfe (Durchmesser) auf Rundstahl:<\/strong>\u00d8300mm<br \/>\n<strong>Max.geschmiedete Gr\u00f6\u00dfe (Durchmesser) auf Vierkantstahl:<\/strong>270*270mm<br \/>\n<strong>Leistung:<\/strong> 55KW<br \/>\n<strong>Stromspannung:<\/strong>\u00a0220V\/380V<br \/>\n<strong>Verpackungsma\u00df:<\/strong> 3095*1370*3175mm<br \/>\n<strong>Anwiler Gewicht<\/strong>: 9.000 KG<br \/>\n<strong>Gesamt-GW (kg): 26.000<\/strong><\/p>","protected":false},"featured_media":999,"template":"","meta":{"_kad_post_transparent":"default","_kad_post_title":"hide","_kad_post_layout":"fullwidth","_kad_post_sidebar_id":"","_kad_post_content_style":"unboxed","_kad_post_vertical_padding":"hide","_kad_post_feature":"hide","_kad_post_feature_position":"","_kad_post_header":false,"_kad_post_footer":false},"product_brand":[],"product_cat":[28],"product_tag":[462,428,463,499,464],"class_list":{"0":"post-989","1":"product","2":"type-product","3":"status-publish","4":"has-post-thumbnail","6":"product_cat-blacksmith-power-hammer","7":"product_tag-750kg-air-hammer-metal-forging-hammer-for-sale","8":"product_tag-pneumatic-hammer-for-blacksmith","9":"product_tag-widely-used-iron-blacksmith-forging-air-hammer-machine","10":"product_tag-widely-used-wrought-iron-blacksmith-750kg-forging-power-hammer","11":"product_tag-wrought-iron-metal-forging-power-hammer-for-sale","13":"first","14":"instock","15":"shipping-taxable","16":"product-type-simple","17":"entry","18":"content-bg","19":"loop-entry"},"_links":{"self":[{"href":"https:\/\/zzlcmachinery.com\/de\/wp-json\/wp\/v2\/product\/989","targetHints":{"allow":["GET"]}}],"collection":[{"href":"https:\/\/zzlcmachinery.com\/de\/wp-json\/wp\/v2\/product"}],"about":[{"href":"https:\/\/zzlcmachinery.com\/de\/wp-json\/wp\/v2\/types\/product"}],"version-history":[{"count":0,"href":"https:\/\/zzlcmachinery.com\/de\/wp-json\/wp\/v2\/product\/989\/revisions"}],"wp:featuredmedia":[{"embeddable":true,"href":"https:\/\/zzlcmachinery.com\/de\/wp-json\/wp\/v2\/media\/999"}],"wp:attachment":[{"href":"https:\/\/zzlcmachinery.com\/de\/wp-json\/wp\/v2\/media?parent=989"}],"wp:term":[{"taxonomy":"product_brand","embeddable":true,"href":"https:\/\/zzlcmachinery.com\/de\/wp-json\/wp\/v2\/product_brand?post=989"},{"taxonomy":"product_cat","embeddable":true,"href":"https:\/\/zzlcmachinery.com\/de\/wp-json\/wp\/v2\/product_cat?post=989"},{"taxonomy":"product_tag","embeddable":true,"href":"https:\/\/zzlcmachinery.com\/de\/wp-json\/wp\/v2\/product_tag?post=989"}],"curies":[{"name":"wp","href":"https:\/\/api.w.org\/{rel}","templated":true}]}}