{"id":987,"date":"2022-11-19T00:02:00","date_gmt":"2022-11-18T16:02:00","guid":{"rendered":"https:\/\/zzlcmachinery.com\/?post_type=product&#038;p=987"},"modified":"2022-11-22T14:41:46","modified_gmt":"2022-11-22T06:41:46","slug":"c41-560kg-heavy-duty-wrought-iron-blacksmith-forging-hammer-for-sale","status":"publish","type":"product","link":"https:\/\/zzlcmachinery.com\/de\/produkt\/c41-560kg-heavy-duty-wrought-iron-blacksmith-forging-hammer-for-sale\/","title":{"rendered":"C41-560KG Heavy Duty Schmiedeeisen Schmiedehammer zu verkaufen"},"content":{"rendered":"","protected":false},"excerpt":{"rendered":"<p>Dieser zum Verkauf stehende C41-560KG Hochleistungsschmiedehammer aus Schmiedeeisen ist ger\u00e4uscharm, einfach in der Struktur, einfach zu bedienen, flexibel in der Aktion und bequem in Handhabung, Installation und Wartung. Dieses Modell eignet sich f\u00fcr verschiedene freies Schmieden: wie Stauchen, Ziehen, Stanzen, Biegen, Verdrehen, Warmscheren, Anschlussklemmen usw. Gleichzeitig k\u00f6nnen verschiedene Freiformschmieden mit Pad-Matrizen durchgef\u00fchrt werden. Es eignet sich zum freien Schmieden von Teilen unterschiedlicher Formen, besonders geeignet f\u00fcr l\u00e4ndliche Gemeindeunternehmen und professionelle Haushalte, die Sicheln, Badin, Rinder und Hufeisen sowie Hacken schmieden. Gleichzeitig verwenden verschiedene Fabriken und Minen Drucklufth\u00e4mmer, um Stahlkugeln, Ger\u00fcste und andere Fabriken, Minen und Baumaterialien zu schmieden. Dar\u00fcber hinaus ist diese Serie von Lufth\u00e4mmern auch ein professionelles Schmiedeeisenwerkzeug, das h\u00e4ufig von Schmieden verwendet wird. Es kann verschiedene Arten von Formen herstellen und verschiedene schmiedeeiserne Blumen, V\u00f6gel und andere sch\u00f6ne Dekorationen schmieden.<br \/>\nWir k\u00f6nnen 6 kg, 16 kg, 25 kg, 40 kg, 55 kg, 75 kg, 100 kg, 150 kg, 250 kg, 400 kg, 560 kg, 750 kg, 1000 kg, 2000 kg liefern, um je nach Bedarf unterschiedliche Schmiedearbeiten zu w\u00e4hlen .Sie k\u00f6nnen das Modell anhand der folgenden Spezifikationen ausw\u00e4hlen<\/p>\n<p><strong>TECHNISCHE PARAMETER<br \/>\nModell:C41-560KG<br \/>\nGewicht der fallenden Teile (KG): 560<\/strong>KG<br \/>\n<strong>Strukturtyp:<\/strong>Gespaltener Drucklufthammer\u00a0<strong><br \/>\nMax.Trefferenergie (KJ): 13,6<\/strong>KJ<strong><br \/>\nMax. geschmiedete Gr\u00f6\u00dfe (Durchmesser) auf Rundstahl:<\/strong>\u00d8280mm<br \/>\n<strong>Max.geschmiedete Gr\u00f6\u00dfe (Durchmesser) auf Vierkantstahl:<\/strong>270 x 270 mm<br \/>\n<strong>Leistung:<\/strong> 45KW<br \/>\n<strong>Stromspannung:<\/strong>\u00a0220V\/380V<br \/>\n<strong>Verpackungsma\u00df:<\/strong> 3464*1500*3157<br \/>\n<strong>GW (kg):<\/strong> 16520<\/p>","protected":false},"featured_media":1024,"template":"","meta":{"_kad_post_transparent":"default","_kad_post_title":"hide","_kad_post_layout":"fullwidth","_kad_post_sidebar_id":"","_kad_post_content_style":"unboxed","_kad_post_vertical_padding":"hide","_kad_post_feature":"hide","_kad_post_feature_position":"","_kad_post_header":false,"_kad_post_footer":false},"product_brand":[],"product_cat":[28],"product_tag":[476,498,477,478,479],"class_list":{"0":"post-987","1":"product","2":"type-product","3":"status-publish","4":"has-post-thumbnail","6":"product_cat-blacksmith-power-hammer","7":"product_tag-all-kinds-of-wrought-iron-forging-power-hammer-dies-for-sale","8":"product_tag-c41-560kg-heavy-duty-wrought-iron-blacksmith-forging-hammer-for-sale","9":"product_tag-china-the-biggest-manufacture-anyang-pneumatic-hammer-from-lanchen","10":"product_tag-heavy-duty-560kg-wrought-iron-blacksmith-forging-hammer-for-sale","11":"product_tag-high-quality-cheap-price-air-hammer-c41-560kg-for-sale","13":"first","14":"instock","15":"shipping-taxable","16":"product-type-simple","17":"entry","18":"content-bg","19":"loop-entry"},"_links":{"self":[{"href":"https:\/\/zzlcmachinery.com\/de\/wp-json\/wp\/v2\/product\/987","targetHints":{"allow":["GET"]}}],"collection":[{"href":"https:\/\/zzlcmachinery.com\/de\/wp-json\/wp\/v2\/product"}],"about":[{"href":"https:\/\/zzlcmachinery.com\/de\/wp-json\/wp\/v2\/types\/product"}],"version-history":[{"count":0,"href":"https:\/\/zzlcmachinery.com\/de\/wp-json\/wp\/v2\/product\/987\/revisions"}],"wp:featuredmedia":[{"embeddable":true,"href":"https:\/\/zzlcmachinery.com\/de\/wp-json\/wp\/v2\/media\/1024"}],"wp:attachment":[{"href":"https:\/\/zzlcmachinery.com\/de\/wp-json\/wp\/v2\/media?parent=987"}],"wp:term":[{"taxonomy":"product_brand","embeddable":true,"href":"https:\/\/zzlcmachinery.com\/de\/wp-json\/wp\/v2\/product_brand?post=987"},{"taxonomy":"product_cat","embeddable":true,"href":"https:\/\/zzlcmachinery.com\/de\/wp-json\/wp\/v2\/product_cat?post=987"},{"taxonomy":"product_tag","embeddable":true,"href":"https:\/\/zzlcmachinery.com\/de\/wp-json\/wp\/v2\/product_tag?post=987"}],"curies":[{"name":"wp","href":"https:\/\/api.w.org\/{rel}","templated":true}]}}