{"id":961,"date":"2022-11-17T23:45:25","date_gmt":"2022-11-17T15:45:25","guid":{"rendered":"https:\/\/zzlcmachinery.com\/?post_type=product&#038;p=961"},"modified":"2022-11-22T14:13:53","modified_gmt":"2022-11-22T06:13:53","slug":"c41-55kg-wrought-iron-forging-pneumatic-hammer-for-blacksmith","status":"publish","type":"product","link":"https:\/\/zzlcmachinery.com\/de\/produkt\/c41-55kg-wrought-iron-forging-pneumatic-hammer-for-blacksmith\/","title":{"rendered":"C41-55KG Schmiedeeisen-Schmiedelufthammer f\u00fcr Schmied"},"content":{"rendered":"","protected":false},"excerpt":{"rendered":"<p>Dieser pneumatische Schmiedehammer C41-55KG aus Schmiedeeisen f\u00fcr Schmied Der geschmiedete Drucklufthammer C41-55KG aus Schmiedeeisen ist klein, ger\u00e4uscharm, einfach in der Struktur, bequem im Betrieb, flexibel in der Wirkung, bequem in Handhabung, Installation und Wartung. Diese Maschine ist selbst eine einteilige Strukturmaschine mit einer Basis. Der Vorteil eines solchen Presslufthammers ist, dass er an jeden vom Kunden gew\u00fcnschten Einsatzort gefahren werden kann und sehr flexibel ist. Der Lufthammer \u00fcber 55 kg kann gr\u00f6\u00dfere Metallk\u00f6rper schmieden. Dieses Modell eignet sich f\u00fcr verschiedene freies Schmieden: wie Stauchen, Strecken, Stanzen, Biegen, Verdrehen, Warmscheren, Anschlussverbindung usw., und es k\u00f6nnen gleichzeitig Pad-Matrizen verwendet werden. F\u00fchren Sie verschiedene freies Gesenkschmieden durch. Es eignet sich zum freien Schmieden von Teilen mit unterschiedlichen Formen, insbesondere zum Schmieden von Sicheln, Badins, Hufeisen, Hacken usw. in l\u00e4ndlichen Gemeindebetrieben und professionellen Haushalten. Gleichzeitig verwenden verschiedene Fabriken und Bergwerke pneumatische H\u00e4mmer, um Stahlkugeln, Ger\u00fcste und andere Materialien f\u00fcr den Fabrik- und Bergwerksbau zu schmieden. Dar\u00fcber hinaus ist diese Serie von pneumatischen H\u00e4mmern auch ein professionelles Schmiedeeisenwerkzeug, das h\u00e4ufig von Schmieden verwendet wird. Es kann verschiedene Arten von Formen herstellen und alle Arten von schmiedeeisernen Blumen und V\u00f6geln sowie andere exquisite Dekorationen schmieden.<br \/>\nWir k\u00f6nnen 6 kg, 16 kg, 25 kg, 40 kg, 55 kg, 75 kg, 100 kg, 150 kg, 250 kg, 400 kg, 560 kg, 750 kg, 1000 kg, 2000 kg liefern, um je nach Bedarf unterschiedliche Schmiedearbeiten zu w\u00e4hlen .Sie k\u00f6nnen das Modell anhand der folgenden Spezifikationen ausw\u00e4hlen<\/p>\n<p><strong>TECHNISCHE PARAMETER<br \/>\nModell: C41-55KG<br \/>\nGewicht der fallenden Teile (KG): 55<\/strong>KG<br \/>\n<strong>Strukturtyp:<\/strong>Gespaltener Drucklufthammer<strong><br \/>\nMax.Hit-Energie (KJ):<\/strong>0,27 KJ<strong><br \/>\nMax. geschmiedete Gr\u00f6\u00dfe (Durchmesser) auf Rundstahl:<\/strong>\u00d845mm<br \/>\n<strong>Max.geschmiedete Gr\u00f6\u00dfe (Durchmesser) auf Vierkantstahl:<\/strong>40 x 40 mm<br \/>\n<strong>Leistung:<\/strong> 3KW<br \/>\n<strong>Stromspannung:<\/strong>\u00a0220V\/380V<br \/>\n<strong>Verpackungsma\u00df:<\/strong> 980*510*1200<br \/>\n<strong>GW (kg):<\/strong> 560<\/p>","protected":false},"featured_media":967,"template":"","meta":{"_kad_post_transparent":"default","_kad_post_title":"hide","_kad_post_layout":"fullwidth","_kad_post_sidebar_id":"","_kad_post_content_style":"unboxed","_kad_post_vertical_padding":"hide","_kad_post_feature":"hide","_kad_post_feature_position":"","_kad_post_header":false,"_kad_post_footer":false},"product_brand":[],"product_cat":[28],"product_tag":[450,448,445,446,451,453,454,449,447,428,452],"class_list":{"0":"post-961","1":"product","2":"type-product","3":"status-publish","4":"has-post-thumbnail","6":"product_cat-blacksmith-power-hammer","7":"product_tag-c41-series-blacksmith-hydraulic-hammer-for-iron","8":"product_tag-c41-55kg-blacksmith-forging-hammer-for-sale","9":"product_tag-c41-55kg-hammer-strength-power-rack","10":"product_tag-c41-55kg-pneumatic-air-power-hammer-with-anvil-55kg","11":"product_tag-china-the-most-popular-c41-40kg-75kg-150kg-blacksmith-air-hammer-for-sale","12":"product_tag-factory-direct-sale-20kg-25kg-40kg-power-hammer-for-sale-south-africa","13":"product_tag-factory-direct-sale-c41-25kg-homemade-blacksmith-power-hammer","14":"product_tag-hot-sale-anyang-power-hammer-uk-from-ellsen","15":"product_tag-pneumatic-forging-hammer-for-wrought-iron-blacksmith","16":"product_tag-pneumatic-hammer-for-blacksmith","17":"product_tag-wrought-iron-air-power-hammer-for-sale","19":"first","20":"instock","21":"shipping-taxable","22":"product-type-simple","23":"entry","24":"content-bg","25":"loop-entry"},"_links":{"self":[{"href":"https:\/\/zzlcmachinery.com\/de\/wp-json\/wp\/v2\/product\/961","targetHints":{"allow":["GET"]}}],"collection":[{"href":"https:\/\/zzlcmachinery.com\/de\/wp-json\/wp\/v2\/product"}],"about":[{"href":"https:\/\/zzlcmachinery.com\/de\/wp-json\/wp\/v2\/types\/product"}],"version-history":[{"count":0,"href":"https:\/\/zzlcmachinery.com\/de\/wp-json\/wp\/v2\/product\/961\/revisions"}],"wp:featuredmedia":[{"embeddable":true,"href":"https:\/\/zzlcmachinery.com\/de\/wp-json\/wp\/v2\/media\/967"}],"wp:attachment":[{"href":"https:\/\/zzlcmachinery.com\/de\/wp-json\/wp\/v2\/media?parent=961"}],"wp:term":[{"taxonomy":"product_brand","embeddable":true,"href":"https:\/\/zzlcmachinery.com\/de\/wp-json\/wp\/v2\/product_brand?post=961"},{"taxonomy":"product_cat","embeddable":true,"href":"https:\/\/zzlcmachinery.com\/de\/wp-json\/wp\/v2\/product_cat?post=961"},{"taxonomy":"product_tag","embeddable":true,"href":"https:\/\/zzlcmachinery.com\/de\/wp-json\/wp\/v2\/product_tag?post=961"}],"curies":[{"name":"wp","href":"https:\/\/api.w.org\/{rel}","templated":true}]}}