{"id":952,"date":"2022-11-17T23:01:59","date_gmt":"2022-11-17T15:01:59","guid":{"rendered":"https:\/\/zzlcmachinery.com\/?post_type=product&#038;p=952"},"modified":"2022-11-26T00:47:08","modified_gmt":"2022-11-25T16:47:08","slug":"wholesale-c41-40kg-air-hammer-for-heavy-duty-forging","status":"publish","type":"product","link":"https:\/\/zzlcmachinery.com\/de\/produkt\/wholesale-c41-40kg-air-hammer-for-heavy-duty-forging\/","title":{"rendered":"Gro\u00dfhandel C41 40kg Drucklufthammer f\u00fcr Hochleistungsschmieden"},"content":{"rendered":"","protected":false},"excerpt":{"rendered":"<p>Dieser c41 40-kg-Gro\u00dfhandelslufthammer f\u00fcr das Hochleistungsschmieden ist klein, ger\u00e4uscharm, einfach in der Struktur, einfach zu bedienen, flexibel in der Aktion und bequem in Handhabung, Installation und Wartung. Dieses Modell eignet sich f\u00fcr verschiedene freies Schmieden: wie Stauchen, Ziehen, Stanzen, Biegen, Verdrehen, Warmscheren, Anschlussklemmen usw. Gleichzeitig k\u00f6nnen verschiedene Freiformschmieden mit Pad-Matrizen durchgef\u00fchrt werden. Es eignet sich zum freien Schmieden von Teilen unterschiedlicher Formen, besonders geeignet f\u00fcr l\u00e4ndliche Gemeindeunternehmen und professionelle Haushalte, die Sicheln, Badin, Rinder und Hufeisen sowie Hacken schmieden. Gleichzeitig verwenden verschiedene Fabriken und Minen Drucklufth\u00e4mmer, um Stahlkugeln, Ger\u00fcste und andere Fabriken, Minen und Baumaterialien zu schmieden. Dar\u00fcber hinaus ist diese Serie von Lufth\u00e4mmern auch ein professionelles Schmiedeeisenwerkzeug, das h\u00e4ufig von Schmieden verwendet wird. Es kann verschiedene Arten von Formen herstellen und verschiedene schmiedeeiserne Blumen, V\u00f6gel und andere sch\u00f6ne Dekorationen schmieden.<br \/>\nWir k\u00f6nnen 6 kg, 16 kg, 25 kg, 40 kg, 55 kg, 75 kg, 100 kg, 150 kg, 250 kg, 400 kg, 560 kg, 750 kg, 1000 kg, 2000 kg liefern, um je nach Bedarf unterschiedliche Schmiedearbeiten zu w\u00e4hlen .Sie k\u00f6nnen das Modell anhand der folgenden Spezifikationen ausw\u00e4hlen<\/p>\n<p><strong>TECHNISCHE PARAMETER<br \/>\nModell: C41-25KG<br \/>\nGewicht der fallenden Teile (KG):<\/strong>25 kg<br \/>\n<strong>Strukturtyp:<\/strong>Gespaltener Drucklufthammer<strong><br \/>\nMax.Hit-Energie (KJ):<\/strong>0,27 KJ<strong><br \/>\nMax. geschmiedete Gr\u00f6\u00dfe (Durchmesser) auf Rundstahl:<\/strong>\u00d845mm<br \/>\n<strong>Max.geschmiedete Gr\u00f6\u00dfe (Durchmesser) auf Vierkantstahl:<\/strong>40 x 40 mm<br \/>\n<strong>Leistung:<\/strong> 3KW<br \/>\n<strong>Stromspannung:<\/strong>\u00a0220V\/380V<br \/>\n<strong>Verpackungsma\u00df:<\/strong> 980*510*1200<br \/>\n<strong>GW (kg):<\/strong> 560<\/p>","protected":false},"featured_media":954,"template":"","meta":{"_kad_post_transparent":"default","_kad_post_title":"hide","_kad_post_layout":"fullwidth","_kad_post_sidebar_id":"","_kad_post_content_style":"unboxed","_kad_post_vertical_padding":"hide","_kad_post_feature":"hide","_kad_post_feature_position":"","_kad_post_header":false,"_kad_post_footer":false},"product_brand":[],"product_cat":[28],"product_tag":[444,443,439,416,434,435,437,436,441,442,438,433,440],"class_list":{"0":"post-952","1":"product","2":"type-product","3":"status-publish","4":"has-post-thumbnail","6":"product_cat-blacksmith-power-hammer","7":"product_tag-20kg-25kg-40kg-small-blacksmith-power-hammer-for-sale","8":"product_tag-25kg-40kg-75kg-blacksmith-hammer-machine-for-iron-forging","9":"product_tag-40-kg-blacksmith-power-hammer-for-sale","10":"product_tag-air-hammer","11":"product_tag-air-hammer-and-power-hammer-40kg","12":"product_tag-c41-40kg-air-hammer","13":"product_tag-c41-40kg-model-massey-forging-hammer-for-sale","14":"product_tag-c41-40kg-pneumatic-hammer-forging-machine","15":"product_tag-hot-sale-40kg-blacksmith-air-hammer-for-forging","16":"product_tag-hot-sale-c41-40kg-blacksmith-electric-hammer-for-forging","17":"product_tag-pneumatic-forging-hammer-c41-40kg","18":"product_tag-wholesale-c41-40kg-air-hammer-for-heavy-duty-forging","19":"product_tag-widely-used-iron-blacksmith-40kg-pneumatic-hammer-forging-from-ellsen-company","21":"first","22":"instock","23":"featured","24":"shipping-taxable","25":"product-type-simple","26":"entry","27":"content-bg","28":"loop-entry"},"_links":{"self":[{"href":"https:\/\/zzlcmachinery.com\/de\/wp-json\/wp\/v2\/product\/952","targetHints":{"allow":["GET"]}}],"collection":[{"href":"https:\/\/zzlcmachinery.com\/de\/wp-json\/wp\/v2\/product"}],"about":[{"href":"https:\/\/zzlcmachinery.com\/de\/wp-json\/wp\/v2\/types\/product"}],"version-history":[{"count":0,"href":"https:\/\/zzlcmachinery.com\/de\/wp-json\/wp\/v2\/product\/952\/revisions"}],"wp:featuredmedia":[{"embeddable":true,"href":"https:\/\/zzlcmachinery.com\/de\/wp-json\/wp\/v2\/media\/954"}],"wp:attachment":[{"href":"https:\/\/zzlcmachinery.com\/de\/wp-json\/wp\/v2\/media?parent=952"}],"wp:term":[{"taxonomy":"product_brand","embeddable":true,"href":"https:\/\/zzlcmachinery.com\/de\/wp-json\/wp\/v2\/product_brand?post=952"},{"taxonomy":"product_cat","embeddable":true,"href":"https:\/\/zzlcmachinery.com\/de\/wp-json\/wp\/v2\/product_cat?post=952"},{"taxonomy":"product_tag","embeddable":true,"href":"https:\/\/zzlcmachinery.com\/de\/wp-json\/wp\/v2\/product_tag?post=952"}],"curies":[{"name":"wp","href":"https:\/\/api.w.org\/{rel}","templated":true}]}}