{"id":929,"date":"2022-11-16T23:27:49","date_gmt":"2022-11-16T15:27:49","guid":{"rendered":"https:\/\/zzlcmachinery.com\/?post_type=product&#038;p=929"},"modified":"2022-11-22T14:07:45","modified_gmt":"2022-11-22T06:07:45","slug":"c41-20kg-professional-blacksmith-power-forging-air-hammer","status":"publish","type":"product","link":"https:\/\/zzlcmachinery.com\/de\/produkt\/c41-20kg-professional-blacksmith-power-forging-air-hammer\/","title":{"rendered":"C41-20kg Professioneller Schmiedelufthammer"},"content":{"rendered":"","protected":false},"excerpt":{"rendered":"<p>Dieser C41-20kg professionelle Schmiedelufthammer ist eine geteilte Konstruktionsstruktur. Die Maschine ist in zwei Teile unterteilt, den Amboss und die Hauptmaschine. F\u00fcr den geteilten Lufthammer muss der Kunde ein zementgeh\u00e4rtetes Fundament gem\u00e4\u00df den von uns bereitgestellten Zeichnungen bauen. Der Vorteil des geteilten Lufthammers besteht darin, dass er eine starke Schlagkraft und stabile Leistung aufweist. Lufth\u00e4mmer werden von vielen Schmieden verwendet, um verschiedene dekorative Schmiedest\u00fccke zu schmieden. Nachdem das B\u00fcgeleisen erhitzt wurde, ist es einfacher, die vom Kunden gew\u00fcnschte Form zu h\u00e4mmern und zu verformen. Drucklufth\u00e4mmer k\u00f6nnen an verschiedenen Stellen eingesetzt werden: Einbetten, Formen, Schneiden, Lochen, Nieten, Stanzen usw. Alle Arten von Metallen. Die Lufth\u00e4mmer von Lanchen wurden in die Vereinigten Staaten, Kanada, Russland, das Vereinigte K\u00f6nigreich, Frankreich, Spanien, Mexiko, Kolumbien, S\u00fcdafrika, Vietnam und andere L\u00e4nder verkauft und haben einhelliges Lob erhalten.<br \/>\nWir k\u00f6nnen 6 kg, 16 kg, 25 kg, 40 kg, 55 kg, 75 kg, 100 kg, 150 kg, 250 kg, 400 kg, 560 kg, 750 kg, 1000 kg, 2000 kg liefern, um je nach Bedarf unterschiedliche Schmiedearbeiten zu w\u00e4hlen .Sie k\u00f6nnen das Modell anhand der folgenden Spezifikationen ausw\u00e4hlen<\/p>\n<p><strong>TECHNISCHE PARAMETER<br \/>\nModell: C41-20KG<br \/>\nGewicht der fallenden Teile (KG):<\/strong>20 kg<br \/>\n<strong>Strukturtyp:<\/strong>Gespaltener Drucklufthammer<strong><br \/>\nMax.Hit-Energie (KJ):<\/strong>0,22 KJ<strong><br \/>\nMax. geschmiedete Gr\u00f6\u00dfe (Durchmesser) auf Rundstahl:<\/strong>\u00d835mm<br \/>\n<strong>Max.geschmiedete Gr\u00f6\u00dfe (Durchmesser) auf Vierkantstahl:<\/strong>30 x 30 mm<br \/>\n<strong>Leistung:<\/strong> 2,2 KW<br \/>\n<strong>Stromspannung:<\/strong>\u00a0220V\/380V<br \/>\n<strong>Verpackungsma\u00df:<\/strong> 820*460*1110<br \/>\n<strong>GW (kg):<\/strong> 380<\/p>","protected":false},"featured_media":935,"template":"","meta":{"_kad_post_transparent":"default","_kad_post_title":"hide","_kad_post_layout":"fullwidth","_kad_post_sidebar_id":"","_kad_post_content_style":"unboxed","_kad_post_vertical_padding":"hide","_kad_post_feature":"hide","_kad_post_feature_position":"","_kad_post_header":false,"_kad_post_footer":false},"product_brand":[],"product_cat":[28],"product_tag":[426,416,423,418,414,422,424,421,419,427,407,425,415,420,417],"class_list":{"0":"post-929","1":"product","2":"type-product","3":"status-publish","4":"has-post-thumbnail","6":"product_cat-blacksmith-power-hammer","7":"product_tag-240volt-single-phase-motor-blacksmith-power-forging-hammer","8":"product_tag-air-hammer","9":"product_tag-air-power-chipping-hammer","10":"product_tag-air-power-forging-hammer-blacksmith","11":"product_tag-blacksmith-air-forging-power-hammer","12":"product_tag-c41-20kg-hydraulic-power-hammer-for-sale","13":"product_tag-c41-20kg-professional-blacksmith-power-forging-air-hammer","14":"product_tag-electric-power-hammer","15":"product_tag-forging-wrought-iron-machine","16":"product_tag-hammer-forging-ellsen-wrought-iron-machine-for-sale","17":"product_tag-power-hammer-for-blacksmith","18":"product_tag-profesonal-power-hammer-air-hammer-c41-20kg","19":"product_tag-professional-blacksmith-power-forging-air-hammer","20":"product_tag-small-power-hammer-manufacturers-suppliers","21":"product_tag-source-blacksmith-pneumatic-forging-power-hammer","23":"first","24":"instock","25":"shipping-taxable","26":"product-type-simple","27":"entry","28":"content-bg","29":"loop-entry"},"_links":{"self":[{"href":"https:\/\/zzlcmachinery.com\/de\/wp-json\/wp\/v2\/product\/929","targetHints":{"allow":["GET"]}}],"collection":[{"href":"https:\/\/zzlcmachinery.com\/de\/wp-json\/wp\/v2\/product"}],"about":[{"href":"https:\/\/zzlcmachinery.com\/de\/wp-json\/wp\/v2\/types\/product"}],"version-history":[{"count":0,"href":"https:\/\/zzlcmachinery.com\/de\/wp-json\/wp\/v2\/product\/929\/revisions"}],"wp:featuredmedia":[{"embeddable":true,"href":"https:\/\/zzlcmachinery.com\/de\/wp-json\/wp\/v2\/media\/935"}],"wp:attachment":[{"href":"https:\/\/zzlcmachinery.com\/de\/wp-json\/wp\/v2\/media?parent=929"}],"wp:term":[{"taxonomy":"product_brand","embeddable":true,"href":"https:\/\/zzlcmachinery.com\/de\/wp-json\/wp\/v2\/product_brand?post=929"},{"taxonomy":"product_cat","embeddable":true,"href":"https:\/\/zzlcmachinery.com\/de\/wp-json\/wp\/v2\/product_cat?post=929"},{"taxonomy":"product_tag","embeddable":true,"href":"https:\/\/zzlcmachinery.com\/de\/wp-json\/wp\/v2\/product_tag?post=929"}],"curies":[{"name":"wp","href":"https:\/\/api.w.org\/{rel}","templated":true}]}}