{"id":902,"date":"2022-11-14T18:55:11","date_gmt":"2022-11-14T10:55:11","guid":{"rendered":"https:\/\/zzlcmachinery.com\/?post_type=product&#038;p=902"},"modified":"2022-11-26T00:46:36","modified_gmt":"2022-11-25T16:46:36","slug":"lc-dl60-china-wrought-iron-machine-and-cold-rolling-embossing-machine","status":"publish","type":"product","link":"https:\/\/zzlcmachinery.com\/de\/produkt\/lc-dl60-china-schmiedeeisen-maschine-und-kaltwalz-pragemaschine\/","title":{"rendered":"LC-DL60 China Schmiedeeisenmaschine und Kaltwalzpr\u00e4gemaschine"},"content":{"rendered":"","protected":false},"excerpt":{"rendered":"<p>Diese LC-DL60 China Schmiedeeisenmaschine und Kaltwalzpr\u00e4gemaschine ist eine professionelle Ausr\u00fcstung f\u00fcr Kaltwalz- und Pr\u00e4gemaschinen. Diese Maschine kann Vierkantrohr, Vierkantstahl, Flacheisen, Edelstahlrohr, Rechteckrohr mit international \u00fcblichen Abmessungen verarbeiten. Diese Maschine kann Muster in den vier Ecken des Vierkantrohrs aufnehmen und in das Gel\u00e4nder des verwendeten Treppenrohrs einstecken. L\u00e4uft reibungslos, sicher und zuverl\u00e4ssig. Anwendbar f\u00fcr Geb\u00e4ude, Touristenattraktionen und Heimtextilien.<br \/>\nDer gr\u00f6\u00dfte Vorteil dieser Maschine besteht darin, dass sie \u00fcber einen Satz kombinierter Formen verf\u00fcgt, mit denen 20 \u00d7 20\u2013100 \u00d7 100 mm Vierkantrohre, Rechteckrohre und Edelstahlrohre verarbeitet werden k\u00f6nnen. Solange es sich um das Material handelt, das der Kunde hat, kann es verarbeitet und auf der Form gepr\u00e4gt werden, indem die Dichtungskombination angepasst wird.<br \/>\nSie m\u00fcssen nicht f\u00fcr jede Formgr\u00f6\u00dfe bezahlen, um eine separate Form herzustellen. Sparen Sie Zeit, Geld und M\u00fche.<\/p>\n<p><strong>TECHNISCHE PARAMETER<br \/>\nModell: LC-DL60<\/strong><br \/>\n<strong>B\u00fcgeleisen:<\/strong> \u226410\u00d760mm<br \/>\n<strong>Vierkantstahl:<\/strong>\u00a0\u226425\u00d725mm<br \/>\n<strong>Quadratische R\u00f6hre:<\/strong> \u2264100x100mm<br \/>\n<strong>Leistung:<\/strong> 7,5 KW<br \/>\n<strong>Stromspannung:<\/strong> 220V\/380V<br \/>\n<strong>Verpackungsma\u00df:<\/strong> 1000 \u00d7 800 \u00d7 1200 mm<br \/>\n<strong>NW (kg):<\/strong> 450<br \/>\n<strong>GW (kg):<\/strong> 500<\/p>","protected":false},"featured_media":909,"template":"","meta":{"_kad_post_transparent":"default","_kad_post_title":"hide","_kad_post_layout":"fullwidth","_kad_post_sidebar_id":"","_kad_post_content_style":"unboxed","_kad_post_vertical_padding":"hide","_kad_post_feature":"hide","_kad_post_feature_position":"","_kad_post_header":false,"_kad_post_footer":false},"product_brand":[],"product_cat":[29,19],"product_tag":[387,391,390,381,382,394,388,396,397,392,389,398,395,393],"class_list":{"0":"post-902","1":"product","2":"type-product","3":"status-publish","4":"has-post-thumbnail","6":"product_cat-electric-wrought-iron-processing-machine","7":"product_cat-cold-rolling-embossing-machine","8":"product_tag-blacksmith-embossing-metal-machine","9":"product_tag-buy-handrail-embossling-machine","10":"product_tag-china-iron-art-machine","11":"product_tag-china-metal-craft-embossing-equiment","12":"product_tag-china-wrought-iron-machine-and-cold-rolling-embossing-machine","13":"product_tag-cold-rolling-embossing-machine-for-wrought-iron-decoration","14":"product_tag-embossing-machine-for-rolling-forming-machine-manufacturer","15":"product_tag-flat-iron-embossing-machine","16":"product_tag-forged-square-tube-equipment","17":"product_tag-metal-embossing-handrail-embossing-machine","18":"product_tag-multifunction-adjustable-speed-handrail-cold-embossing-machine","19":"product_tag-ornamental-machine-for-sale","20":"product_tag-square-steel-embossing-machine","21":"product_tag-wrought-iron-decoration","23":"first","24":"instock","25":"featured","26":"shipping-taxable","27":"product-type-simple","28":"entry","29":"content-bg","30":"loop-entry"},"_links":{"self":[{"href":"https:\/\/zzlcmachinery.com\/de\/wp-json\/wp\/v2\/product\/902","targetHints":{"allow":["GET"]}}],"collection":[{"href":"https:\/\/zzlcmachinery.com\/de\/wp-json\/wp\/v2\/product"}],"about":[{"href":"https:\/\/zzlcmachinery.com\/de\/wp-json\/wp\/v2\/types\/product"}],"version-history":[{"count":0,"href":"https:\/\/zzlcmachinery.com\/de\/wp-json\/wp\/v2\/product\/902\/revisions"}],"wp:featuredmedia":[{"embeddable":true,"href":"https:\/\/zzlcmachinery.com\/de\/wp-json\/wp\/v2\/media\/909"}],"wp:attachment":[{"href":"https:\/\/zzlcmachinery.com\/de\/wp-json\/wp\/v2\/media?parent=902"}],"wp:term":[{"taxonomy":"product_brand","embeddable":true,"href":"https:\/\/zzlcmachinery.com\/de\/wp-json\/wp\/v2\/product_brand?post=902"},{"taxonomy":"product_cat","embeddable":true,"href":"https:\/\/zzlcmachinery.com\/de\/wp-json\/wp\/v2\/product_cat?post=902"},{"taxonomy":"product_tag","embeddable":true,"href":"https:\/\/zzlcmachinery.com\/de\/wp-json\/wp\/v2\/product_tag?post=902"}],"curies":[{"name":"wp","href":"https:\/\/api.w.org\/{rel}","templated":true}]}}