{"id":867,"date":"2022-11-10T00:20:57","date_gmt":"2022-11-09T16:20:57","guid":{"rendered":"https:\/\/zzlcmachinery.com\/?post_type=product&#038;p=867"},"modified":"2022-12-13T13:42:15","modified_gmt":"2022-12-13T05:42:15","slug":"jk-30-sheet-iron-plate-cold-embossing-machine","status":"publish","type":"product","link":"https:\/\/zzlcmachinery.com\/de\/produkt\/jk-30-sheet-iron-plate-cold-embossing-machine\/","title":{"rendered":"JK-30 Kaltpr\u00e4gemaschine f\u00fcr Eisenblechplatten"},"content":{"rendered":"","protected":false},"excerpt":{"rendered":"<p>JK-30 Eine Kaltpr\u00e4gemaschine f\u00fcr Blechplatten ist eine Art Maschine, die zum Pr\u00e4gen von Mustern oder Designs auf Metallplatten ohne Verwendung von W\u00e4rme verwendet wird. Dies geschieht durch Pressen der Metallplatte zwischen zwei Stempeln, die entweder mit dem gew\u00fcnschten Muster graviert oder aus einer Form des Designs f\u00fcr die Bed\u00fcrfnisse des Kunden hergestellt wurden. Die Maschine \u00fcbt Druck auf die Metallplatte aus, wodurch sie die Form der Stempel annimmt und ein Pr\u00e4gemuster auf der Metalloberfl\u00e4che erzeugt. Kaltpr\u00e4gen ist eine g\u00e4ngige Technik, die bei der Herstellung von Produkten wie Metallschildern, dekorativen Tafeln und anderen Produkten verwendet wird, die gepr\u00e4gte Muster auf Metallplatten erfordern. Das Kaltpr\u00e4gen wird dem Hei\u00dfpr\u00e4gen oft vorgezogen, da es keine Hitze verwendet, die das Metall besch\u00e4digen oder verzerren kann.<br \/>\nDie Breite der Blechplatte und das Muster der Form k\u00f6nnen kostenlos angepasst werden!<br \/>\n<strong>TECHNISCHE PARAMETER<\/strong><br \/>\n<strong>Material:<\/strong> Eisenblech, Aluminiumblech, Kupferblech, Edelstahlblech<br \/>\n<strong>Materialbreite:<\/strong>30mm<br \/>\n<strong>Materialst\u00e4rke<\/strong>: maximal 2mm<br \/>\n<strong>Leistung:<\/strong> 2,2 KW (entsprechend der Breite und Dicke des Walzmaterials entsprechend den tats\u00e4chlichen Bed\u00fcrfnissen der Kunden)<br \/>\n<strong>Stromspannung:<\/strong>\u00a0220V\/380V\/415V<br \/>\n<strong>Verpackungsma\u00df:<\/strong> 1500 \u00d7 710 \u00d7 800 mm<br \/>\n<strong>NW (kg):<\/strong> 350<br \/>\n<strong>GW (kg):<\/strong> 400<\/p>","protected":false},"featured_media":1535,"template":"","meta":{"_kad_post_transparent":"default","_kad_post_title":"hide","_kad_post_layout":"fullwidth","_kad_post_sidebar_id":"","_kad_post_content_style":"unboxed","_kad_post_vertical_padding":"hide","_kad_post_feature":"hide","_kad_post_feature_position":"","_kad_post_header":false,"_kad_post_footer":false},"product_brand":[],"product_cat":[29,19],"product_tag":[47,521,519,518,520,517,522],"class_list":{"0":"post-867","1":"product","2":"type-product","3":"status-publish","4":"has-post-thumbnail","6":"product_cat-electric-wrought-iron-processing-machine","7":"product_cat-cold-rolling-embossing-machine","8":"product_tag-cold-rolling-embossing-machine","9":"product_tag-cold-rolling-sheet-embossing-machine-manufacturers","10":"product_tag-iorn-sheet-embossing-machine","11":"product_tag-iron-plate-cold-embossing-machine","12":"product_tag-metal-sheet-embossing-machine-manufacturers-suppliers","13":"product_tag-sheet-iron-plate-cold-embossing-machine","14":"product_tag-sheet-iron-plate-embossing-machine","16":"first","17":"instock","18":"shipping-taxable","19":"product-type-simple","20":"entry","21":"content-bg","22":"loop-entry"},"_links":{"self":[{"href":"https:\/\/zzlcmachinery.com\/de\/wp-json\/wp\/v2\/product\/867","targetHints":{"allow":["GET"]}}],"collection":[{"href":"https:\/\/zzlcmachinery.com\/de\/wp-json\/wp\/v2\/product"}],"about":[{"href":"https:\/\/zzlcmachinery.com\/de\/wp-json\/wp\/v2\/types\/product"}],"version-history":[{"count":0,"href":"https:\/\/zzlcmachinery.com\/de\/wp-json\/wp\/v2\/product\/867\/revisions"}],"wp:featuredmedia":[{"embeddable":true,"href":"https:\/\/zzlcmachinery.com\/de\/wp-json\/wp\/v2\/media\/1535"}],"wp:attachment":[{"href":"https:\/\/zzlcmachinery.com\/de\/wp-json\/wp\/v2\/media?parent=867"}],"wp:term":[{"taxonomy":"product_brand","embeddable":true,"href":"https:\/\/zzlcmachinery.com\/de\/wp-json\/wp\/v2\/product_brand?post=867"},{"taxonomy":"product_cat","embeddable":true,"href":"https:\/\/zzlcmachinery.com\/de\/wp-json\/wp\/v2\/product_cat?post=867"},{"taxonomy":"product_tag","embeddable":true,"href":"https:\/\/zzlcmachinery.com\/de\/wp-json\/wp\/v2\/product_tag?post=867"}],"curies":[{"name":"wp","href":"https:\/\/api.w.org\/{rel}","templated":true}]}}