{"id":834,"date":"2022-11-04T22:29:01","date_gmt":"2022-11-04T14:29:01","guid":{"rendered":"https:\/\/zzlcmachinery.com\/?post_type=product&#038;p=834"},"modified":"2022-11-26T00:47:30","modified_gmt":"2022-11-25T16:47:30","slug":"lc120-hydraulic-decorative-iron-pipe-iron-tube-twisting-machine","status":"publish","type":"product","link":"https:\/\/zzlcmachinery.com\/de\/produkt\/lc120-hydraulic-decorative-iron-pipe-iron-tube-twisting-machine\/","title":{"rendered":"LC120 Hydraulische dekorative Eisenrohr-Eisenrohr-Drehmaschine"},"content":{"rendered":"","protected":false},"excerpt":{"rendered":"<p>Diese LC120 Hydraulic dekorative Eisenrohr-Eisenrohr-Verdrehmaschine wird nur zur Verarbeitung von runden Rohren verwendet. Die Funktion der Maschine liegt im Erscheinen verschiedener Muster nach der Bearbeitung der Rundrohre. Diese Halbzeuge werden haupts\u00e4chlich in Gel\u00e4ndern und Skelettst\u00fctzen von T\u00fcren, Fenstern, Treppen und Handl\u00e4ufen verwendet. Sie sind nicht nur sch\u00f6n, sondern auch sehr stark, die verwendeten Materialien sind Rundrohre, sodass die Kosten im Vergleich zu massiven T\u00fcren und Fenstern und Handl\u00e4ufen um mehr als 50%-80% gesenkt werden. Es eignet sich sehr gut f\u00fcr Schmiedebetriebe, die T\u00fcren und Fenster in gro\u00dfem Umfang bedienen. Diese Rohrdrehmaschine dient zur Verarbeitung von Rundrohren mit einem Durchmesser von 60-120 mm. Die Rundrohre k\u00f6nnen nach der Bearbeitung in Rundrohre, Vierkantrohre, 6-Eck-Rohre, 12-Eck-Rohre, 16-Eck-Rohre usw. gedreht werden. Diese verarbeiteten Rohre k\u00f6nnen auch verschiedene Musterformen haben, die haupts\u00e4chlich durch das wiederholte Verdrehen der Maschine hergestellt werden. Die Dichte des Musters und die Tiefe des Musters k\u00f6nnen durch Einstellen des Hydrauliksystems und der Endschalter erreicht werden.<br \/>\nBesonderes Augenmerk sollte darauf gelegt werden, dass die Dicke des Rundrohrs 2,5 mm nicht \u00fcberschreitet.<br \/>\nNehmen Sie das runde Rohr, das in ein quadratisches Rohr gedreht wurde, als Beispiel, ein rundes Rohr mit einem Durchmesser von \u03c6 50 mm, \u03c6 60 mm, \u03c6 76 mm, \u03c6 89 mm, \u03c6 114 mm wird zu einem quadratischen Rohr \u53e3 40 mm \u53e3 50 mm \u53e3 60 mm \u53e3 70 mm \u53e3 90 mm)<br \/>\n24 Stunden Online-Service, lassen Sie uns wissen, wenn Sie Fragen haben!<br \/>\n<strong>TECHNISCHE PARAMETER<br \/>\n<\/strong><strong>Modell: LC-JKLG120<br \/>\nVerarbeitungsmaterial: Rundrohr \u2264\u03a6120mmx3mm<br \/>\nAbmessungen des fertigen Produkts:<\/strong><br \/>\n<strong>Runde R\u00f6hre<\/strong>\u2264\u03a6120mmx2,5mm<br \/>\n<strong>Flaches Rohr<\/strong> \u2264 90 x 60 x 2,5 mm<br \/>\n<strong>Quadratische R\u00f6hre<\/strong>\u226440x40x2,5-90x90x2,5mm<br \/>\n<strong style=\"font-family: var(--global-body-font-family);\">Leistung:<\/strong><span style=\"font-family: var(--global-body-font-family);\"> 11,7 KW<br \/>\n<\/span><strong>F\u00fcr kostenlose stirbt :<\/strong>6 S\u00e4tze<br \/>\n<strong>Stromspannung:<\/strong>\u00a0220V\/380V\/415V<br \/>\n<strong>Verpackungsma\u00df:<\/strong>800*1200*700mm<strong><br \/>\n<\/strong><strong>NW (kg):<\/strong> 2500\u00a0 \u00a0 <strong>GW (kg):<\/strong> 2550<\/p>","protected":false},"featured_media":861,"template":"","meta":{"_kad_post_transparent":"default","_kad_post_title":"","_kad_post_layout":"default","_kad_post_sidebar_id":"","_kad_post_content_style":"default","_kad_post_vertical_padding":"default","_kad_post_feature":"","_kad_post_feature_position":"","_kad_post_header":false,"_kad_post_footer":false},"product_brand":[],"product_cat":[20,31],"product_tag":[350,353,354,339,349,343,355,351,352,111,347],"class_list":{"0":"post-834","1":"product","2":"type-product","3":"status-publish","4":"has-post-thumbnail","6":"product_cat-wrought-iron-twisting-machine","7":"product_cat-electric-pipe-twisting-machine","8":"product_tag-decorate-metal-pipe-tube-twist-wrought-iron-machine","9":"product_tag-decorative-pipe-tube-twisting-machine-pipe-threading-machine","10":"product_tag-factory-hot-sell-automatic-round-stainless-steel-pipe-twisting-machine","11":"product_tag-fully-automatic-multi-functional-round-tube-twisting-machine","12":"product_tag-iron-pipe-stainless-steel-pipe-tube-drawing-machine","13":"product_tag-ornamental-wrought-iron-round-pipe-twisting-making-machine","14":"product_tag-pipe-twisting-machine-for-wrought-iron","15":"product_tag-ss-tube-twisting-design-machine-wrought-iron-threading-pipe-machinery-price","16":"product_tag-tube-twisting-machine-spiral-twist-threading-round-metal-pipes-rotary-swaging-equipments","17":"product_tag-wrought-iron-machine","18":"product_tag-wrought-iron-tube-twisting-machine-for-steel-pipe","20":"first","21":"instock","22":"featured","23":"shipping-taxable","24":"product-type-simple","25":"entry","26":"content-bg","27":"loop-entry"},"_links":{"self":[{"href":"https:\/\/zzlcmachinery.com\/de\/wp-json\/wp\/v2\/product\/834","targetHints":{"allow":["GET"]}}],"collection":[{"href":"https:\/\/zzlcmachinery.com\/de\/wp-json\/wp\/v2\/product"}],"about":[{"href":"https:\/\/zzlcmachinery.com\/de\/wp-json\/wp\/v2\/types\/product"}],"version-history":[{"count":0,"href":"https:\/\/zzlcmachinery.com\/de\/wp-json\/wp\/v2\/product\/834\/revisions"}],"wp:featuredmedia":[{"embeddable":true,"href":"https:\/\/zzlcmachinery.com\/de\/wp-json\/wp\/v2\/media\/861"}],"wp:attachment":[{"href":"https:\/\/zzlcmachinery.com\/de\/wp-json\/wp\/v2\/media?parent=834"}],"wp:term":[{"taxonomy":"product_brand","embeddable":true,"href":"https:\/\/zzlcmachinery.com\/de\/wp-json\/wp\/v2\/product_brand?post=834"},{"taxonomy":"product_cat","embeddable":true,"href":"https:\/\/zzlcmachinery.com\/de\/wp-json\/wp\/v2\/product_cat?post=834"},{"taxonomy":"product_tag","embeddable":true,"href":"https:\/\/zzlcmachinery.com\/de\/wp-json\/wp\/v2\/product_tag?post=834"}],"curies":[{"name":"wp","href":"https:\/\/api.w.org\/{rel}","templated":true}]}}