{"id":832,"date":"2022-11-04T20:23:29","date_gmt":"2022-11-04T12:23:29","guid":{"rendered":"https:\/\/zzlcmachinery.com\/?post_type=product&#038;p=832"},"modified":"2022-11-26T00:47:32","modified_gmt":"2022-11-25T16:47:32","slug":"lc-jklg60-aotumatic-multi-function-round-pipe-twisting-machine","status":"publish","type":"product","link":"https:\/\/zzlcmachinery.com\/de\/produkt\/lc-jklg60-aotumatic-multifunktions-rundrohr-drehmaschine\/","title":{"rendered":"LC-JKLG60 Aotumatic Multifunktions-Rundrohr-Verdrehmaschine"},"content":{"rendered":"","protected":false},"excerpt":{"rendered":"<p>Diese Multifunktions-Rundrohrdrehmaschine LC-JKLG60 Aotumatic kann spiralf\u00f6rmige Rundrohre, Vierkantrohre, Flachrohre mit unterschiedlichen Dicken und Mustern ziehen und verarbeiten.<br \/>\nDie Maschine kann Rundrohre mit einem Durchmesser von maximal 60 mm und einer Dicke von weniger als 1,2 mm zu Spiralrohren herstellen und verarbeiten. Das Rundrohr kann in Vierkantrohr, 6-Eck-Rohr, 8-Eck-Rohr, 16-Eck-Rohr und andere Muster verarbeitet werden.<br \/>\nDas Ziehen der Maschine kann verschiedene Muster in Edelstahl unter speziellen Formen verarbeiten. Das verarbeitete Material ist nicht nur optisch sch\u00f6n, langlebig und stark, sondern auch weil es hohl ist. Die Materialkosten betragen das Doppelte der Materialkosten von Vollmaterial. Es ist eine unverzichtbare Maschine f\u00fcr die Bearbeitung von T\u00fcren, Fenstern, Treppen, Handl\u00e4ufen und Z\u00e4unen<br \/>\n24 Stunden Online-Service, lassen Sie uns wissen, wenn Sie Fragen haben!<br \/>\n<strong>TECHNISCHE PARAMETER<br \/>\n<\/strong><strong>Modell: LC-JKLG60<br \/>\nVerarbeitungsmaterial: Rundrohr \u2264 \u03a660 mm x 1,2 mm<br \/>\nAbmessungen des fertigen Produkts:<\/strong><br \/>\nRunden<strong> Rohr<\/strong>\u2264\u03a660mmx1,2mm<br \/>\nFlachrohr \u2264 60x30x1,2mm<br \/>\nVierkantrohr \u2264 15 x 15 x 1,2-60 x 60 x 1,2 mm<br \/>\n<strong style=\"font-family: var(--global-body-font-family);\">Leistung:<\/strong><span style=\"font-family: var(--global-body-font-family);\"> 7,5 KW<br \/>\n<\/span><strong>F\u00fcr kostenlose stirbt :<\/strong>6 S\u00e4tze<br \/>\n<strong>Stromspannung:<\/strong>\u00a0220V\/380V\/415V<br \/>\n<strong>Verpackungsma\u00df:<\/strong>800*1200*700mm<strong><br \/>\n<\/strong><strong>NW (kg):<\/strong> 1100\u00a0 \u00a0 \u00a0<strong>GW (kg):<\/strong> 1150<\/p>","protected":false},"featured_media":848,"template":"","meta":{"_kad_post_transparent":"default","_kad_post_title":"","_kad_post_layout":"default","_kad_post_sidebar_id":"","_kad_post_content_style":"default","_kad_post_vertical_padding":"default","_kad_post_feature":"","_kad_post_feature_position":"","_kad_post_header":false,"_kad_post_footer":false},"product_brand":[],"product_cat":[20,31,29],"product_tag":[333,334,335,336,337,338,339,340,341,342,343,344,348,345,346,347],"class_list":{"0":"post-832","1":"product","2":"type-product","3":"status-publish","4":"has-post-thumbnail","6":"product_cat-wrought-iron-twisting-machine","7":"product_cat-electric-pipe-twisting-machine","8":"product_cat-electric-wrought-iron-processing-machine","9":"product_tag-aotumatic-multi-function-round-pipe-twisting-machine","10":"product_tag-automatic-rod-pipe-twisting-machine-equipment-with-best-price","11":"product_tag-automatic-tube-threading-pipe-twisting-machine","12":"product_tag-electric-metal-twisting-machine-twist-forming-metal-gate-door-processing-equipment","13":"product_tag-factory-hot-sale-automatic-round-stainless-steel-pipe-twisting-machine","14":"product_tag-finished-products-by-pipe-twisting-machine-2","15":"product_tag-fully-automatic-multi-functional-round-tube-twisting-machine","16":"product_tag-metal-wrought-iron-pipe-twisting-machine-with-factory-price","17":"product_tag-moulds-for-pipe-twisting-machine","18":"product_tag-new-automatic-round-pipe-twisting-machine-for-square-pipe-twisting-shape","19":"product_tag-ornamental-wrought-iron-round-pipe-twisting-making-machine","20":"product_tag-pipe-embossing-and-stretching-machine","21":"product_tag-round-pipe-twisting-machine","22":"product_tag-stainless-steel-pipe-twisting-forming-machine-with-square-pipe-twisting-shape","23":"product_tag-wrought-iron-pipe-twist-and-bend-machine-copper-pipe-twisting-machine","24":"product_tag-wrought-iron-tube-twisting-machine-for-steel-pipe","26":"first","27":"instock","28":"featured","29":"shipping-taxable","30":"product-type-simple","31":"entry","32":"content-bg","33":"loop-entry"},"_links":{"self":[{"href":"https:\/\/zzlcmachinery.com\/de\/wp-json\/wp\/v2\/product\/832","targetHints":{"allow":["GET"]}}],"collection":[{"href":"https:\/\/zzlcmachinery.com\/de\/wp-json\/wp\/v2\/product"}],"about":[{"href":"https:\/\/zzlcmachinery.com\/de\/wp-json\/wp\/v2\/types\/product"}],"version-history":[{"count":0,"href":"https:\/\/zzlcmachinery.com\/de\/wp-json\/wp\/v2\/product\/832\/revisions"}],"wp:featuredmedia":[{"embeddable":true,"href":"https:\/\/zzlcmachinery.com\/de\/wp-json\/wp\/v2\/media\/848"}],"wp:attachment":[{"href":"https:\/\/zzlcmachinery.com\/de\/wp-json\/wp\/v2\/media?parent=832"}],"wp:term":[{"taxonomy":"product_brand","embeddable":true,"href":"https:\/\/zzlcmachinery.com\/de\/wp-json\/wp\/v2\/product_brand?post=832"},{"taxonomy":"product_cat","embeddable":true,"href":"https:\/\/zzlcmachinery.com\/de\/wp-json\/wp\/v2\/product_cat?post=832"},{"taxonomy":"product_tag","embeddable":true,"href":"https:\/\/zzlcmachinery.com\/de\/wp-json\/wp\/v2\/product_tag?post=832"}],"curies":[{"name":"wp","href":"https:\/\/api.w.org\/{rel}","templated":true}]}}