{"id":807,"date":"2022-11-01T20:30:06","date_gmt":"2022-11-01T12:30:06","guid":{"rendered":"https:\/\/zzlcmachinery.com\/?post_type=product&#038;p=807"},"modified":"2022-11-22T14:55:42","modified_gmt":"2022-11-22T06:55:42","slug":"lc-dk-hydraulic-folding-welding-spot-square-buckle-machine-for-forging-handrail","status":"publish","type":"product","link":"https:\/\/zzlcmachinery.com\/de\/produkt\/lc-dk-hydraulic-folding-welding-spot-square-buckle-machine-for-forging-handrail\/","title":{"rendered":"LC-DK Hydraulische faltbare Schwei\u00dfpunkt-Quadratschnallenmaschine zum Schmieden von Handl\u00e4ufen"},"content":{"rendered":"","protected":false},"excerpt":{"rendered":"<p>Diese hydraulische Faltschwei\u00dfpunkt-Quadratschnallenmaschine LC-DK ist eine hydraulische halbautomatische Verpackungsschnallenausr\u00fcstung. Das Hydrauliksystem ist die Hauptantriebskraft. Es \u00fcbernimmt haupts\u00e4chlich die Wickelfunktion am Schwei\u00dfpunkt von schmiedeeisernen Normteilen und Treppengel\u00e4ndern. Eine unentbehrliche Maschine f\u00fcr die k\u00fcnstlerische Metallbearbeitung im europ\u00e4ischen Stil.<br \/>\nDiese Maschine hat zwei Betriebsmodi: Jog-Verarbeitung und automatische Verarbeitung. Die Jog-Verarbeitung kann Schnallen in Zeitlupe verarbeiten. Es wird haupts\u00e4chlich zum Debuggen von Maschinen und zum Debuggen von Standardteilen und der Auswahl von Schnallen verwendet. Die automatische Verarbeitungsfunktion kann kontinuierlich knicken, was Zeit und Arbeit spart.<br \/>\nDie Funktion dieser Maschine besteht darin, den Schwei\u00dfpunkt durch den Knopfstahl zu packen, damit sich der Knopf nicht erw\u00e4rmt, was sich von der Vergangenheit unterscheidet. Schnelle und effiziente Funktionen genie\u00dfen in der Eisenfertigung hohes Ansehen.<br \/>\n24 Stunden Online-Service, lassen Sie uns wissen, wenn Sie Fragen haben!<br \/>\n<strong>TECHNISCHE PARAMETER<br \/>\n<\/strong><strong>Modell: LC-DK<br \/>\nVerarbeitungsmaterial: Baustahl<br \/>\nDie Gr\u00f6\u00dfe der Verarbeitungsschnalle:<\/strong>\u00a0\u226436x20mm<br \/>\n<strong>Leistung:<\/strong> 2,2 KW<br \/>\n<strong>Kostenlose Matrizen: 4 S\u00e4tze<\/strong><br \/>\n<strong>Stromspannung:<\/strong>\u00a0220V\/380V\/415V<br \/>\n<strong>Verpackungsma\u00df:<\/strong> 860 \u00d7 780 \u00d7 1480 mm<br \/>\n<strong>NW (kg):<\/strong> 550\u00a0 \u00a0 \u00a0<strong>GW (kg):<\/strong> 600<\/p>","protected":false},"featured_media":809,"template":"","meta":{"_kad_post_transparent":"default","_kad_post_title":"","_kad_post_layout":"default","_kad_post_sidebar_id":"","_kad_post_content_style":"default","_kad_post_vertical_padding":"default","_kad_post_feature":"","_kad_post_feature_position":"","_kad_post_header":false,"_kad_post_footer":false},"product_brand":[],"product_cat":[29],"product_tag":[320,318,319,321,111,322],"class_list":{"0":"post-807","1":"product","2":"type-product","3":"status-publish","4":"has-post-thumbnail","6":"product_cat-electric-wrought-iron-processing-machine","7":"product_tag-hydraulic-folding-welding-spot-square-buckle-machine-for-forging-handrail","8":"product_tag-hydraulic-wrought-iron-folding-square-buckle-machine-for-fence-staircase-welding-spot","9":"product_tag-hydraulic-wrought-iron-forging-handrail-welding-spot-square-buckle-machine","10":"product_tag-welding-buckle-machine-for-wrought-iron","11":"product_tag-wrought-iron-machine","12":"product_tag-wrought-iron-metal-buckle-machine","14":"first","15":"instock","16":"shipping-taxable","17":"product-type-simple","18":"entry","19":"content-bg","20":"loop-entry"},"_links":{"self":[{"href":"https:\/\/zzlcmachinery.com\/de\/wp-json\/wp\/v2\/product\/807","targetHints":{"allow":["GET"]}}],"collection":[{"href":"https:\/\/zzlcmachinery.com\/de\/wp-json\/wp\/v2\/product"}],"about":[{"href":"https:\/\/zzlcmachinery.com\/de\/wp-json\/wp\/v2\/types\/product"}],"version-history":[{"count":0,"href":"https:\/\/zzlcmachinery.com\/de\/wp-json\/wp\/v2\/product\/807\/revisions"}],"wp:featuredmedia":[{"embeddable":true,"href":"https:\/\/zzlcmachinery.com\/de\/wp-json\/wp\/v2\/media\/809"}],"wp:attachment":[{"href":"https:\/\/zzlcmachinery.com\/de\/wp-json\/wp\/v2\/media?parent=807"}],"wp:term":[{"taxonomy":"product_brand","embeddable":true,"href":"https:\/\/zzlcmachinery.com\/de\/wp-json\/wp\/v2\/product_brand?post=807"},{"taxonomy":"product_cat","embeddable":true,"href":"https:\/\/zzlcmachinery.com\/de\/wp-json\/wp\/v2\/product_cat?post=807"},{"taxonomy":"product_tag","embeddable":true,"href":"https:\/\/zzlcmachinery.com\/de\/wp-json\/wp\/v2\/product_tag?post=807"}],"curies":[{"name":"wp","href":"https:\/\/api.w.org\/{rel}","templated":true}]}}