{"id":766,"date":"2022-11-01T00:17:04","date_gmt":"2022-10-31T16:17:04","guid":{"rendered":"https:\/\/zzlcmachinery.com\/?post_type=product&#038;p=766"},"modified":"2022-11-22T15:10:56","modified_gmt":"2022-11-22T07:10:56","slug":"w12-professional-manual-scroll-bending-tool-with-12-free-dies-for-wrought-iron","status":"publish","type":"product","link":"https:\/\/zzlcmachinery.com\/de\/produkt\/w12-professional-manual-scroll-bending-tool-with-12-free-dies-for-wrought-iron\/","title":{"rendered":"W12 Professionelles manuelles Scroll-Biegewerkzeug mit 12 kostenlosen Matrizen f\u00fcr Schmiedeeisen"},"content":{"rendered":"","protected":false},"excerpt":{"rendered":"<p>Dieses professionelle manuelle Spiralbiegewerkzeug LC-W12 mit 12 freien Matrizen f\u00fcr Schmiedeeisen ist ein Heimwerker-Handwerkzeug zum Bearbeiten von Flacheisen, Vierkantstahl und Rundstahl in \u201eS\u201c-, \u201eC\u201c- und \u201eP\u201c-Form.<br \/>\nDiese manuelle Biegemaschine verf\u00fcgt \u00fcber 12 S\u00e4tze freier Biegewerkzeuge, was ein Satz Biegemaschinen mit den meisten Formen in der Biegemaschine ist. Dieser Vorteil erh\u00f6ht zweifellos den Verarbeitungsbereich der Maschine am st\u00e4rksten und bereichert die Arten von Mustern, die fertiggestellt werden k\u00f6nnen. Es handelt sich um eine Reihe manueller Biegemaschinen, die f\u00fcr Heimwerker und die fr\u00fche Phase der Schmiede erforderlich sind.<br \/>\nDiese Maschine hat nur die Funktion, Blumen zu biegen. Sie kann Flacheisen, Vierkantstahl und Rundstahl mit \u201eS\u201c-, \u201eC\u201c- und \u201eP\u201c-Form biegen.<br \/>\n24 Stunden Online-Service, lassen Sie uns wissen, wenn Sie Fragen haben!<br \/>\n<strong>TECHNISCHE PARAMETER<br \/>\n<\/strong><strong>Modell: LC-W12<br \/>\nB\u00fcgeleisen\u00a0<\/strong> \u00a0 \u22645mm*30mm<br \/>\n<strong>Rundstahl<\/strong> \u2264\u03a610mm<br \/>\n<strong>Quadratischer Stahl<\/strong> \u226410mm*10mm<br \/>\n<strong>Leistung:<\/strong> Handbuch<br \/>\n<strong>Verpackungsma\u00df:<\/strong> 200 \u00d7 200 \u00d7 400 mm<br \/>\n<strong>NW (kg):<\/strong>45<br \/>\n<strong>GW (kg): 50<\/strong><\/p>","protected":false},"featured_media":776,"template":"","meta":{"_kad_post_transparent":"default","_kad_post_title":"","_kad_post_layout":"default","_kad_post_sidebar_id":"","_kad_post_content_style":"default","_kad_post_vertical_padding":"default","_kad_post_feature":"","_kad_post_feature_position":"","_kad_post_header":false,"_kad_post_footer":false},"product_brand":[],"product_cat":[33,34],"product_tag":[281,282,253,280,268,277,279,278,239,176],"class_list":{"0":"post-766","1":"product","2":"type-product","3":"status-publish","4":"has-post-thumbnail","6":"product_cat-manual-wrounght-iron-processing-tools","7":"product_cat-manual-scroll-bender","8":"product_tag-bending-machine-for-sale","9":"product_tag-buy-manual-scroll-bending-machine","10":"product_tag-buy-wrought-iron-scroll-bender","11":"product_tag-dies-for-w12-manual-scroll-bending-machine","12":"product_tag-diy-metal-working-tools","13":"product_tag-manual-scroll-bender","14":"product_tag-manual-steel-scroll-bending-tools","15":"product_tag-professional-manual-metal-scroll-bending-tool-with-12-sets-free-dies-for-wrought-iron","16":"product_tag-scroll-bender-machine-for-flat-iron-round-pipe-square-steel-square-tube","17":"product_tag-wrought-iron-scroll-bender-for-sale","19":"first","20":"instock","21":"shipping-taxable","22":"product-type-simple","23":"entry","24":"content-bg","25":"loop-entry"},"_links":{"self":[{"href":"https:\/\/zzlcmachinery.com\/de\/wp-json\/wp\/v2\/product\/766","targetHints":{"allow":["GET"]}}],"collection":[{"href":"https:\/\/zzlcmachinery.com\/de\/wp-json\/wp\/v2\/product"}],"about":[{"href":"https:\/\/zzlcmachinery.com\/de\/wp-json\/wp\/v2\/types\/product"}],"version-history":[{"count":0,"href":"https:\/\/zzlcmachinery.com\/de\/wp-json\/wp\/v2\/product\/766\/revisions"}],"wp:featuredmedia":[{"embeddable":true,"href":"https:\/\/zzlcmachinery.com\/de\/wp-json\/wp\/v2\/media\/776"}],"wp:attachment":[{"href":"https:\/\/zzlcmachinery.com\/de\/wp-json\/wp\/v2\/media?parent=766"}],"wp:term":[{"taxonomy":"product_brand","embeddable":true,"href":"https:\/\/zzlcmachinery.com\/de\/wp-json\/wp\/v2\/product_brand?post=766"},{"taxonomy":"product_cat","embeddable":true,"href":"https:\/\/zzlcmachinery.com\/de\/wp-json\/wp\/v2\/product_cat?post=766"},{"taxonomy":"product_tag","embeddable":true,"href":"https:\/\/zzlcmachinery.com\/de\/wp-json\/wp\/v2\/product_tag?post=766"}],"curies":[{"name":"wp","href":"https:\/\/api.w.org\/{rel}","templated":true}]}}