{"id":735,"date":"2022-10-30T23:50:58","date_gmt":"2022-10-30T15:50:58","guid":{"rendered":"https:\/\/zzlcmachinery.com\/?post_type=product&#038;p=735"},"modified":"2023-02-09T20:03:43","modified_gmt":"2023-02-09T12:03:43","slug":"lc-hd14pro-electric-multifunction-wrought-iron-ornamental-scroll-bender","status":"publish","type":"product","link":"https:\/\/zzlcmachinery.com\/de\/produkt\/lc-hd14pro-electric-multifunction-wrought-iron-ornamental-scroll-bender\/","title":{"rendered":"LC-HD14Pro Elektrische Multifunktionsbiegemaschine aus Schmiedeeisen"},"content":{"rendered":"","protected":false},"excerpt":{"rendered":"<p>LC-HD14Pro elektrischer Multifunktions-Schmuckranker aus Schmiedeeisen,<br \/>\nDurch technische Integration und Modifikation kombiniert diese manuelle Biegemaschine mehrere urspr\u00fcngliche manuelle Biegemaschinen zu einer multifunktionalen manuellen Biegemaschine, die sich von der urspr\u00fcnglich kleinen Verarbeitungskapazit\u00e4t zu einer Verarbeitungskapazit\u00e4t entwickelt hat, die jetzt mit der von elektrischen Maschinen vergleichbar sein kann. Verbessern Sie die Genauigkeit und Festigkeit des Produkts, und es gibt Handb\u00fccher, Ausr\u00fcstungsformen und Formen f\u00fcr elektrische Biegemaschinen, die \u00fcblich, einfach zu bedienen, energiesparend und umweltfreundlich sind.<br \/>\nDieses Produkt kann Vierkantstahl, Vierkantrohr, Flacheisen, Rundstahl, Rundrohr in P-, S-, C-Form verarbeiten, diese Muster k\u00f6nnen in gro\u00dfem Umfang bei der Verarbeitung, Toren, Treppen, Z\u00e4unen, schmiedeeisernen M\u00f6beln usw. verwendet werden. Das manuelle Biegen Maschine ist definitiv eine gute Wahl f\u00fcr den Einstieg in die Schmiedekarriere.<br \/>\n24 Stunden Online-Service, lassen Sie uns wissen, wenn Sie Fragen haben!<br \/>\n<strong>TECHNISCHE PARAMETER<br \/>\n<\/strong><strong>Modell: LC-HD14Pro<br \/>\nB\u00fcgeleisen:<\/strong>\u226430*6mm<br \/>\n<strong>Rundstahl:<\/strong> \u2264\u03c614mm<br \/>\n<strong>Vierkantstahl:<\/strong>\u226414*14mm<br \/>\n<strong>Quadratische R\u00f6hre:<\/strong>\u226414*14mm<br \/>\n<strong>Rundes Rohr:<\/strong>\u2264\u03c619mm<br \/>\n<strong>Leistung:<\/strong> Handbuch<br \/>\n<strong>Verpackungsma\u00df:<\/strong> 600 x 600 x 600 mm<br \/>\n<strong>NW (kg):<\/strong>50<br \/>\n<strong>GW (kg):<\/strong>55<\/p>","protected":false},"featured_media":736,"template":"","meta":{"_kad_post_transparent":"default","_kad_post_title":"","_kad_post_layout":"default","_kad_post_sidebar_id":"","_kad_post_content_style":"default","_kad_post_vertical_padding":"default","_kad_post_feature":"","_kad_post_feature_position":"","_kad_post_header":false,"_kad_post_footer":false},"product_brand":[],"product_cat":[33,27,34],"product_tag":[232,235,243,49,242,182,234,240,241,239,238,185,192,194,189,111,176,193],"class_list":{"0":"post-735","1":"product","2":"type-product","3":"status-publish","4":"has-post-thumbnail","6":"product_cat-manual-wrounght-iron-processing-tools","7":"product_cat-electric-scroll-bending-machine","8":"product_cat-manual-scroll-bender","9":"product_tag-buy-metal-scroll-bender","10":"product_tag-buy-metal-tube-bender-with-free-dies","11":"product_tag-buy-scroll-bending-machine","12":"product_tag-electric-scroll-bending-machine","13":"product_tag-electric-wrought-iron-scroll-bender-making-machine","14":"product_tag-iron-pattern-bender","15":"product_tag-metal-tube-bender","16":"product_tag-mutifunction-ornamental-iron-tube-scroll-bending-machine-for-sale","17":"product_tag-ornamental-scroll","18":"product_tag-scroll-bender-machine-for-flat-iron-round-pipe-square-steel-square-tube","19":"product_tag-scroll-bender-tools","20":"product_tag-scroll-bending-machine-for-sale","21":"product_tag-scroll-making-machine","22":"product_tag-scroll-pattern-bender-equipment","23":"product_tag-scroll-pattern-bending-machine","24":"product_tag-wrought-iron-machine","25":"product_tag-wrought-iron-scroll-bender-for-sale","26":"product_tag-wrought-iron-scrolling-bending-machine","28":"first","29":"instock","30":"shipping-taxable","31":"product-type-simple","32":"entry","33":"content-bg","34":"loop-entry"},"_links":{"self":[{"href":"https:\/\/zzlcmachinery.com\/de\/wp-json\/wp\/v2\/product\/735","targetHints":{"allow":["GET"]}}],"collection":[{"href":"https:\/\/zzlcmachinery.com\/de\/wp-json\/wp\/v2\/product"}],"about":[{"href":"https:\/\/zzlcmachinery.com\/de\/wp-json\/wp\/v2\/types\/product"}],"version-history":[{"count":0,"href":"https:\/\/zzlcmachinery.com\/de\/wp-json\/wp\/v2\/product\/735\/revisions"}],"wp:featuredmedia":[{"embeddable":true,"href":"https:\/\/zzlcmachinery.com\/de\/wp-json\/wp\/v2\/media\/736"}],"wp:attachment":[{"href":"https:\/\/zzlcmachinery.com\/de\/wp-json\/wp\/v2\/media?parent=735"}],"wp:term":[{"taxonomy":"product_brand","embeddable":true,"href":"https:\/\/zzlcmachinery.com\/de\/wp-json\/wp\/v2\/product_brand?post=735"},{"taxonomy":"product_cat","embeddable":true,"href":"https:\/\/zzlcmachinery.com\/de\/wp-json\/wp\/v2\/product_cat?post=735"},{"taxonomy":"product_tag","embeddable":true,"href":"https:\/\/zzlcmachinery.com\/de\/wp-json\/wp\/v2\/product_tag?post=735"}],"curies":[{"name":"wp","href":"https:\/\/api.w.org\/{rel}","templated":true}]}}