{"id":727,"date":"2022-10-30T20:46:07","date_gmt":"2022-10-30T12:46:07","guid":{"rendered":"https:\/\/zzlcmachinery.com\/?post_type=product&#038;p=727"},"modified":"2022-11-22T15:27:33","modified_gmt":"2022-11-22T07:27:33","slug":"lc-hd14-multifunction-wrought-iron-ornamental-scroll-bender","status":"publish","type":"product","link":"https:\/\/zzlcmachinery.com\/de\/produkt\/lc-hd14-multifunction-wrought-iron-ornamental-scroll-bender\/","title":{"rendered":"LC-HD14 Manuelles Metallhandwerk Selbstgemachter Scroll-Bieger"},"content":{"rendered":"","protected":false},"excerpt":{"rendered":"<p>LC-HD14 manuelles Metallhandwerk hausgemachter Scroll-Bieger, durch technische Integration und Modifikation kombiniert diese manuelle Biegemaschine mehrere originale manuelle Biegemaschinen zu einer multifunktionalen manuellen Biegemaschine, die sich von der urspr\u00fcnglichen kleinen Verarbeitungskapazit\u00e4t zu der Verarbeitungskapazit\u00e4t ge\u00e4ndert hat, die kann jetzt mit elektrischen Maschinen vergleichbar sein. Verbessern Sie die Genauigkeit und Festigkeit des Produkts, und es gibt Handb\u00fccher, Ausr\u00fcstungsformen und Formen f\u00fcr elektrische Biegemaschinen, die \u00fcblich, einfach zu bedienen, energiesparend und umweltfreundlich sind.<br \/>\nDieses Produkt kann Vierkantstahl, Vierkantrohr, Flacheisen, Rundstahl, Rundrohr in P-, S-, C-Form verarbeiten, diese Muster k\u00f6nnen in gro\u00dfem Umfang bei der Verarbeitung, Toren, Treppen, Z\u00e4unen, schmiedeeisernen M\u00f6beln usw. verwendet werden. Das manuelle Biegen Maschine ist definitiv eine gute Wahl f\u00fcr den Einstieg in die Schmiedekarriere.<br \/>\n24 Stunden Online-Service, lassen Sie uns wissen, wenn Sie Fragen haben!<br \/>\n<strong>TECHNISCHE PARAMETER<br \/>\n<\/strong><strong>Modell: LC-HD14<br \/>\nB\u00fcgeleisen:<\/strong>\u226430*6mm<br \/>\n<strong>Rundstahl:<\/strong> \u2264\u03c614mm<br \/>\n<strong>Vierkantstahl:<\/strong>\u226414*14mm<br \/>\n<strong>Quadratische R\u00f6hre:<\/strong>\u226414*14mm<br \/>\n<strong>Rundes Rohr:<\/strong>\u2264\u03c619mm<br \/>\n<strong>Leistung:<\/strong> Handbuch<br \/>\n<strong>Verpackungsma\u00df:<\/strong> 600 x 600 x 600 mm<br \/>\n<strong>NW (kg):<\/strong>50<br \/>\n<strong>GW (kg):<\/strong>55<\/p>","protected":false},"featured_media":729,"template":"","meta":{"_kad_post_transparent":"default","_kad_post_title":"","_kad_post_layout":"default","_kad_post_sidebar_id":"","_kad_post_content_style":"default","_kad_post_vertical_padding":"default","_kad_post_feature":"","_kad_post_feature_position":"","_kad_post_header":false,"_kad_post_footer":false},"product_brand":[],"product_cat":[33,34],"product_tag":[232,235,49,182,237,236,231,233,234,238,185,192,194,189,111,193],"class_list":{"0":"post-727","1":"product","2":"type-product","3":"status-publish","4":"has-post-thumbnail","6":"product_cat-manual-wrounght-iron-processing-tools","7":"product_cat-manual-scroll-bender","8":"product_tag-buy-metal-scroll-bender","9":"product_tag-buy-metal-tube-bender-with-free-dies","10":"product_tag-electric-scroll-bending-machine","11":"product_tag-iron-pattern-bender","12":"product_tag-manual-metal-craft-homemade-scroll-bender","13":"product_tag-manual-metal-craft-tools-for-sale","14":"product_tag-manual-metal-scroll-bender","15":"product_tag-manual-metal-scroll-wrought-iron-craft-bending","16":"product_tag-metal-tube-bender","17":"product_tag-scroll-bender-tools","18":"product_tag-scroll-bending-machine-for-sale","19":"product_tag-scroll-making-machine","20":"product_tag-scroll-pattern-bender-equipment","21":"product_tag-scroll-pattern-bending-machine","22":"product_tag-wrought-iron-machine","23":"product_tag-wrought-iron-scrolling-bending-machine","25":"first","26":"instock","27":"shipping-taxable","28":"product-type-simple","29":"entry","30":"content-bg","31":"loop-entry"},"_links":{"self":[{"href":"https:\/\/zzlcmachinery.com\/de\/wp-json\/wp\/v2\/product\/727","targetHints":{"allow":["GET"]}}],"collection":[{"href":"https:\/\/zzlcmachinery.com\/de\/wp-json\/wp\/v2\/product"}],"about":[{"href":"https:\/\/zzlcmachinery.com\/de\/wp-json\/wp\/v2\/types\/product"}],"version-history":[{"count":0,"href":"https:\/\/zzlcmachinery.com\/de\/wp-json\/wp\/v2\/product\/727\/revisions"}],"wp:featuredmedia":[{"embeddable":true,"href":"https:\/\/zzlcmachinery.com\/de\/wp-json\/wp\/v2\/media\/729"}],"wp:attachment":[{"href":"https:\/\/zzlcmachinery.com\/de\/wp-json\/wp\/v2\/media?parent=727"}],"wp:term":[{"taxonomy":"product_brand","embeddable":true,"href":"https:\/\/zzlcmachinery.com\/de\/wp-json\/wp\/v2\/product_brand?post=727"},{"taxonomy":"product_cat","embeddable":true,"href":"https:\/\/zzlcmachinery.com\/de\/wp-json\/wp\/v2\/product_cat?post=727"},{"taxonomy":"product_tag","embeddable":true,"href":"https:\/\/zzlcmachinery.com\/de\/wp-json\/wp\/v2\/product_tag?post=727"}],"curies":[{"name":"wp","href":"https:\/\/api.w.org\/{rel}","templated":true}]}}