{"id":708,"date":"2022-10-29T23:52:18","date_gmt":"2022-10-29T15:52:18","guid":{"rendered":"https:\/\/zzlcmachinery.com\/?post_type=product&#038;p=708"},"modified":"2022-11-22T15:31:38","modified_gmt":"2022-11-22T07:31:38","slug":"lc-jkdn25c-wrought-iron-metal-twisting-machine","status":"publish","type":"product","link":"https:\/\/zzlcmachinery.com\/de\/produkt\/lc-jkdn25c-wrought-iron-metal-twisting-machine\/","title":{"rendered":"LC-JKDN25C Drehmaschine aus Schmiedeeisen"},"content":{"rendered":"","protected":false},"excerpt":{"rendered":"<p>Die schmiedeeiserne Metalldrehmaschine LC-JKDN25C ist eine wichtige Maschine zur Herstellung von Toren, Z\u00e4unen, Gel\u00e4ndern, Treppen, M\u00f6beln, Eisenbetten, St\u00fchlen und Tischen, geschmiedeten Eisenstangen, Teilen und Girlandenk\u00f6pfen f\u00fcr Schmiede. Die Zwirnmaschine verbessert die Technologie auf der Basis der urspr\u00fcnglichen elektrischen Zwirnmaschine. Das Maschinenprogramm wird automatisch korrigiert, wobei alle Produkte gleich bleiben, sodass der Zweck der Massenproduktion erreicht werden kann. LC-JKDN25C Diese Maschine hat nur die Funktion, die Drehung zu verdrehen.<br \/>\nNach Verbesserung der Maschine. Diese Maschine kann frei zwischen dem Windenmechanismus und dem Original-Reitstock wechseln. Demontieren Sie die Teleskopschiene des drehbaren Hecksitzes und dr\u00fccken Sie dann den Blumenkorbmechanismus, um ihn mit der Originalsteckdose zu verbinden, um den Blumenkorb zu drehen. Daher k\u00f6nnen Kunden diese Maschine in Betracht ziehen, wenn das Budget begrenzt ist, und wenn das Budget ausreicht, kann die Form erg\u00e4nzt werden, um die Funktion einer Blumenkorbmaschine zu erhalten.<br \/>\nSie k\u00f6nnen nicht nur die Brezelform drehen, Sie k\u00f6nnen auch Blumenk\u00f6rbe (Vogelk\u00e4fige) drehen.<br \/>\nDie Form wird mit der Maschine geliefert, um 9 Formens\u00e4tze bereitzustellen.<br \/>\n24 Stunden Online-Service, lassen Sie uns wissen, wenn Sie Fragen haben!<br \/>\n<strong>TECHNISCHE PARAMETER<br \/>\n<\/strong><strong>Modell: LC-JKDN25C<br \/>\nMaximale Arbeitsf\u00e4higkeit:<\/strong> L\u00e4nge \u2264 200-800 mm<br \/>\n<strong>Quadratischer Stahl<\/strong> \u226425\u00d725 mm<br \/>\n<strong>B\u00fcgeleisen<\/strong> \u226480x10mm<br \/>\n<strong>Leistung:<\/strong> 5,2 KW<br \/>\n<strong>F\u00fcr kostenlose stirbt :<\/strong>6 S\u00e4tze quadratischer Stahlmatrizen, 3 S\u00e4tze flacher Eisenmatrizen<br \/>\n<strong>Stromspannung:<\/strong>\u00a0220V\/380V\/415V<br \/>\n<strong>Verpackungsma\u00df:<\/strong> 1400 \u00d7 620 \u00d7 1100 mm<br \/>\n<strong>NW (kg):<\/strong> 480\u00a0 \u00a0 \u00a0 <strong>GW (kg):<\/strong> 550<\/p>","protected":false},"featured_media":721,"template":"","meta":{"_kad_post_transparent":"default","_kad_post_title":"","_kad_post_layout":"default","_kad_post_sidebar_id":"","_kad_post_content_style":"default","_kad_post_vertical_padding":"default","_kad_post_feature":"","_kad_post_feature_position":"","_kad_post_header":false,"_kad_post_footer":false},"product_brand":[],"product_cat":[20,29],"product_tag":[196,230,229,204,197,209],"class_list":{"0":"post-708","1":"product","2":"type-product","3":"status-publish","4":"has-post-thumbnail","6":"product_cat-wrought-iron-twisting-machine","7":"product_cat-electric-wrought-iron-processing-machine","8":"product_tag-automatic-wrought-iron-twisting-machine","9":"product_tag-electric-metal-twisting-machine","10":"product_tag-finished-product-of-wrought-iron-twisting-machine","11":"product_tag-multifunctional-wrought-iron-machine","12":"product_tag-twisting-machine-at-best-price-in-china","13":"product_tag-wrought-iron-twist-machine","15":"first","16":"instock","17":"shipping-taxable","18":"product-type-simple","19":"entry","20":"content-bg","21":"loop-entry"},"_links":{"self":[{"href":"https:\/\/zzlcmachinery.com\/de\/wp-json\/wp\/v2\/product\/708","targetHints":{"allow":["GET"]}}],"collection":[{"href":"https:\/\/zzlcmachinery.com\/de\/wp-json\/wp\/v2\/product"}],"about":[{"href":"https:\/\/zzlcmachinery.com\/de\/wp-json\/wp\/v2\/types\/product"}],"version-history":[{"count":0,"href":"https:\/\/zzlcmachinery.com\/de\/wp-json\/wp\/v2\/product\/708\/revisions"}],"wp:featuredmedia":[{"embeddable":true,"href":"https:\/\/zzlcmachinery.com\/de\/wp-json\/wp\/v2\/media\/721"}],"wp:attachment":[{"href":"https:\/\/zzlcmachinery.com\/de\/wp-json\/wp\/v2\/media?parent=708"}],"wp:term":[{"taxonomy":"product_brand","embeddable":true,"href":"https:\/\/zzlcmachinery.com\/de\/wp-json\/wp\/v2\/product_brand?post=708"},{"taxonomy":"product_cat","embeddable":true,"href":"https:\/\/zzlcmachinery.com\/de\/wp-json\/wp\/v2\/product_cat?post=708"},{"taxonomy":"product_tag","embeddable":true,"href":"https:\/\/zzlcmachinery.com\/de\/wp-json\/wp\/v2\/product_tag?post=708"}],"curies":[{"name":"wp","href":"https:\/\/api.w.org\/{rel}","templated":true}]}}