{"id":707,"date":"2022-10-29T23:51:51","date_gmt":"2022-10-29T15:51:51","guid":{"rendered":"https:\/\/zzlcmachinery.com\/?post_type=product&#038;p=707"},"modified":"2022-11-22T15:34:49","modified_gmt":"2022-11-22T07:34:49","slug":"lc-jkdn25e-electric-8-wires-basket-twisting-machine-iron-craft-bird-cage-making-machine-wrought-iron-machine","status":"publish","type":"product","link":"https:\/\/zzlcmachinery.com\/de\/produkt\/lc-jkdn25e-electric-8-wires-basket-twisting-machine-iron-craft-bird-cage-making-machine-wrought-iron-machine\/","title":{"rendered":"LC-JKDN25E Elektrische 8-Draht-Korbdrehmaschine Eisenhandwerk Vogelk\u00e4figherstellungsmaschine Schmiedeeisenmaschine"},"content":{"rendered":"","protected":false},"excerpt":{"rendered":"<p>LC-JKDN25E Elektrische 8-Draht-Korbdrehmaschine Eisenhandwerk Vogelk\u00e4figmaschine Schmiedeeisenmaschine ist ein professionelles Metallverarbeitungswerkzeug, das speziell f\u00fcr die Verarbeitung von Mehrdraht-Vogelk\u00e4figen verwendet wird. Es kann 8-Draht-Blumenk\u00f6rbe, 4-Draht-Blumenk\u00f6rbe und 12-Draht-Blumenk\u00f6rbe verarbeiten (12-Draht-Blumenkorb als anpassbare Option f\u00fcr Kunden). W\u00e4hrend der Verarbeitung m\u00fcssen zuerst 4 oder 8 Materialdr\u00e4hte verarbeitet werden: Die beiden Materialenden m\u00fcssen vor der Verarbeitung miteinander verschwei\u00dft werden.<br \/>\nInsbesondere die Herstellung von 8-Draht-Blumenk\u00f6rben muss vor der Verarbeitung kalziniert und gek\u00fchlt werden, und das Endprodukt ist ausgezeichnet. Der maximale Verarbeitungsdurchmesser dieser Maschine betr\u00e4gt 25 mm Vierkantstahl. Die maximale Verarbeitungskapazit\u00e4t dieser Maschine betr\u00e4gt 12 Reihen Blumenk\u00f6rbe. Die Maschine liefert nach dem Zufallsprinzip freie Formen. 5 S\u00e4tze Blumenkorbformen werden kostenlos zur Verf\u00fcgung gestellt (einschlie\u00dflich Blumenkorb mit 8 Dr\u00e4hten und Blumenkorb mit 4 K\u00f6rben): Der Durchmesser der Verarbeitungsform betr\u00e4gt 12 mm, 14 mm, 18 mm, 20 mm. 24-Stunden-Online-Service, lassen Sie es uns wissen, wenn Hast du irgendwelche Fragen!<br \/>\n<strong>TECHNISCHE PARAMETER<br \/>\n<\/strong><strong>Modell: LC-JKDN25D<br \/>\nMaximale Arbeitsf\u00e4higkeit:<\/strong> L\u00e4nge \u2264 200-800 mm<br \/>\n<strong>Quadratischer Stahl<\/strong> \u226425 \u00d7 25 mm Rundstahl: \u03a66 mm, \u03a68 mm<br \/>\n<strong>B\u00fcgeleisen<\/strong> \u226480x10mm<br \/>\n<strong>Leistung:<\/strong> 5,2 KW<br \/>\n<strong>F\u00fcr kostenlose stirbt :<\/strong>6 S\u00e4tze quadratischer Stahlstanzen, 3 S\u00e4tze Flacheisenstanzen, 5 S\u00e4tze Korbblumenstanzen<br \/>\n<strong>Stromspannung:<\/strong>\u00a0220V\/380V\/415V<br \/>\n<strong>Verpackungsma\u00df:<\/strong> 1400 \u00d7 620 \u00d7 1100 mm<br \/>\n<strong>NW (kg):<\/strong> 480\u00a0 \u00a0 \u00a0 <strong>GW (kg):<\/strong> 550<\/p>","protected":false},"featured_media":710,"template":"","meta":{"_kad_post_transparent":"default","_kad_post_title":"","_kad_post_layout":"default","_kad_post_sidebar_id":"","_kad_post_content_style":"default","_kad_post_vertical_padding":"default","_kad_post_feature":"","_kad_post_feature_position":"","_kad_post_header":false,"_kad_post_footer":false},"product_brand":[],"product_cat":[20,29],"product_tag":[214,223,221,228,212,210,226,219,211,225,216,220,222,218,227,224,213,215,111,217],"class_list":{"0":"post-707","1":"product","2":"type-product","3":"status-publish","4":"has-post-thumbnail","6":"product_cat-wrought-iron-twisting-machine","7":"product_cat-electric-wrought-iron-processing-machine","8":"product_tag-basket-maker","9":"product_tag-basket-twister","10":"product_tag-buy-basket-making-tool","11":"product_tag-buy-used-wrought-iron-machines","12":"product_tag-electric-4-wires-basket-twisting-machine","13":"product_tag-electric-8-wires-basket-making-machine","14":"product_tag-ellsen-metalcraft-machinery","15":"product_tag-ellsen-ornamental-wrought-iron","16":"product_tag-iron-craft-bird-cage-making-machine","17":"product_tag-metal-bar-twisting-basket-making-machine","18":"product_tag-metal-craft-basket-making-machine","19":"product_tag-metal-craft-making-attachemnt-steel-twister-tool","20":"product_tag-metal-craft-twister-tool","21":"product_tag-metal-twisting-machine","22":"product_tag-metal-twisting-wrought-iron-machine-for-making-wire-basket","23":"product_tag-steel-basket-twist-tool","24":"product_tag-wire-twister-machine","25":"product_tag-wrought-iron-basket-machine","26":"product_tag-wrought-iron-machine","27":"product_tag-wrought-iron-twisting-machine-manufacturers","29":"first","30":"instock","31":"shipping-taxable","32":"product-type-simple","33":"entry","34":"content-bg","35":"loop-entry"},"_links":{"self":[{"href":"https:\/\/zzlcmachinery.com\/de\/wp-json\/wp\/v2\/product\/707","targetHints":{"allow":["GET"]}}],"collection":[{"href":"https:\/\/zzlcmachinery.com\/de\/wp-json\/wp\/v2\/product"}],"about":[{"href":"https:\/\/zzlcmachinery.com\/de\/wp-json\/wp\/v2\/types\/product"}],"version-history":[{"count":0,"href":"https:\/\/zzlcmachinery.com\/de\/wp-json\/wp\/v2\/product\/707\/revisions"}],"wp:featuredmedia":[{"embeddable":true,"href":"https:\/\/zzlcmachinery.com\/de\/wp-json\/wp\/v2\/media\/710"}],"wp:attachment":[{"href":"https:\/\/zzlcmachinery.com\/de\/wp-json\/wp\/v2\/media?parent=707"}],"wp:term":[{"taxonomy":"product_brand","embeddable":true,"href":"https:\/\/zzlcmachinery.com\/de\/wp-json\/wp\/v2\/product_brand?post=707"},{"taxonomy":"product_cat","embeddable":true,"href":"https:\/\/zzlcmachinery.com\/de\/wp-json\/wp\/v2\/product_cat?post=707"},{"taxonomy":"product_tag","embeddable":true,"href":"https:\/\/zzlcmachinery.com\/de\/wp-json\/wp\/v2\/product_tag?post=707"}],"curies":[{"name":"wp","href":"https:\/\/api.w.org\/{rel}","templated":true}]}}