{"id":687,"date":"2022-10-28T18:36:53","date_gmt":"2022-10-28T10:36:53","guid":{"rendered":"https:\/\/zzlcmachinery.com\/?post_type=product&#038;p=687"},"modified":"2022-10-30T18:14:10","modified_gmt":"2022-10-30T10:14:10","slug":"lc-jkdn25d-muliti-function-wrought-iron-metal-twisting-machine-design-for-sale","status":"publish","type":"product","link":"https:\/\/zzlcmachinery.com\/de\/produkt\/lc-jkdn25d-muliti-function-wrought-iron-metal-twisting-machine-design-for-sale\/","title":{"rendered":"LC-JKDN25D Multi-Funktions-Schmiedeeisen-Metall-Zwirnmaschinen-Design zum Verkauf"},"content":{"rendered":"","protected":false},"excerpt":{"rendered":"<p>Die zum Verkauf stehende LC-JKDN25D Multi-Funktions-Schmiedeeisen-Metallzwirnmaschine ist die vielseitigste Metallzwirnmaschine, die Flacheisen, Vierkantstahl, Rundstahl und Vierkantrohr verdrehen kann. Es kann nicht nur Metallmaterialien in Twist-Form verarbeiten, sondern auch mehrere quadratische Stahl- oder Rundstahlteile zu mehreren Twist- oder Korbblumenmustern zusammendrehen, was die k\u00fcnstlerische Verarbeitungsstruktur von T\u00fcr- und Fensterhandl\u00e4ufen erheblich bereichert.<br \/>\nDas Maximum kann 25 x 25 mm Vierkantstahl, 30 x 8 mm Flacheisen verdrehen, kann 4 St\u00fcck \u03a612 mm Rundstahl, 4 St\u00fcck 12 x 12 mm Vierkantstahl zu einer 4-str\u00e4ngigen Blumenkorbform drehen.<br \/>\nEs sind 4-Strang-K\u00f6rbe, 8-Strang-K\u00f6rbe und 12-Strang-K\u00f6rbe erh\u00e4ltlich. Die zu Korbblumen verarbeiteten Materialien sind ebenfalls sehr verbreitete Vierkantst\u00e4hle mit den Abmessungen 4 x 4 mm, 6 x 6 mm, 7 x 7 mm, 8 x 8 mm und Rundst\u00e4hle mit den Durchmessern 6 mm und 8mm.<br \/>\nDiese Maschine verteilt zuf\u00e4llig 12 Formens\u00e4tze, und die Formen f\u00fcr Blumenk\u00f6rbe mit 8 und 12 Str\u00e4ngen m\u00fcssen von den Kunden gekauft werden.<br \/>\n24 Stunden Online-Service, lassen Sie uns wissen, wenn Sie Fragen haben!<br \/>\n<strong>TECHNISCHE PARAMETER<br \/>\n<\/strong><strong>Modell: LC-JKDN25D<br \/>\nMaximale Arbeitsf\u00e4higkeit:<\/strong> L\u00e4nge \u2264 200-800 mm<br \/>\n<strong>Quadratischer Stahl<\/strong> \u226425 \u00d7 25 mm Rundstahl: \u03a66 mm, \u03a68 mm<br \/>\n<strong>B\u00fcgeleisen<\/strong> \u226480x10mm<br \/>\n<strong>Leistung:<\/strong> 5,2 KW<br \/>\n<strong>F\u00fcr kostenlose stirbt :<\/strong>6 S\u00e4tze quadratischer Stahlstanzen, 3 S\u00e4tze Flacheisenstanzen, 4 S\u00e4tze von 4-Strant-Korbblumenstanzen<br \/>\n<strong>Stromspannung:<\/strong>\u00a0220V\/380V\/415V<br \/>\n<strong>Verpackungsma\u00df:<\/strong> 1400 \u00d7 620 \u00d7 1100 mm<br \/>\n<strong>NW (kg):<\/strong> 480\u00a0 \u00a0 \u00a0 <strong>GW (kg):<\/strong> 550<\/p>","protected":false},"featured_media":690,"template":"","meta":{"_kad_post_transparent":"default","_kad_post_title":"","_kad_post_layout":"default","_kad_post_sidebar_id":"","_kad_post_content_style":"default","_kad_post_vertical_padding":"default","_kad_post_feature":"","_kad_post_feature_position":"","_kad_post_header":false,"_kad_post_footer":false},"product_brand":[],"product_cat":[20,29],"product_tag":[207,208,196,198,206,202,205,200,204,203,197,199,201,209],"class_list":{"0":"post-687","1":"product","2":"type-product","3":"status-publish","4":"has-post-thumbnail","6":"product_cat-wrought-iron-twisting-machine","7":"product_cat-electric-wrought-iron-processing-machine","8":"product_tag-4-strand-flower-basket-electric-twisting-machine","9":"product_tag-8-strand-flower-basket-electric-twisting-machine","10":"product_tag-automatic-wrought-iron-twisting-machine","11":"product_tag-ellsen-wrought-iron-machine","12":"product_tag-flower-ball-twisting-machine-for-wrought-iron","13":"product_tag-high-quality-wrought-iron-twisting-machine","14":"product_tag-muliti-function-wrought-iron-metal-twisting-machine-design","15":"product_tag-multi-function-wrought-iron-machine-for-sale","16":"product_tag-multifunctional-wrought-iron-machine","17":"product_tag-twisting-machine","18":"product_tag-twisting-machine-at-best-price-in-china","19":"product_tag-twisting-machines","20":"product_tag-wrought-iron-metal-twisting-machine-for-sale","21":"product_tag-wrought-iron-twist-machine","23":"first","24":"instock","25":"shipping-taxable","26":"product-type-simple","27":"entry","28":"content-bg","29":"loop-entry"},"_links":{"self":[{"href":"https:\/\/zzlcmachinery.com\/de\/wp-json\/wp\/v2\/product\/687","targetHints":{"allow":["GET"]}}],"collection":[{"href":"https:\/\/zzlcmachinery.com\/de\/wp-json\/wp\/v2\/product"}],"about":[{"href":"https:\/\/zzlcmachinery.com\/de\/wp-json\/wp\/v2\/types\/product"}],"version-history":[{"count":0,"href":"https:\/\/zzlcmachinery.com\/de\/wp-json\/wp\/v2\/product\/687\/revisions"}],"wp:featuredmedia":[{"embeddable":true,"href":"https:\/\/zzlcmachinery.com\/de\/wp-json\/wp\/v2\/media\/690"}],"wp:attachment":[{"href":"https:\/\/zzlcmachinery.com\/de\/wp-json\/wp\/v2\/media?parent=687"}],"wp:term":[{"taxonomy":"product_brand","embeddable":true,"href":"https:\/\/zzlcmachinery.com\/de\/wp-json\/wp\/v2\/product_brand?post=687"},{"taxonomy":"product_cat","embeddable":true,"href":"https:\/\/zzlcmachinery.com\/de\/wp-json\/wp\/v2\/product_cat?post=687"},{"taxonomy":"product_tag","embeddable":true,"href":"https:\/\/zzlcmachinery.com\/de\/wp-json\/wp\/v2\/product_tag?post=687"}],"curies":[{"name":"wp","href":"https:\/\/api.w.org\/{rel}","templated":true}]}}