{"id":670,"date":"2022-10-26T00:24:58","date_gmt":"2022-10-25T16:24:58","guid":{"rendered":"https:\/\/zzlcmachinery.com\/?post_type=product&#038;p=670"},"modified":"2022-11-22T15:47:14","modified_gmt":"2022-11-22T07:47:14","slug":"lc-jk30-program-controlled-pattern-bender-metal-scroll-bending-machine","status":"publish","type":"product","link":"https:\/\/zzlcmachinery.com\/de\/produkt\/lc-jk30-program-controlled-pattern-bender-metal-scroll-bending-machine\/","title":{"rendered":"LC-JK30 Programmgesteuerte Musterbiegemaschine f\u00fcr Metallrollen"},"content":{"rendered":"","protected":false},"excerpt":{"rendered":"<p>Die programmgesteuerte Musterbiegemaschine LC-JK30 ist die Spitze des K\u00f6nigs unter den vielen Modellen der Spiralbiegemaschine. Diese Maschine hat den gr\u00f6\u00dften Bearbeitungsbereich unter allen Maschinen des gleichen Typs. Es kann verwendet werden, um Flacheisen, Vierkantstahl, Rundstahl, Vierkantrohr, Rundrohr zu verarbeiten, und 6 S\u00e4tze werden mit der Maschine geliefert, wenn die Maschine versandt wird. Diese 6 S\u00e4tze von Matrizen k\u00f6nnen P-, S-, C-Muster mit erstellen einen maximalen Durchmesser von 50 cm. Kunden k\u00f6nnen die Formen nach ihren eigenen Bed\u00fcrfnissen anpassen. Der maximale Durchmesser kann angepasst werden P, S, C Musterformen betr\u00e4gt 100 cm.<br \/>\nDie Maschine ist mit einem Fu\u00dfschalter ausgestattet. Die Bedienung ist bequem und schnell, und das maschinelle Lernen ist schnell erlernbar. Es gibt Handb\u00fccher und Bedienungsvideos, die jeder Schmied lernen kann<br \/>\n24 Stunden Online-Service, lassen Sie uns wissen, wenn Sie Fragen haben!<br \/>\n<strong>TECHNISCHE PARAMETER<br \/>\n<\/strong><strong>Modell: LC-JK30<br \/>\nB\u00fcgeleisen:<\/strong>\u226480x20mm<br \/>\n<strong>Rundstahl:<\/strong> \u2264\u03c630mm<br \/>\n<strong>Vierkantstahl:<\/strong>\u226430x30mm<br \/>\n<strong>Quadratische R\u00f6hre:<\/strong>\u226440x40mm Dicke des Vierkantrohrs\u22644mm<br \/>\n<strong>Rundes Rohr:<\/strong>\u2264\u03c642mm Dicke des Rundrohrs\u22644mm<br \/>\n<strong>Verarbeitungsgeschwindigkeit:<\/strong> 200 St\u00fcck \/St<br \/>\n<strong>Leistung:<\/strong> 5,5 KW<br \/>\n<strong>Stromspannung:<\/strong>\u00a0220V\/380V\/415V<br \/>\n<strong>Verpackungsma\u00df:<\/strong> 1000 \u00d7 1500 \u00d7 1800 mm<br \/>\n<strong>NW (kg):<\/strong> 750<br \/>\n<strong>GW (kg):<\/strong> 800<\/p>","protected":false},"featured_media":683,"template":"","meta":{"_kad_post_transparent":"default","_kad_post_title":"","_kad_post_layout":"default","_kad_post_sidebar_id":"","_kad_post_content_style":"default","_kad_post_vertical_padding":"default","_kad_post_feature":"","_kad_post_feature_position":"","_kad_post_header":false,"_kad_post_footer":false},"product_brand":[],"product_cat":[29,27],"product_tag":[195,191,182,188,187,186,184,183,185,190,192,194,189,111,193],"class_list":{"0":"post-670","1":"product","2":"type-product","3":"status-publish","4":"has-post-thumbnail","6":"product_cat-electric-wrought-iron-processing-machine","7":"product_cat-electric-scroll-bending-machine","8":"product_tag-automatoic-metal-craft-scroll-bender-machine","9":"product_tag-buy-wrought-iron-scroll-bending-machines","10":"product_tag-iron-pattern-bender","11":"product_tag-make-a-metal-scroll-bender","12":"product_tag-metal-craft-scroll-bending-machine-for-sale","13":"product_tag-ornamental-iron-machines","14":"product_tag-program-controiied-scroll-bending-machine","15":"product_tag-program-controlled-pattern-bender-metal-scroll-bending-machine","16":"product_tag-scroll-bending-machine-for-sale","17":"product_tag-scroll-bending-mchinae-programmed-controlled-panels","18":"product_tag-scroll-making-machine","19":"product_tag-scroll-pattern-bender-equipment","20":"product_tag-scroll-pattern-bending-machine","21":"product_tag-wrought-iron-machine","22":"product_tag-wrought-iron-scrolling-bending-machine","24":"first","25":"instock","26":"shipping-taxable","27":"product-type-simple","28":"entry","29":"content-bg","30":"loop-entry"},"_links":{"self":[{"href":"https:\/\/zzlcmachinery.com\/de\/wp-json\/wp\/v2\/product\/670","targetHints":{"allow":["GET"]}}],"collection":[{"href":"https:\/\/zzlcmachinery.com\/de\/wp-json\/wp\/v2\/product"}],"about":[{"href":"https:\/\/zzlcmachinery.com\/de\/wp-json\/wp\/v2\/types\/product"}],"version-history":[{"count":0,"href":"https:\/\/zzlcmachinery.com\/de\/wp-json\/wp\/v2\/product\/670\/revisions"}],"wp:featuredmedia":[{"embeddable":true,"href":"https:\/\/zzlcmachinery.com\/de\/wp-json\/wp\/v2\/media\/683"}],"wp:attachment":[{"href":"https:\/\/zzlcmachinery.com\/de\/wp-json\/wp\/v2\/media?parent=670"}],"wp:term":[{"taxonomy":"product_brand","embeddable":true,"href":"https:\/\/zzlcmachinery.com\/de\/wp-json\/wp\/v2\/product_brand?post=670"},{"taxonomy":"product_cat","embeddable":true,"href":"https:\/\/zzlcmachinery.com\/de\/wp-json\/wp\/v2\/product_cat?post=670"},{"taxonomy":"product_tag","embeddable":true,"href":"https:\/\/zzlcmachinery.com\/de\/wp-json\/wp\/v2\/product_tag?post=670"}],"curies":[{"name":"wp","href":"https:\/\/api.w.org\/{rel}","templated":true}]}}