{"id":664,"date":"2022-10-25T23:47:44","date_gmt":"2022-10-25T15:47:44","guid":{"rendered":"https:\/\/zzlcmachinery.com\/?post_type=product&#038;p=664"},"modified":"2022-11-22T15:50:34","modified_gmt":"2022-11-22T07:50:34","slug":"lc-jk16-diy-wrought-iron-flat-steel-scrolling-bending-machine-metal-scroll-bender","status":"publish","type":"product","link":"https:\/\/zzlcmachinery.com\/de\/produkt\/lc-jk16-diy-wrought-iron-flat-steel-scrolling-bending-machine-metal-scroll-bender\/","title":{"rendered":"LC-JK16 DIY Schmiedeeisen Flachstahl Scrolling Biegemaschine Metall Scroll Bender"},"content":{"rendered":"","protected":false},"excerpt":{"rendered":"<p>LC-JK16 DIY schmiedeeiserne Flachstahl-Scrollbiegemaschine Metallscrollbiegemaschine wird auch verwendet, um C-f\u00f6rmige, P-f\u00f6rmige, S-f\u00f6rmige, U-f\u00f6rmige k\u00fcnstlerische Schmiedeeisenmuster herzustellen und zus\u00e4tzlich mit \u03c650mm, \u03c6,30mm, \u03c620mm Blockierung ausgestattet R\u00e4der, die f\u00fcr die Verarbeitung verschiedener Mustergr\u00f6\u00dfen geeignet sind. Der Unterschied besteht darin, dass diese Spiralbiegemaschine nicht nur Flacheisen, Rundstahl, Vierkantstahl, sondern auch Rundrohr und Vierkantrohr verarbeiten kann.<br \/>\nDiese Spiralbiegemaschine kann bis zu 20 x 20 mm Vierkantrohr mit einer Dicke von nicht mehr als 3 mm und einem Durchmesser von 20 mm und ein Rundrohr mit einer Dicke von nicht mehr als 3 mm verarbeiten.<br \/>\nDie Maschine ist kostenlos mit 6 Formens\u00e4tzen ausgestattet.<br \/>\n24 Stunden Online-Service, lassen Sie uns wissen, wenn Sie Fragen haben!<br \/>\n<strong>TECHNISCHE PARAMETER<br \/>\n<\/strong><strong>Modell: LC-JK16<br \/>\nB\u00fcgeleisen:<\/strong>\u22648\u00d750mm<br \/>\n<strong>Rundstahl:<\/strong> \u2264\u03c616mm<br \/>\n<strong>Vierkantstahl:<\/strong>\u226416\u00d716mm<br \/>\n<strong>Quadratische R\u00f6hre:<\/strong>\u226420 \u00d7 20 mm Dicke des Vierkantrohrs \u2264 3 mm<br \/>\n<strong>Rundes Rohr:<\/strong>\u2264\u03c620mm Dicke des Rundrohrs\u22643mm<br \/>\n<strong>Verarbeitungsgeschwindigkeit:<\/strong> 500 St\u00fcck \/Std<br \/>\n<strong>Leistung:<\/strong> 2,2 KW<br \/>\n<strong>Stromspannung:<\/strong>\u00a0220V\/380V\/415V<br \/>\n<strong>Verpackungsma\u00df:<\/strong> 800 x 600 x 1200 mm<br \/>\n<strong>NW (kg):<\/strong> 350<br \/>\n<strong>GW (kg):<\/strong> 400<\/p>","protected":false},"featured_media":673,"template":"","meta":{"_kad_post_transparent":"default","_kad_post_title":"","_kad_post_layout":"default","_kad_post_sidebar_id":"","_kad_post_content_style":"default","_kad_post_vertical_padding":"default","_kad_post_feature":"","_kad_post_feature_position":"","_kad_post_header":false,"_kad_post_footer":false},"product_brand":[],"product_cat":[29,27],"product_tag":[178,180,175,76,49,182,177,179,72,181],"class_list":{"0":"post-664","1":"product","2":"type-product","3":"status-publish","4":"has-post-thumbnail","6":"product_cat-electric-wrought-iron-processing-machine","7":"product_cat-electric-scroll-bending-machine","8":"product_tag-buy-scroll-bender","9":"product_tag-china-wrought-iron-machine-and-metal-craft-machine","10":"product_tag-diy-wrought-iron-flat-steel-scrolling-bending-machine-metal-scroll-bender","11":"product_tag-electric-flat-iron-scroll-bending-machine","12":"product_tag-electric-scroll-bending-machine","13":"product_tag-iron-pattern-bender","14":"product_tag-manual-meta-scroll-bender","15":"product_tag-metal-craft-bending-tools","16":"product_tag-metal-scroll-bender","17":"product_tag-ornamental-iron-machine-manufacturer","19":"first","20":"instock","21":"shipping-taxable","22":"product-type-simple","23":"entry","24":"content-bg","25":"loop-entry"},"_links":{"self":[{"href":"https:\/\/zzlcmachinery.com\/de\/wp-json\/wp\/v2\/product\/664","targetHints":{"allow":["GET"]}}],"collection":[{"href":"https:\/\/zzlcmachinery.com\/de\/wp-json\/wp\/v2\/product"}],"about":[{"href":"https:\/\/zzlcmachinery.com\/de\/wp-json\/wp\/v2\/types\/product"}],"version-history":[{"count":0,"href":"https:\/\/zzlcmachinery.com\/de\/wp-json\/wp\/v2\/product\/664\/revisions"}],"wp:featuredmedia":[{"embeddable":true,"href":"https:\/\/zzlcmachinery.com\/de\/wp-json\/wp\/v2\/media\/673"}],"wp:attachment":[{"href":"https:\/\/zzlcmachinery.com\/de\/wp-json\/wp\/v2\/media?parent=664"}],"wp:term":[{"taxonomy":"product_brand","embeddable":true,"href":"https:\/\/zzlcmachinery.com\/de\/wp-json\/wp\/v2\/product_brand?post=664"},{"taxonomy":"product_cat","embeddable":true,"href":"https:\/\/zzlcmachinery.com\/de\/wp-json\/wp\/v2\/product_cat?post=664"},{"taxonomy":"product_tag","embeddable":true,"href":"https:\/\/zzlcmachinery.com\/de\/wp-json\/wp\/v2\/product_tag?post=664"}],"curies":[{"name":"wp","href":"https:\/\/api.w.org\/{rel}","templated":true}]}}