{"id":645,"date":"2022-10-23T16:57:20","date_gmt":"2022-10-23T08:57:20","guid":{"rendered":"https:\/\/zzlcmachinery.com\/?post_type=product&#038;p=645"},"modified":"2022-11-22T15:55:02","modified_gmt":"2022-11-22T07:55:02","slug":"electric-decorative-metal-craft-wrought-iron-fishtail-making-machine","status":"publish","type":"product","link":"https:\/\/zzlcmachinery.com\/de\/produkt\/elektrische-dekorative-metall-handwerk-schmiedeeiserne-fischschwanz-herstellungsmaschine\/","title":{"rendered":"Elektrische dekorative Metallhandwerk-Schmiedeeisen-Fischschwanz-Herstellungsmaschine"},"content":{"rendered":"","protected":false},"excerpt":{"rendered":"<p>LC-YW16 Elektrische dekorative Metallhandwerksschmiedeeisen-Fischschwanzherstellungsmaschine ist das Supermodell des Forschungs- und Entwicklungstests und Erfahrungstests unseres Unternehmens in Schmiedemaschinen. Diese Hei\u00dfwalzmaschine zur Fischschwanzherstellung kann Vierkantrohre, Vierkantstahl, Flacheisen, Rundstahl und andere Materialien verarbeiten.<br \/>\nInsbesondere die Funktion der Verarbeitung von Vierkantrohren ist einzigartig f\u00fcr diese Metallhandwerks-Fischschwanzmaschine, die Vierkantrohre mit den Gr\u00f6\u00dfen 14 x 14 mm, 16 x 16 mm, 15 x 15 mm, 20 x 20 mm verarbeiten kann.<br \/>\nDas verarbeitete Produkt \u00e4ndert nur die L\u00e4nge und Breite, was sowohl sch\u00f6n als auch gro\u00dfz\u00fcgig ist. Es handelt sich um ein Upgrade der F3- und F4-Formulierungen, bei dem die Exzenterwalze durch eine Exzenterwelle ersetzt wird, die Walze in eine Form mit drei Schlitzen ge\u00e4ndert wird und die Lebensdauer im Vergleich zu anderen um das Dreifache verl\u00e4ngert wird.<br \/>\nDie flachen Rollen an der Au\u00dfenseite des schmiedeeisernen Endpressen-Fischschwanz-Maschinenkopfes k\u00f6nnen die quadratischen und runden Stangen gl\u00e4tten, sch\u00e4rfen und versiegeln.<br \/>\n24 Stunden Online-Service, lassen Sie uns wissen, wenn Sie Fragen haben!<br \/>\n<strong>TECHNISCHE PARAMETER<br \/>\n<\/strong><strong>Modell: LC-YW16<br \/>\nB\u00fcgeleisen:<\/strong> \u226410X60mm<br \/>\n<strong>Rundstahl:<\/strong> \u00d816mm<br \/>\n<strong>Vierkantstahl:<\/strong> \u226416\u00d716mm<br \/>\n<strong>Quadratische R\u00f6hre:<\/strong>14 x 14 mm, 16 x 16 mm, 15 x 15 mm, 20 x 20 mm<br \/>\n<strong>Leistung:<\/strong> 3KW<br \/>\n<strong>Stromspannung:<\/strong>\u00a0220V\/380V\/415V<br \/>\n<strong>Verpackungsma\u00df:<\/strong> 1000 \u00d7 600 \u00d7 1110 mm<br \/>\n<strong>NW (kg):<\/strong>380<br \/>\n<strong>GW (kg):<\/strong> 400<\/p>","protected":false},"featured_media":648,"template":"","meta":{"_kad_post_transparent":"default","_kad_post_title":"","_kad_post_layout":"default","_kad_post_sidebar_id":"","_kad_post_content_style":"default","_kad_post_vertical_padding":"default","_kad_post_feature":"","_kad_post_feature_position":"","_kad_post_header":false,"_kad_post_footer":false},"product_brand":[],"product_cat":[29,24],"product_tag":[163,165,167,166,168,162,169,170,164,161,111],"class_list":{"0":"post-645","1":"product","2":"type-product","3":"status-publish","4":"has-post-thumbnail","6":"product_cat-electric-wrought-iron-processing-machine","7":"product_cat-wrought-iron-fishtail-forging-machine","8":"product_tag-china-hot-roll-fishtail-machine-manufacturing-for-sale","9":"product_tag-end-hot-fishtail-for-wrought-iron","10":"product_tag-fishtail-iron-processing-machine","11":"product_tag-hot-roll-end-forging-machine","12":"product_tag-hot-roll-fishtail-machine","13":"product_tag-hot-roll-fishtail-making-machine","14":"product_tag-hot-roll-fishtail-mill","15":"product_tag-hot-rolling-fishtail-forming-machine","16":"product_tag-hot-roll-fishtail-coining-machine","17":"product_tag-wrought-iron-end-press-fishtail-machine","18":"product_tag-wrought-iron-machine","20":"first","21":"instock","22":"shipping-taxable","23":"product-type-simple","24":"entry","25":"content-bg","26":"loop-entry"},"_links":{"self":[{"href":"https:\/\/zzlcmachinery.com\/de\/wp-json\/wp\/v2\/product\/645","targetHints":{"allow":["GET"]}}],"collection":[{"href":"https:\/\/zzlcmachinery.com\/de\/wp-json\/wp\/v2\/product"}],"about":[{"href":"https:\/\/zzlcmachinery.com\/de\/wp-json\/wp\/v2\/types\/product"}],"version-history":[{"count":0,"href":"https:\/\/zzlcmachinery.com\/de\/wp-json\/wp\/v2\/product\/645\/revisions"}],"wp:featuredmedia":[{"embeddable":true,"href":"https:\/\/zzlcmachinery.com\/de\/wp-json\/wp\/v2\/media\/648"}],"wp:attachment":[{"href":"https:\/\/zzlcmachinery.com\/de\/wp-json\/wp\/v2\/media?parent=645"}],"wp:term":[{"taxonomy":"product_brand","embeddable":true,"href":"https:\/\/zzlcmachinery.com\/de\/wp-json\/wp\/v2\/product_brand?post=645"},{"taxonomy":"product_cat","embeddable":true,"href":"https:\/\/zzlcmachinery.com\/de\/wp-json\/wp\/v2\/product_cat?post=645"},{"taxonomy":"product_tag","embeddable":true,"href":"https:\/\/zzlcmachinery.com\/de\/wp-json\/wp\/v2\/product_tag?post=645"}],"curies":[{"name":"wp","href":"https:\/\/api.w.org\/{rel}","templated":true}]}}