{"id":631,"date":"2022-10-20T00:48:38","date_gmt":"2022-10-19T16:48:38","guid":{"rendered":"https:\/\/zzlcmachinery.com\/?post_type=product&#038;p=631"},"modified":"2023-02-18T16:11:26","modified_gmt":"2023-02-18T08:11:26","slug":"buy-metal-craft-steel-coil-rolling-machine-ornament-iron-making-machine","status":"publish","type":"product","link":"https:\/\/zzlcmachinery.com\/de\/produkt\/buy-metal-craft-steel-coil-rolling-machine-ornament-iron-making-machine\/","title":{"rendered":"Kaufen Sie Metal Craft Steel Coil Rolling Machine Ornament Iron Making Machine"},"content":{"rendered":"","protected":false},"excerpt":{"rendered":"<p>LC-CJ16 kaufen Metallhandwerk Stahlspulenwalzmaschine Ziereisenherstellungsmaschine, diese hydraulische Spulenwalzmaschine wird f\u00fcr Flachstahl mit Kopf, Vierkantstahl, Rundstahl und Endspule nach dem Erhitzen von Rundrohren verwendet. Fischschwanzeisenmaterial wird automatisch gerollt. Die Spulenform ist ein wesentliches Muster bei schmiedeeisernen Produkten. Daher ist die Walzmaschine eine wichtige Maschine, die f\u00fcr Eisenkunst, Dekoration, Gartenarbeit usw. geeignet ist.<br \/>\nEisenmaterialien k\u00f6nnen zu Blumenrollen mit einem Durchmesser von \u03a630, \u03a640, \u03a650 mm gerollt werden, die im Wesentlichen dem international \u00fcblichen Flacheisen, Vierkantstahl, Rundstahl und Rundrohr (das Schwanzende muss zu einem Fischschwanz verarbeitet werden) entsprechen, die im Produktionsprozess verwendet werden von Kunstt\u00fcren, Fenster, Handl\u00e4ufe und Gel\u00e4nder im europ\u00e4ischen Stil .<br \/>\nDieses hydraulische Walzen von Eisenspulen hat die Vorteile eines schnellen Walzens, einer bequemen Bedienung, eines breiten Verarbeitungsbereichs, vieler verarbeitbarer Materialien, einer hohen Walzenqualit\u00e4t und einer hohen Produktionseffizienz.<br \/>\n24 Stunden Online-Service, lassen Sie uns wissen, wenn Sie Fragen haben!<br \/>\n<strong>TECHNISCHE PARAMETER<br \/>\n<\/strong><strong>Modell: LC-CJ16<br \/>\nMaximale Arbeitsf\u00e4higkeit:<\/strong> Beheiztes B\u00fcgeleisen: 10 x 50 mm<br \/>\nVierkantstahl \u226425x25mm<br \/>\nRundstahl \u2264\u03a625mm<br \/>\nRundrohr \u2264\u03a625mm<br \/>\n<strong>Leistung:<\/strong> 1.1KW 6P<br \/>\n<strong>Stromspannung:<\/strong>\u00a0220V\/380V\/415V<br \/>\n<strong>Verpackungsma\u00df:<\/strong> 1000 \u00d7 600 \u00d7 1300 mm<br \/>\n<strong>NW (kg):<\/strong> 200\u00a0 \u00a0 \u00a0 <strong>GW (kg):<\/strong> 240<\/p>","protected":false},"featured_media":637,"template":"","meta":{"_kad_post_transparent":"default","_kad_post_title":"","_kad_post_layout":"default","_kad_post_sidebar_id":"","_kad_post_content_style":"default","_kad_post_vertical_padding":"default","_kad_post_feature":"","_kad_post_feature_position":"","_kad_post_header":false,"_kad_post_footer":false},"product_brand":[],"product_cat":[25,29],"product_tag":[160,158,155,153,152,159,124,157,156,154],"class_list":{"0":"post-631","1":"product","2":"type-product","3":"status-publish","4":"has-post-thumbnail","6":"product_cat-electric-make-coil-machine-for-metal-craft","7":"product_cat-electric-wrought-iron-processing-machine","8":"product_tag-automatic-blacksmith-coil-rolling-machine","9":"product_tag-buy-metal-craft-steel-coil-rolling-machine-ornament-iron-making-machine","10":"product_tag-electric-coil-rolling-machine","11":"product_tag-electric-making-coil-machine","12":"product_tag-iron-coils-making-machine","13":"product_tag-mechanical-metal-craft-flat-steel-coil-rolling-making-machine-price","14":"product_tag-metal-craft-steel-coil-rolling-machine","15":"product_tag-ornament-iron-making-machine","16":"product_tag-wrought-iron-coil-making","17":"product_tag-wrought-iron-electric-make-coil-machine-for-decorative","19":"first","20":"instock","21":"shipping-taxable","22":"product-type-simple","23":"entry","24":"content-bg","25":"loop-entry"},"_links":{"self":[{"href":"https:\/\/zzlcmachinery.com\/de\/wp-json\/wp\/v2\/product\/631","targetHints":{"allow":["GET"]}}],"collection":[{"href":"https:\/\/zzlcmachinery.com\/de\/wp-json\/wp\/v2\/product"}],"about":[{"href":"https:\/\/zzlcmachinery.com\/de\/wp-json\/wp\/v2\/types\/product"}],"version-history":[{"count":0,"href":"https:\/\/zzlcmachinery.com\/de\/wp-json\/wp\/v2\/product\/631\/revisions"}],"wp:featuredmedia":[{"embeddable":true,"href":"https:\/\/zzlcmachinery.com\/de\/wp-json\/wp\/v2\/media\/637"}],"wp:attachment":[{"href":"https:\/\/zzlcmachinery.com\/de\/wp-json\/wp\/v2\/media?parent=631"}],"wp:term":[{"taxonomy":"product_brand","embeddable":true,"href":"https:\/\/zzlcmachinery.com\/de\/wp-json\/wp\/v2\/product_brand?post=631"},{"taxonomy":"product_cat","embeddable":true,"href":"https:\/\/zzlcmachinery.com\/de\/wp-json\/wp\/v2\/product_cat?post=631"},{"taxonomy":"product_tag","embeddable":true,"href":"https:\/\/zzlcmachinery.com\/de\/wp-json\/wp\/v2\/product_tag?post=631"}],"curies":[{"name":"wp","href":"https:\/\/api.w.org\/{rel}","templated":true}]}}