{"id":618,"date":"2022-10-19T15:15:26","date_gmt":"2022-10-19T07:15:26","guid":{"rendered":"https:\/\/zzlcmachinery.com\/?post_type=product&#038;p=618"},"modified":"2022-11-22T15:59:15","modified_gmt":"2022-11-22T07:59:15","slug":"lc-gp40-high-frequency-metal-induction-heater-for-sale","status":"publish","type":"product","link":"https:\/\/zzlcmachinery.com\/de\/produkt\/lc-gp40-high-frequency-metal-induction-heater-for-sale\/","title":{"rendered":"LC-GP40 Hochfrequenz-Metallinduktionsheizung zu verkaufen"},"content":{"rendered":"","protected":false},"excerpt":{"rendered":"<p><strong>LC-GP40 Hochfrequenz-Induktionsheizer aus Metall zu verkaufen.<\/strong><br \/>\nDie neue Generation der Hochfrequenzheizung besteht aus zwei Teilen: Heizk\u00f6rper und K\u00fchlger\u00e4t. Ein vergr\u00f6\u00dferter Wassertank und vier L\u00fcfter k\u00f6nnen die Maschine l\u00e4nger arbeiten lassen, selbst in Afrika, wo die Temperatur auf der Welt sehr hoch ist, kann sie lange verwendet werden.<br \/>\nDiese Metall-Schnellheizmaschine. Die Leistung der Maschine ist stufenlos von 2KW bis 20KW regelbar. Je nach Materialgr\u00f6\u00dfe k\u00f6nnen unterschiedliche KW ausgew\u00e4hlt werden, was sehr energiesparend ist. Normalerweise befindet sich die Maschine in einem Standby-Zustand ohne Heizung und verschwendet keinen Strom. Das Design des Stromsparens ist sehr benutzerfreundlich.<br \/>\nDar\u00fcber hinaus ist die Hochfrequenz-Erw\u00e4rmungsmaschine mit einem Fu\u00dfschalter ausgestattet, um die H\u00e4nde des Arbeiters zu befreien. Eine unerfahrene Person kann diese Maschine innerhalb von 10 Minuten erlernen und bedienen,<br \/>\nNiedrige Wartungskosten, ben\u00f6tigen nur etwas reines Wasser und Schmier\u00f6l,<br \/>\nDie Maschine kann nicht nur zum Erhitzen von gew\u00f6hnlichem Eisen, sondern auch zum Schmelzen von Gold und Silber verwendet werden.<br \/>\n24 Stunden Online-Service, lassen Sie uns wissen, wenn Sie Fragen haben!<br \/>\n<strong>TECHNISCHE PARAMETER<br \/>\n<\/strong><strong>Modell: LC-GPIV36<br \/>\nMaximale Arbeitsf\u00e4higkeit:<\/strong> Flacheisen \u22646x50mm<br \/>\nVierkantstahl \u226420X20mm<br \/>\nRundstahl \u226420mm<br \/>\n<strong>Leistung:<\/strong>Ausgangssto\u00dfstrom: 300A-1400A<br \/>\nEingangsstrom: 5-36A<br \/>\n<strong>Stromspannung:<\/strong> Der Bereich der Eingangsspannung: 320-420 V 50 Hz<br \/>\n<strong>Verpackungsma\u00df:<\/strong> 500x700x700mm +1200x600x800mm<br \/>\n<strong>NW (kg):<\/strong> 180\u00a0 \u00a0 <strong>GW (kg):<\/strong> 200<\/p>","protected":false},"featured_media":626,"template":"","meta":{"_kad_post_transparent":"default","_kad_post_title":"","_kad_post_layout":"default","_kad_post_sidebar_id":"","_kad_post_content_style":"default","_kad_post_vertical_padding":"default","_kad_post_feature":"","_kad_post_feature_position":"","_kad_post_header":false,"_kad_post_footer":false},"product_brand":[],"product_cat":[29,32],"product_tag":[149,147,150,145,146,151,148],"class_list":{"0":"post-618","1":"product","2":"type-product","3":"status-publish","4":"has-post-thumbnail","6":"product_cat-electric-wrought-iron-processing-machine","7":"product_cat-power-of-iron-effcient-heater","8":"product_tag-application-of-high-frequency-metal-induction-heater-for-sale","9":"product_tag-featured-metal-induction-heater-for-sale","10":"product_tag-high-frequency-metal-induction-heater-for-sale","11":"product_tag-induction-heating-equipment","12":"product_tag-induction-heating-machine-for-metal-forging","13":"product_tag-the-power-of-iron-effcient-heater","14":"product_tag-wrought-iron-machine-induction-heating-forging-equipment","16":"first","17":"instock","18":"shipping-taxable","19":"product-type-simple","20":"entry","21":"content-bg","22":"loop-entry"},"_links":{"self":[{"href":"https:\/\/zzlcmachinery.com\/de\/wp-json\/wp\/v2\/product\/618","targetHints":{"allow":["GET"]}}],"collection":[{"href":"https:\/\/zzlcmachinery.com\/de\/wp-json\/wp\/v2\/product"}],"about":[{"href":"https:\/\/zzlcmachinery.com\/de\/wp-json\/wp\/v2\/types\/product"}],"version-history":[{"count":0,"href":"https:\/\/zzlcmachinery.com\/de\/wp-json\/wp\/v2\/product\/618\/revisions"}],"wp:featuredmedia":[{"embeddable":true,"href":"https:\/\/zzlcmachinery.com\/de\/wp-json\/wp\/v2\/media\/626"}],"wp:attachment":[{"href":"https:\/\/zzlcmachinery.com\/de\/wp-json\/wp\/v2\/media?parent=618"}],"wp:term":[{"taxonomy":"product_brand","embeddable":true,"href":"https:\/\/zzlcmachinery.com\/de\/wp-json\/wp\/v2\/product_brand?post=618"},{"taxonomy":"product_cat","embeddable":true,"href":"https:\/\/zzlcmachinery.com\/de\/wp-json\/wp\/v2\/product_cat?post=618"},{"taxonomy":"product_tag","embeddable":true,"href":"https:\/\/zzlcmachinery.com\/de\/wp-json\/wp\/v2\/product_tag?post=618"}],"curies":[{"name":"wp","href":"https:\/\/api.w.org\/{rel}","templated":true}]}}