{"id":608,"date":"2022-10-18T17:16:42","date_gmt":"2022-10-18T09:16:42","guid":{"rendered":"https:\/\/zzlcmachinery.com\/?post_type=product&#038;p=608"},"modified":"2022-11-22T17:02:01","modified_gmt":"2022-11-22T09:02:01","slug":"iron-efficient-power-heater-for-wrought-iron","status":"publish","type":"product","link":"https:\/\/zzlcmachinery.com\/de\/produkt\/iron-efficient-power-heater-for-wrought-iron\/","title":{"rendered":"Eiseneffizienter Heizer f\u00fcr Schmiedeeisen"},"content":{"rendered":"","protected":false},"excerpt":{"rendered":"<p>Effiziente Eisenheizung f\u00fcr Schmiedeeisen ab Werk f\u00fcr Metallhandwerk.<br \/>\nMetallinduktionsheizung ist eine schnelle, sichere und effiziente Heizmethode, die in der Metallverarbeitungs- und Schmiedeindustrie weit verbreitet ist. Das Ger\u00e4t verwendet Hochfrequenz-Induktionsheizung, Umlaufwasserk\u00fchlung, L\u00fcfterk\u00fchlung und andere Technologien, damit die Maschine \u00fcber einen langen Zeitraum kontinuierlich heizen kann. Hochfrequenz-Heizmaschine wird h\u00e4ufig beim Metallschmieden eingesetzt, z. B. zum Erhitzen von Flacheisen, Vierkantstahl, Rundstahl in der Eisenkunst-Heiztechnik, Erhitzen von Teilen im Abschreckprozess,<br \/>\nDer gr\u00f6\u00dfte Vorteil dieser Maschine besteht darin, dass sie das Erhitzen von 16 x 16 mm Vierkantstahl in 5 Sekunden mit weniger Stromverbrauch, schneller Erw\u00e4rmung, Sicherheitsschutz und Ersatzheizspulen abschlie\u00dfen kann. Es ist sehr beliebt bei Schmieden und T\u00fcren- und Fensterverarbeitungsfabriken<br \/>\n24 Stunden Online-Service, lassen Sie uns wissen, wenn Sie Fragen haben!<br \/>\n<strong>TECHNISCHE PARAMETER<br \/>\n<\/strong><strong>Modell: LC-GPIV36<br \/>\nMaximale Arbeitsf\u00e4higkeit:<\/strong> Flacheisen \u226410x50mm<br \/>\nVierkantstahl \u226420X20mm<br \/>\nAnderer Werkst\u00fcckdurchmesser \u2264 30 mm<br \/>\n<strong>Leistung:<\/strong>Ausgangssto\u00dfstrom: 300A-1400A<br \/>\nEingangsstrom: 4-36A<br \/>\n<strong>Stromspannung:<\/strong> Der Bereich der Eingangsspannung: 320-420 V 50 Hz<br \/>\n<strong>Verpackungsma\u00df:<\/strong> 1050 \u00d7 680 \u00d7 1520 mm<br \/>\n<strong>NW (kg):<\/strong> 230\u00a0 \u00a0 \u00a0<strong>GW (kg):<\/strong> 260<\/p>","protected":false},"featured_media":610,"template":"","meta":{"_kad_post_transparent":"default","_kad_post_title":"","_kad_post_layout":"default","_kad_post_sidebar_id":"","_kad_post_content_style":"default","_kad_post_vertical_padding":"default","_kad_post_feature":"","_kad_post_feature_position":"","_kad_post_header":false,"_kad_post_footer":false},"product_brand":[],"product_cat":[29,32],"product_tag":[140,136,138,142,137,144,139,141,143],"class_list":{"0":"post-608","1":"product","2":"type-product","3":"status-publish","4":"has-post-thumbnail","6":"product_cat-electric-wrought-iron-processing-machine","7":"product_cat-power-of-iron-effcient-heater","8":"product_tag-china-the-power-of-iron-efficient-heate","9":"product_tag-high-frequency-heating-machine","10":"product_tag-iron-efficient-power-heater","11":"product_tag-metal-craft-machines","12":"product_tag-ornamental-iron-machine","13":"product_tag-reliable-quality-iron-effcient-heater","14":"product_tag-the-power-of-iron-efficienet-heater","15":"product_tag-wholesale-el-gp-iv-36-the-power-machine-of-iron-efficient-heater","16":"product_tag-wrought-iron-heating-machine","18":"first","19":"instock","20":"shipping-taxable","21":"product-type-simple","22":"entry","23":"content-bg","24":"loop-entry"},"_links":{"self":[{"href":"https:\/\/zzlcmachinery.com\/de\/wp-json\/wp\/v2\/product\/608","targetHints":{"allow":["GET"]}}],"collection":[{"href":"https:\/\/zzlcmachinery.com\/de\/wp-json\/wp\/v2\/product"}],"about":[{"href":"https:\/\/zzlcmachinery.com\/de\/wp-json\/wp\/v2\/types\/product"}],"version-history":[{"count":0,"href":"https:\/\/zzlcmachinery.com\/de\/wp-json\/wp\/v2\/product\/608\/revisions"}],"wp:featuredmedia":[{"embeddable":true,"href":"https:\/\/zzlcmachinery.com\/de\/wp-json\/wp\/v2\/media\/610"}],"wp:attachment":[{"href":"https:\/\/zzlcmachinery.com\/de\/wp-json\/wp\/v2\/media?parent=608"}],"wp:term":[{"taxonomy":"product_brand","embeddable":true,"href":"https:\/\/zzlcmachinery.com\/de\/wp-json\/wp\/v2\/product_brand?post=608"},{"taxonomy":"product_cat","embeddable":true,"href":"https:\/\/zzlcmachinery.com\/de\/wp-json\/wp\/v2\/product_cat?post=608"},{"taxonomy":"product_tag","embeddable":true,"href":"https:\/\/zzlcmachinery.com\/de\/wp-json\/wp\/v2\/product_tag?post=608"}],"curies":[{"name":"wp","href":"https:\/\/api.w.org\/{rel}","templated":true}]}}