{"id":573,"date":"2022-10-15T19:38:39","date_gmt":"2022-10-15T11:38:39","guid":{"rendered":"https:\/\/zzlcmachinery.com\/?post_type=product&#038;p=573"},"modified":"2022-11-22T16:46:50","modified_gmt":"2022-11-22T08:46:50","slug":"lc-dn25d-program-controlled-metal-twisting-wrought-iron-machine","status":"publish","type":"product","link":"https:\/\/zzlcmachinery.com\/de\/produkt\/lc-dn25d-program-controlled-metal-twisting-wrought-iron-machine\/","title":{"rendered":"LC-DN25D Programmgesteuerte Metalldrehmaschine aus Schmiedeeisen"},"content":{"rendered":"","protected":false},"excerpt":{"rendered":"<p>Der wichtigste Vorteil der programmgesteuerten schmiedeeisernen Drehmaschine LC-DN25D aus Metall besteht darin, dass sie nicht nur \u00fcber eine Drehfunktion verf\u00fcgt, sondern auch Vogelk\u00e4figblumen verarbeiten kann.<br \/>\nDie Maschine wird f\u00fcr T\u00fcren, Fenster, Handl\u00e4ufe und Eisenmetallverarbeitung im europ\u00e4ischen Stil verwendet. Zu den Verarbeitungsmaterialien z\u00e4hlen Flacheisen, Rundstahl und Vierkantstahl in international g\u00e4ngigen Abmessungen. Die Maschine hat das Verarbeitungsprogramm bereits eingestellt, und Kunden k\u00f6nnen auch zu eigenen Programmen wechseln. aufstellen.<br \/>\nDie Maschine gibt 13 S\u00e4tze freier Formen nach dem Zufallsprinzip aus, und eine neue Form kann in 5 Minuten ausgetauscht werden.<\/p>\n<p>Zwirne mit einer L\u00e4nge von 200-800 mm k\u00f6nnen gedreht werden, solche mit einer L\u00e4nge von mehr als 800 mm k\u00f6nnen abschnittsweise gedreht werden. Hohe Produktivit\u00e4t.<\/p>\n<p>24 Stunden Online-Service, lassen Sie uns wissen, wenn Sie Fragen haben!<br \/>\n<strong>TECHNISCHE PARAMETER<br \/>\n<\/strong><strong>Modell: LC-DN25C<br \/>\nMaximale Arbeitsf\u00e4higkeit:<\/strong> L\u00e4nge \u2264 200-800 mm<br \/>\n<strong>Quadratischer Stahl<\/strong> \u226425\u00d725 mm<br \/>\n<strong>B\u00fcgeleisen<\/strong> \u226430x8mm<br \/>\n<strong>Leistung:<\/strong> 4KW<br \/>\n<strong>F\u00fcr kostenlose stirbt :<\/strong>6 S\u00e4tze Vierkantstahl stirbt, 3 S\u00e4tze Flacheisen stirbt<br \/>\n<strong>Stromspannung:<\/strong>\u00a0220V\/380V\/415V<br \/>\n<strong>Verpackungsma\u00df:<\/strong> 1400 \u00d7 620 \u00d7 1100 mm<br \/>\n<strong>NW (kg):<\/strong> 550\u00a0 \u00a0 \u00a0 <strong>GW (kg):<\/strong> 600<\/p>","protected":false},"featured_media":583,"template":"","meta":{"_kad_post_transparent":"default","_kad_post_title":"","_kad_post_layout":"default","_kad_post_sidebar_id":"","_kad_post_content_style":"default","_kad_post_vertical_padding":"default","_kad_post_feature":"","_kad_post_feature_position":"","_kad_post_header":false,"_kad_post_footer":false},"product_brand":[],"product_cat":[20,29],"product_tag":[122,123,121,119,120,115,114,116,117,118,111],"class_list":{"0":"post-573","1":"product","2":"type-product","3":"status-publish","4":"has-post-thumbnail","6":"product_cat-wrought-iron-twisting-machine","7":"product_cat-electric-wrought-iron-processing-machine","8":"product_tag-basket-flower-making-machine-for-wrought-iron","9":"product_tag-basket-twister-machine","10":"product_tag-buy-iron-twisting-machine-at-best-price","11":"product_tag-electric-wrought-iron-square-bar-twisting-machine","12":"product_tag-finished-product-of-metal-twister","13":"product_tag-lanchen-wrought-iron-machine-for-twist-square-steel-and-flat-iron","14":"product_tag-lc-dn25d-program-controlled-metal-twisting-wrought-iron-machine","15":"product_tag-metal-twisting-machine-for-sale","16":"product_tag-metal-twisting-wrought-iron-machine","17":"product_tag-twisting-mchine-for-metal-craft-precessing","18":"product_tag-wrought-iron-machine","20":"first","21":"instock","22":"shipping-taxable","23":"product-type-simple","24":"entry","25":"content-bg","26":"loop-entry"},"_links":{"self":[{"href":"https:\/\/zzlcmachinery.com\/de\/wp-json\/wp\/v2\/product\/573","targetHints":{"allow":["GET"]}}],"collection":[{"href":"https:\/\/zzlcmachinery.com\/de\/wp-json\/wp\/v2\/product"}],"about":[{"href":"https:\/\/zzlcmachinery.com\/de\/wp-json\/wp\/v2\/types\/product"}],"version-history":[{"count":0,"href":"https:\/\/zzlcmachinery.com\/de\/wp-json\/wp\/v2\/product\/573\/revisions"}],"wp:featuredmedia":[{"embeddable":true,"href":"https:\/\/zzlcmachinery.com\/de\/wp-json\/wp\/v2\/media\/583"}],"wp:attachment":[{"href":"https:\/\/zzlcmachinery.com\/de\/wp-json\/wp\/v2\/media?parent=573"}],"wp:term":[{"taxonomy":"product_brand","embeddable":true,"href":"https:\/\/zzlcmachinery.com\/de\/wp-json\/wp\/v2\/product_brand?post=573"},{"taxonomy":"product_cat","embeddable":true,"href":"https:\/\/zzlcmachinery.com\/de\/wp-json\/wp\/v2\/product_cat?post=573"},{"taxonomy":"product_tag","embeddable":true,"href":"https:\/\/zzlcmachinery.com\/de\/wp-json\/wp\/v2\/product_tag?post=573"}],"curies":[{"name":"wp","href":"https:\/\/api.w.org\/{rel}","templated":true}]}}