{"id":552,"date":"2022-09-26T18:37:04","date_gmt":"2022-09-26T10:37:04","guid":{"rendered":"https:\/\/zzlcmachinery.com\/?post_type=product&#038;p=552"},"modified":"2022-11-22T16:42:46","modified_gmt":"2022-11-22T08:42:46","slug":"lc-dn25c-metal-processing-equipment-steel-bar-twisting-machine-for-wrought-iron","status":"publish","type":"product","link":"https:\/\/zzlcmachinery.com\/de\/produkt\/lc-dn25c-metal-processing-equipment-steel-bar-twisting-machine-for-wrought-iron\/","title":{"rendered":"LC-DN25C Metallbearbeitungsmaschinen Stahlstangen-Zwirnmaschine f\u00fcr Schmiedeeisen"},"content":{"rendered":"","protected":false},"excerpt":{"rendered":"<p>LC-DN25C Metallverarbeitungsausr\u00fcstung Stahlstangen-Verdrehmaschine f\u00fcr Schmiedeeisen, die haupts\u00e4chlich f\u00fcr die Eisenmetallverarbeitung verwendet wird, wie Flacheisen, Rundstahl, Vierkantstahl. Die Maschine verf\u00fcgt \u00fcber manuelle Einstell- und automatische Wiederholungsverarbeitungsfunktionen, die die Gleichm\u00e4\u00dfigkeit der Produktverarbeitung gew\u00e4hrleisten k\u00f6nnen , Arbeitszeit und Arbeitsintensit\u00e4t reduzieren, Es ist eine einfache Sache, die Metallverarbeitung mit den gleichen Spezifikationen in Chargen durchzuf\u00fchren.<br \/>\nSpindeldrehzahl gleichm\u00e4\u00dfig, grob biegen und sicherstellen, dass das kleinere Profil und die Maschine ihre maximale Arbeitskapazit\u00e4t aus\u00fcben k\u00f6nnen. Die Zwirnmaschine gibt nach dem Zufallsprinzip 9 S\u00e4tze freier Formen, und 5 Minuten reichen aus, um eine neue Form zu ersetzen. Die maximale Verarbeitungskapazit\u00e4t der Matel-Zwirnmaschine betr\u00e4gt 25 x 25 mm Vierkantstahl, 30 x 8 mm Flacheisen.<br \/>\nZwirn mit einer L\u00e4nge von 200-800 mm kann gedreht werden, und solche mit einer L\u00e4nge von mehr als 800 mm k\u00f6nnen abschnittsweise gedreht werden. Hohe Produktionseffizienz, 600 St\u00fcck 12 x 12 mm Vierkantstahl k\u00f6nnen pro Stunde gedreht werden.<br \/>\n24 Stunden Online-Service, lassen Sie uns wissen, wenn Sie Fragen haben!<br \/>\n<strong>TECHNISCHE PARAMETER<br \/>\n<\/strong><strong>Modell: LC-DN25C<br \/>\nMaximale Arbeitsf\u00e4higkeit:<\/strong> L\u00e4nge \u2264 200-800 mm<br \/>\n<strong>Quadratischer Stahl<\/strong> \u226425\u00d725 mm<br \/>\n<strong>B\u00fcgeleisen<\/strong> \u226430x8mm<br \/>\n<strong>Leistung:<\/strong> 4KW<br \/>\n<strong>F\u00fcr kostenlose stirbt :<\/strong>6 S\u00e4tze Vierkantstahl stirbt, 3 S\u00e4tze Flacheisen stirbt<br \/>\n<strong>Stromspannung:<\/strong>\u00a0220V\/380V\/415V<br \/>\n<strong>Verpackungsma\u00df:<\/strong> 1400 \u00d7 620 \u00d7 1100 mm<br \/>\n<strong>NW (kg):<\/strong> 550\u00a0 \u00a0 \u00a0 <strong>GW (kg):<\/strong> 600<\/p>","protected":false},"featured_media":572,"template":"","meta":{"_kad_post_transparent":"default","_kad_post_title":"","_kad_post_layout":"default","_kad_post_sidebar_id":"","_kad_post_content_style":"default","_kad_post_vertical_padding":"default","_kad_post_feature":"","_kad_post_feature_position":"","_kad_post_header":false,"_kad_post_footer":false},"product_brand":[],"product_cat":[20,29],"product_tag":[113,112,107,108,109,110,111,106],"class_list":{"0":"post-552","1":"product","2":"type-product","3":"status-publish","4":"has-post-thumbnail","6":"product_cat-wrought-iron-twisting-machine","7":"product_cat-electric-wrought-iron-processing-machine","8":"product_tag-basket-iron-metal-twisting-machine","9":"product_tag-electric-twist-machine","10":"product_tag-electric-wrought-iron-end-folding-machine-for-sale","11":"product_tag-iron-bar-twisting-machine","12":"product_tag-torsion-and-twisting-machine","13":"product_tag-twisting-bending-machine","14":"product_tag-wrought-iron-machine","15":"product_tag-wrought-iron-picket-basket-twister-machine","17":"first","18":"instock","19":"shipping-taxable","20":"product-type-simple","21":"entry","22":"content-bg","23":"loop-entry"},"_links":{"self":[{"href":"https:\/\/zzlcmachinery.com\/de\/wp-json\/wp\/v2\/product\/552","targetHints":{"allow":["GET"]}}],"collection":[{"href":"https:\/\/zzlcmachinery.com\/de\/wp-json\/wp\/v2\/product"}],"about":[{"href":"https:\/\/zzlcmachinery.com\/de\/wp-json\/wp\/v2\/types\/product"}],"version-history":[{"count":0,"href":"https:\/\/zzlcmachinery.com\/de\/wp-json\/wp\/v2\/product\/552\/revisions"}],"wp:featuredmedia":[{"embeddable":true,"href":"https:\/\/zzlcmachinery.com\/de\/wp-json\/wp\/v2\/media\/572"}],"wp:attachment":[{"href":"https:\/\/zzlcmachinery.com\/de\/wp-json\/wp\/v2\/media?parent=552"}],"wp:term":[{"taxonomy":"product_brand","embeddable":true,"href":"https:\/\/zzlcmachinery.com\/de\/wp-json\/wp\/v2\/product_brand?post=552"},{"taxonomy":"product_cat","embeddable":true,"href":"https:\/\/zzlcmachinery.com\/de\/wp-json\/wp\/v2\/product_cat?post=552"},{"taxonomy":"product_tag","embeddable":true,"href":"https:\/\/zzlcmachinery.com\/de\/wp-json\/wp\/v2\/product_tag?post=552"}],"curies":[{"name":"wp","href":"https:\/\/api.w.org\/{rel}","templated":true}]}}