{"id":505,"date":"2022-09-19T20:51:29","date_gmt":"2022-09-19T12:51:29","guid":{"rendered":"https:\/\/zzlcmachinery.com\/?post_type=product&#038;p=505"},"modified":"2022-11-22T16:11:14","modified_gmt":"2022-11-22T08:11:14","slug":"lc-dw16e-wrought-iron-scroll-forming-machine-with-factory-price","status":"publish","type":"product","link":"https:\/\/zzlcmachinery.com\/de\/produkt\/lc-dw16e-wrought-iron-scroll-forming-machine-with-factory-price\/","title":{"rendered":"LC-DW16E Schmiedeeisen-Scrollformmaschine mit Neupreis"},"content":{"rendered":"","protected":false},"excerpt":{"rendered":"<p>Die schmiedeeiserne Spiralformmaschine LC-DW16E mit Neupreis unterscheidet sich von LC-DW16C und LC-DW16D. Der Roulette- und Sperrarm wurden aktualisiert. Diese Maschine beh\u00e4lt nicht nur die Verarbeitungskapazit\u00e4t der urspr\u00fcnglichen Dosierungsform bei, sondern passt auch zu 6 extra gro\u00dfen Formen, was die Gr\u00f6\u00dfe erh\u00f6ht. Daher ist die Gr\u00f6\u00dfe des verarbeiteten Musters viel gr\u00f6\u00dfer und die Bedienung ist bequemer. Es ist eine gute Wahl f\u00fcr Schmieden und Metallverarbeitungsbetriebe, um den Verarbeitungsbereich der Maschine zu erweitern.<br \/>\n24 Stunden Online-Service, lassen Sie uns wissen, wenn Sie Fragen haben!<br \/>\n<strong>TECHNISCHE PARAMETER<br \/>\n<\/strong><strong>Modell: LC-DW16E<br \/>\nB\u00fcgeleisen:<\/strong> \u22648\u00d750mm<br \/>\n<strong>Rundstahl:<\/strong> \u00d816mm<br \/>\n<strong>Vierkantstahl:<\/strong> \u226416\u00d716mm<br \/>\n<strong>Verarbeitungsgeschwindigkeit:<\/strong> 500 St\u00fcck \/Std<br \/>\n<strong>Leistung:<\/strong> 2,2 KW<br \/>\n<strong>Stromspannung:<\/strong>\u00a0220V\/380V\/415V<br \/>\n<strong>Verpackungsma\u00df:<\/strong> 1900 \u00d7 710 \u00d7 1420 mm<br \/>\n<strong>NW (kg):<\/strong> 1180<br \/>\n<strong>GW (kg):<\/strong> 1300<\/p>","protected":false},"featured_media":498,"template":"","meta":{"_kad_post_transparent":"default","_kad_post_title":"","_kad_post_layout":"default","_kad_post_sidebar_id":"","_kad_post_content_style":"default","_kad_post_vertical_padding":"default","_kad_post_feature":"","_kad_post_feature_position":"","_kad_post_header":false,"_kad_post_footer":false},"product_brand":[],"product_cat":[29,27],"product_tag":[77,76,70,78,71,49,74,66,72,73],"class_list":{"0":"post-505","1":"product","2":"type-product","3":"status-publish","4":"has-post-thumbnail","6":"product_cat-electric-wrought-iron-processing-machine","7":"product_cat-electric-scroll-bending-machine","8":"product_tag-dies-for-scrolling-bending-machine","9":"product_tag-electric-flat-iron-scroll-bending-machine","10":"product_tag-electric-ornamental-bender","11":"product_tag-electric-round-steell-scroll-bending-machine","12":"product_tag-electric-scroll-benders","13":"product_tag-electric-scroll-bending-machine","14":"product_tag-electric-square-steel-scroll-bending-machine","15":"product_tag-metal-roller-bender-for-sale","16":"product_tag-metal-scroll-bender","17":"product_tag-wrought-iron-scrolling","19":"first","20":"instock","21":"shipping-taxable","22":"product-type-simple","23":"entry","24":"content-bg","25":"loop-entry"},"_links":{"self":[{"href":"https:\/\/zzlcmachinery.com\/de\/wp-json\/wp\/v2\/product\/505","targetHints":{"allow":["GET"]}}],"collection":[{"href":"https:\/\/zzlcmachinery.com\/de\/wp-json\/wp\/v2\/product"}],"about":[{"href":"https:\/\/zzlcmachinery.com\/de\/wp-json\/wp\/v2\/types\/product"}],"version-history":[{"count":0,"href":"https:\/\/zzlcmachinery.com\/de\/wp-json\/wp\/v2\/product\/505\/revisions"}],"wp:featuredmedia":[{"embeddable":true,"href":"https:\/\/zzlcmachinery.com\/de\/wp-json\/wp\/v2\/media\/498"}],"wp:attachment":[{"href":"https:\/\/zzlcmachinery.com\/de\/wp-json\/wp\/v2\/media?parent=505"}],"wp:term":[{"taxonomy":"product_brand","embeddable":true,"href":"https:\/\/zzlcmachinery.com\/de\/wp-json\/wp\/v2\/product_brand?post=505"},{"taxonomy":"product_cat","embeddable":true,"href":"https:\/\/zzlcmachinery.com\/de\/wp-json\/wp\/v2\/product_cat?post=505"},{"taxonomy":"product_tag","embeddable":true,"href":"https:\/\/zzlcmachinery.com\/de\/wp-json\/wp\/v2\/product_tag?post=505"}],"curies":[{"name":"wp","href":"https:\/\/api.w.org\/{rel}","templated":true}]}}