{"id":491,"date":"2022-09-18T23:48:30","date_gmt":"2022-09-18T15:48:30","guid":{"rendered":"https:\/\/zzlcmachinery.com\/?post_type=product&#038;p=491"},"modified":"2022-11-22T16:09:22","modified_gmt":"2022-11-22T08:09:22","slug":"lc-f3-decorative-automatic-blacksmith-fishtail-making-machine-for-sale","status":"publish","type":"product","link":"https:\/\/zzlcmachinery.com\/de\/produkt\/lc-f3-decorative-automatic-blacksmith-fishtail-making-machine-for-sale\/","title":{"rendered":"LC-F3 Dekorative automatische Schmiede-Fishtail-Herstellungsmaschine zu verkaufen"},"content":{"rendered":"","protected":false},"excerpt":{"rendered":"<p>LC-F3 Dekorative automatische Schmiede-Fischschwanzmaschine zum Verkauf, Diese Maschine kann direkt zur Verarbeitung von Flacheisen, Rundstahl und Vierkantstahl verwendet werden, ohne dass das Material abgeflacht werden muss, da das verarbeitete Produkt dem Schwanz eines Fisches \u00e4hnelt. so wird es Fischschwanzherstellungsmaschine genannt. Diese Fischschwanz-Verarbeitungsmaschine ist mit einem Zyklon-Untersetzungsgetriebe ausgestattet, das ein gro\u00dfes Drehmoment hat. Eine besondere Art der Drehmoment\u00fcbertragung zwischen Getriebe und Arbeitsraum. Sorgen Sie f\u00fcr einen reibungslosen und zuverl\u00e4ssigen Betrieb von Maschinen. Die Maschine verf\u00fcgt \u00fcber eine Sattelpositioniervorrichtung, und die Vorschubl\u00e4nge kann nach Bedarf eingestellt werden. Es kann 300 St\u00fcck 8 x 40 mm Fischschw\u00e4nze pro Stunde herstellen, und die hohe Produktionseffizienz schafft die notwendigen Voraussetzungen f\u00fcr die Massenproduktion von T\u00fcren und Fenstern.<br \/>\n24 Stunden Online-Service, lassen Sie uns wissen, wenn Sie Fragen haben!<br \/>\n<strong>TECHNISCHE PARAMETER<br \/>\n<\/strong><strong>Modell: LC-F3<br \/>\nB\u00fcgeleisen:<\/strong> \u22648\u00d750mm<br \/>\n<strong>Rundstahl:<\/strong> \u00d816mm<br \/>\n<strong>Vierkantstahl:<\/strong> \u226416\u00d716mm<br \/>\n<strong>Leistung:<\/strong> 2,2 KW<br \/>\n<strong>Stromspannung:<\/strong>\u00a0220V\/380V\/415V<br \/>\n<strong>Verpackungsma\u00df:<\/strong> 1165 \u00d7 560 \u00d7 1100 mm<br \/>\n<strong>NW (kg):<\/strong> 350<br \/>\n<strong>GW (kg):<\/strong> 400<\/p>","protected":false},"featured_media":507,"template":"","meta":{"_kad_post_transparent":"default","_kad_post_title":"","_kad_post_layout":"default","_kad_post_sidebar_id":"","_kad_post_content_style":"default","_kad_post_vertical_padding":"default","_kad_post_feature":"","_kad_post_feature_position":"","_kad_post_header":false,"_kad_post_footer":false},"product_brand":[],"product_cat":[29,24],"product_tag":[79,80,82,81,83,84],"class_list":{"0":"post-491","1":"product","2":"type-product","3":"status-publish","4":"has-post-thumbnail","6":"product_cat-electric-wrought-iron-processing-machine","7":"product_cat-wrought-iron-fishtail-forging-machine","8":"product_tag-blacksmith-rolling-mill-for-sale","9":"product_tag-fishtail-end-forging-machine","10":"product_tag-fishtail-machine","11":"product_tag-fishtail-machine-manufacturer-supplier","12":"product_tag-hot-roll-fishtail-mill-machine","13":"product_tag-wrought-iron-forging-fishtail-making-machine","15":"first","16":"instock","17":"shipping-taxable","18":"product-type-simple","19":"entry","20":"content-bg","21":"loop-entry"},"_links":{"self":[{"href":"https:\/\/zzlcmachinery.com\/de\/wp-json\/wp\/v2\/product\/491","targetHints":{"allow":["GET"]}}],"collection":[{"href":"https:\/\/zzlcmachinery.com\/de\/wp-json\/wp\/v2\/product"}],"about":[{"href":"https:\/\/zzlcmachinery.com\/de\/wp-json\/wp\/v2\/types\/product"}],"version-history":[{"count":0,"href":"https:\/\/zzlcmachinery.com\/de\/wp-json\/wp\/v2\/product\/491\/revisions"}],"wp:featuredmedia":[{"embeddable":true,"href":"https:\/\/zzlcmachinery.com\/de\/wp-json\/wp\/v2\/media\/507"}],"wp:attachment":[{"href":"https:\/\/zzlcmachinery.com\/de\/wp-json\/wp\/v2\/media?parent=491"}],"wp:term":[{"taxonomy":"product_brand","embeddable":true,"href":"https:\/\/zzlcmachinery.com\/de\/wp-json\/wp\/v2\/product_brand?post=491"},{"taxonomy":"product_cat","embeddable":true,"href":"https:\/\/zzlcmachinery.com\/de\/wp-json\/wp\/v2\/product_cat?post=491"},{"taxonomy":"product_tag","embeddable":true,"href":"https:\/\/zzlcmachinery.com\/de\/wp-json\/wp\/v2\/product_tag?post=491"}],"curies":[{"name":"wp","href":"https:\/\/api.w.org\/{rel}","templated":true}]}}