{"id":476,"date":"2022-09-18T16:47:50","date_gmt":"2022-09-18T08:47:50","guid":{"rendered":"https:\/\/zzlcmachinery.com\/?post_type=product&#038;p=476"},"modified":"2022-11-22T16:06:50","modified_gmt":"2022-11-22T08:06:50","slug":"lc-dw16d-wrought-iron-metal-scroll-bender-automatic-scroll-bending-machine-for-processing-gate-and-windows","status":"publish","type":"product","link":"https:\/\/zzlcmachinery.com\/de\/produkt\/lc-dw16d-schmiedeeisen-metall-scroll-biegemaschine-automatische-scroll-biegemaschine-zur-bearbeitung-von-toren-und-fenstern\/","title":{"rendered":"LC-DW16D Schmiedeeisen Metall Scroll Bender Automatische Scroll Biegemaschine f\u00fcr die Bearbeitung von Toren und Fenstern"},"content":{"rendered":"","protected":false},"excerpt":{"rendered":"<p>Diese automatische Spiralbiegemaschine LC-DW16D aus schmiedeeisernem Metall f\u00fcr die Bearbeitung von Toren und Fenstern ist sehr gut geeignet f\u00fcr die Bose, die eine Schmiede oder eine Anf\u00e4ngerausbildungseinrichtung f\u00fcr Metallverarbeitung im europ\u00e4ischen Stil betreiben. Diese Maschine wird mit 9 S\u00e4tzen kostenloser Formen geliefert , von denen 6 Matrizens\u00e4tze zum Biegen von \u201eC\u201c-, \u201eP\u201c- und \u201eS\u201c-Mustern in verschiedenen Gr\u00f6\u00dfen verwendet werden, und die anderen 3 Formens\u00e4tze zum Verarbeiten von speziell geformten Mustern wie gebogenen B\u00f6gen, gebogenen Ecken , begradigte, chargenweise gebogene kleine Kreise usw.<br \/>\n24 Stunden Online-Service, warten auf Ihre Anfrage!<br \/>\n<strong>TECHNISCHE PARAMETER<br \/>\n<\/strong><strong>Modell: LC-DW16D<br \/>\nB\u00fcgeleisen:<\/strong> \u22648\u00d750mm<br \/>\n<strong>Rundstahl:<\/strong> \u00d816mm<br \/>\n<strong>Vierkantstahl:<\/strong> \u226416\u00d716mm<br \/>\n<strong>Rollgeschwindigkeit:<\/strong> 500 St\u00fcck \/Std<br \/>\n<strong>Leistung:<\/strong> 2,2 KW<br \/>\n<strong>Stromspannung:<\/strong>\u00a0220V\/380V\/415V<br \/>\n<strong>Verpackungsma\u00df:<\/strong> 1000 \u00d7 700 \u00d7 1200 mm<br \/>\n<strong>NW (kg):<\/strong> 420<br \/>\n<strong>GW (kg):<\/strong> 450<\/p>","protected":false},"featured_media":478,"template":"","meta":{"_kad_post_transparent":"default","_kad_post_title":"","_kad_post_layout":"default","_kad_post_sidebar_id":"","_kad_post_content_style":"default","_kad_post_vertical_padding":"default","_kad_post_feature":"","_kad_post_feature_position":"","_kad_post_header":false,"_kad_post_footer":false},"product_brand":[],"product_cat":[29,27],"product_tag":[68,64,65,66,67,51],"class_list":{"0":"post-476","1":"product","2":"type-product","3":"status-publish","4":"has-post-thumbnail","6":"product_cat-electric-wrought-iron-processing-machine","7":"product_cat-electric-scroll-bending-machine","8":"product_tag-3-special-shaped-device-molds-for-electric-scroll-bending-machine","9":"product_tag-electric-metal-bender-for-sale","10":"product_tag-induction-forge-for-sale","11":"product_tag-metal-roller-bender-for-sale","12":"product_tag-scroll-bender","13":"product_tag-wrought-iron-bending-machine","15":"first","16":"instock","17":"shipping-taxable","18":"product-type-simple","19":"entry","20":"content-bg","21":"loop-entry"},"_links":{"self":[{"href":"https:\/\/zzlcmachinery.com\/de\/wp-json\/wp\/v2\/product\/476","targetHints":{"allow":["GET"]}}],"collection":[{"href":"https:\/\/zzlcmachinery.com\/de\/wp-json\/wp\/v2\/product"}],"about":[{"href":"https:\/\/zzlcmachinery.com\/de\/wp-json\/wp\/v2\/types\/product"}],"version-history":[{"count":0,"href":"https:\/\/zzlcmachinery.com\/de\/wp-json\/wp\/v2\/product\/476\/revisions"}],"wp:featuredmedia":[{"embeddable":true,"href":"https:\/\/zzlcmachinery.com\/de\/wp-json\/wp\/v2\/media\/478"}],"wp:attachment":[{"href":"https:\/\/zzlcmachinery.com\/de\/wp-json\/wp\/v2\/media?parent=476"}],"wp:term":[{"taxonomy":"product_brand","embeddable":true,"href":"https:\/\/zzlcmachinery.com\/de\/wp-json\/wp\/v2\/product_brand?post=476"},{"taxonomy":"product_cat","embeddable":true,"href":"https:\/\/zzlcmachinery.com\/de\/wp-json\/wp\/v2\/product_cat?post=476"},{"taxonomy":"product_tag","embeddable":true,"href":"https:\/\/zzlcmachinery.com\/de\/wp-json\/wp\/v2\/product_tag?post=476"}],"curies":[{"name":"wp","href":"https:\/\/api.w.org\/{rel}","templated":true}]}}