{"id":456,"date":"2022-09-16T14:18:00","date_gmt":"2022-09-16T06:18:00","guid":{"rendered":"https:\/\/zzlcmachinery.com\/?post_type=product&#038;p=456"},"modified":"2022-09-21T21:59:14","modified_gmt":"2022-09-21T13:59:14","slug":"lc-dl60c-metal-tube-wrought-iron-cold-rolling-embossing-machine-for-sale","status":"publish","type":"product","link":"https:\/\/zzlcmachinery.com\/de\/produkt\/lc-dl60c-metal-tube-wrought-iron-cold-rolling-embossing-machine-for-sale\/","title":{"rendered":"LC-DL60C Metallrohr-Schmiedeeisen-Kaltwalz-Pr\u00e4gemaschine zu verkaufen"},"content":{"rendered":"","protected":false},"excerpt":{"rendered":"<p>Diese zum Verkauf stehende Kaltwalzpr\u00e4gemaschine aus Schmiedeeisen LC-DL60C f\u00fcr Metallrohre ist eine professionelle Ausr\u00fcstung zum Kaltwalzen oder Schmieden von Metallmaterialien. Die hervorstechendste Funktion dieser Maschine besteht darin, dass sie Treppenhandlaufrohre verarbeiten und ein gew\u00f6hnliches Rundrohr durch Verformen des Rundrohrs in einen Treppenhandlauf verwandeln kann. Form, zuf\u00e4llig 2 S\u00e4tze kostenloser Formen f\u00fcr Treppenhandl\u00e4ufe und 15 S\u00e4tze anderer kostenloser Formen (Formen f\u00fcr Flacheisen, Vierkantstahl, Rundstahl, Vierkantrohrmaterialien). Wir bieten kostenlosen kundenspezifischen Formenservice und freuen uns auf Ihre Anfrage!<br \/>\n<strong>TECHNISCHE PARAMETER<br \/>\n<\/strong><strong>Modell: LC-DL60C<\/strong><br \/>\n<strong>B\u00fcgeleisen:<\/strong>\u00a0\u226410\u00d760mm<br \/>\n<strong>Vierkantstahl:<\/strong>\u00a0\u226425\u00d725mm<br \/>\n<strong>Quadratische R\u00f6hre:<\/strong>\u00a0\u226460\u00d760mm<br \/>\n<strong>Rollgeschwindigkeit:<\/strong> 308 M\/h<br \/>\n<strong>Leistung:<\/strong> 7,5 KW<br \/>\n<strong>Stromspannung:<\/strong> 220 V\/380 V\/415 V 50 Hz<br \/>\n<strong>Verpackungsma\u00df:<\/strong>\u00a01900 \u00d7 710 \u00d7 1420 mm<br \/>\n<strong>NW (kg):<\/strong> 1310<br \/>\n<strong>GW (kg):<\/strong> 1410<\/p>","protected":false},"featured_media":463,"template":"","meta":{"_kad_post_transparent":"default","_kad_post_title":"hide","_kad_post_layout":"fullwidth","_kad_post_sidebar_id":"","_kad_post_content_style":"unboxed","_kad_post_vertical_padding":"hide","_kad_post_feature":"hide","_kad_post_feature_position":"","_kad_post_header":false,"_kad_post_footer":false},"product_brand":[],"product_cat":[29,19],"product_tag":[47,62,61,63,45,60,58,59],"class_list":{"0":"post-456","1":"product","2":"type-product","3":"status-publish","4":"has-post-thumbnail","6":"product_cat-electric-wrought-iron-processing-machine","7":"product_cat-cold-rolling-embossing-machine","8":"product_tag-cold-rolling-embossing-machine","9":"product_tag-electric-wrought-iron-machine","10":"product_tag-iron-ornamental-embossing-machine","11":"product_tag-lc-dl60c-handrail-dies-options-for-round-pipe-embossing-machine","12":"product_tag-steel-pipe-roller-embossing-machine","13":"product_tag-the-round-tube-becomes-a-stair-handrail-after-being-processed-by-the-tube-embossing-machine","14":"product_tag-tube-embossing-machine","15":"product_tag-wrought-iron-cold-rolling-embossing-machine","17":"first","18":"instock","19":"shipping-taxable","20":"product-type-simple","21":"entry","22":"content-bg","23":"loop-entry"},"_links":{"self":[{"href":"https:\/\/zzlcmachinery.com\/de\/wp-json\/wp\/v2\/product\/456","targetHints":{"allow":["GET"]}}],"collection":[{"href":"https:\/\/zzlcmachinery.com\/de\/wp-json\/wp\/v2\/product"}],"about":[{"href":"https:\/\/zzlcmachinery.com\/de\/wp-json\/wp\/v2\/types\/product"}],"version-history":[{"count":0,"href":"https:\/\/zzlcmachinery.com\/de\/wp-json\/wp\/v2\/product\/456\/revisions"}],"wp:featuredmedia":[{"embeddable":true,"href":"https:\/\/zzlcmachinery.com\/de\/wp-json\/wp\/v2\/media\/463"}],"wp:attachment":[{"href":"https:\/\/zzlcmachinery.com\/de\/wp-json\/wp\/v2\/media?parent=456"}],"wp:term":[{"taxonomy":"product_brand","embeddable":true,"href":"https:\/\/zzlcmachinery.com\/de\/wp-json\/wp\/v2\/product_brand?post=456"},{"taxonomy":"product_cat","embeddable":true,"href":"https:\/\/zzlcmachinery.com\/de\/wp-json\/wp\/v2\/product_cat?post=456"},{"taxonomy":"product_tag","embeddable":true,"href":"https:\/\/zzlcmachinery.com\/de\/wp-json\/wp\/v2\/product_tag?post=456"}],"curies":[{"name":"wp","href":"https:\/\/api.w.org\/{rel}","templated":true}]}}