{"id":446,"date":"2022-09-15T15:59:08","date_gmt":"2022-09-15T07:59:08","guid":{"rendered":"https:\/\/zzlcmachinery.com\/?post_type=product&#038;p=446"},"modified":"2022-09-21T21:54:50","modified_gmt":"2022-09-21T13:54:50","slug":"lc-dl60b-metalcraft-automatic-cold-rolling-embossing-machine","status":"publish","type":"product","link":"https:\/\/zzlcmachinery.com\/de\/produkt\/lc-dl60b-metalcraft-automatic-cold-rolling-embossing-machine\/","title":{"rendered":"LC-DL60B Automatische Kaltwalz-Pr\u00e4gemaschine von Metalcraft"},"content":{"rendered":"","protected":false},"excerpt":{"rendered":"<p>Die automatische Kaltwalz-Pr\u00e4gemaschine LC-DL60B von Metalcraft ist eine professionelle Ausr\u00fcstung zur Herstellung von geschmiedetem Stahl. Diese Maschine ist eine sehr schnelle M\u00f6glichkeit, dem Material durch Pr\u00e4gen und Texturieren von Metalloberfl\u00e4chen einen Mehrwert zu verleihen. Es kann gew\u00f6hnlichen Flachstahl, Vierkantstahl, Vierkantrohr und Rundstahl zu verschiedenen Schmiedematerialien verarbeiten, indem verschiedene Matrizen gewechselt werden. Lassen Sie Kunden die Verwendung der Maschine schnell beherrschen und den lokalen Markt besetzen, ist der goldene Schl\u00fcssel, um Wohlstand zu schaffen.<br \/>\n<strong>TECHNISCHE PARAMETER<br \/>\n<\/strong><strong>Modell: LC-DL60B<\/strong><br \/>\n<strong>B\u00fcgeleisen:<\/strong>\u00a0\u226410\u00d760mm<br \/>\n<strong>Vierkantstahl:<\/strong>\u00a0\u226425\u00d725mm<br \/>\n<strong>Quadratische R\u00f6hre:<\/strong>\u00a0\u226460\u00d760mm<br \/>\n<strong>Rollgeschwindigkeit:<\/strong> 1-408M\/H<br \/>\n<strong>Leistung:<\/strong> 7,5 KW<br \/>\n<strong>Stromspannung:<\/strong> 220 V\/380 V\/415 V 50 Hz<br \/>\n<strong>Verpackungsma\u00df:<\/strong>\u00a01900 \u00d7 710 \u00d7 1420 mm<br \/>\n<strong>NW (kg):<\/strong> 1180<br \/>\n<strong>GW (kg):<\/strong> 1300<\/p>","protected":false},"featured_media":453,"template":"","meta":{"_kad_post_transparent":"default","_kad_post_title":"hide","_kad_post_layout":"fullwidth","_kad_post_sidebar_id":"","_kad_post_content_style":"unboxed","_kad_post_vertical_padding":"hide","_kad_post_feature":"hide","_kad_post_feature_position":"","_kad_post_header":false,"_kad_post_footer":false},"product_brand":[],"product_cat":[29,19],"product_tag":[56,55,57,54,53],"class_list":{"0":"post-446","1":"product","2":"type-product","3":"status-publish","4":"has-post-thumbnail","6":"product_cat-electric-wrought-iron-processing-machine","7":"product_cat-cold-rolling-embossing-machine","8":"product_tag-black-smith-ornamental-iron-machine","9":"product_tag-cold-rolling-embossing-machine-in-china","10":"product_tag-metal-cold-embossing-machine-adjustable-processing-speed","11":"product_tag-roller-embosser-machine-for-sale","12":"product_tag-wrought-iron-machine-for-iron-work","14":"first","15":"instock","16":"shipping-taxable","17":"product-type-simple","18":"entry","19":"content-bg","20":"loop-entry"},"_links":{"self":[{"href":"https:\/\/zzlcmachinery.com\/de\/wp-json\/wp\/v2\/product\/446","targetHints":{"allow":["GET"]}}],"collection":[{"href":"https:\/\/zzlcmachinery.com\/de\/wp-json\/wp\/v2\/product"}],"about":[{"href":"https:\/\/zzlcmachinery.com\/de\/wp-json\/wp\/v2\/types\/product"}],"version-history":[{"count":0,"href":"https:\/\/zzlcmachinery.com\/de\/wp-json\/wp\/v2\/product\/446\/revisions"}],"wp:featuredmedia":[{"embeddable":true,"href":"https:\/\/zzlcmachinery.com\/de\/wp-json\/wp\/v2\/media\/453"}],"wp:attachment":[{"href":"https:\/\/zzlcmachinery.com\/de\/wp-json\/wp\/v2\/media?parent=446"}],"wp:term":[{"taxonomy":"product_brand","embeddable":true,"href":"https:\/\/zzlcmachinery.com\/de\/wp-json\/wp\/v2\/product_brand?post=446"},{"taxonomy":"product_cat","embeddable":true,"href":"https:\/\/zzlcmachinery.com\/de\/wp-json\/wp\/v2\/product_cat?post=446"},{"taxonomy":"product_tag","embeddable":true,"href":"https:\/\/zzlcmachinery.com\/de\/wp-json\/wp\/v2\/product_tag?post=446"}],"curies":[{"name":"wp","href":"https:\/\/api.w.org\/{rel}","templated":true}]}}