{"id":433,"date":"2022-09-14T17:37:52","date_gmt":"2022-09-14T09:37:52","guid":{"rendered":"https:\/\/zzlcmachinery.com\/?post_type=product&#038;p=433"},"modified":"2022-11-22T16:02:54","modified_gmt":"2022-11-22T08:02:54","slug":"lc-dw16c-electric-scroll-bending-machine-wrought-iron-machine","status":"publish","type":"product","link":"https:\/\/zzlcmachinery.com\/de\/produkt\/lc-dw16c-elektrische-scroll-biegemaschine-schmiedeeiserne-maschine\/","title":{"rendered":"LC-DW16C Elektrische Scroll-Biegemaschine Schmiedeeisenmaschine"},"content":{"rendered":"","protected":false},"excerpt":{"rendered":"<p>Diese elektrische Rollbiegemaschine LC-DW16C aus Schmiedeeisen eignet sich zur Herstellung von Eisentoren, Z\u00e4unen und Treppen. Diese Maschine kann verschiedene Musterformen verarbeiten, unterst\u00fctzt kundenspezifische Formen und enth\u00e4lt bei Lieferung 6 S\u00e4tze zuf\u00e4lliger Bandformen. Es verf\u00fcgt \u00fcber leistungsstarke Funktionen und kann verschiedene Spezifikationen von \u201eC\u201c-, \u201eP\u201c- und \u201eS\u201c-Mustern biegen. Es eignet sich f\u00fcr die Verarbeitung von Produktmustern verschiedener Gr\u00f6\u00dfen. Bei Fragen k\u00f6nnen Sie uns gerne eine Nachricht hinterlassen!<br \/>\n<strong>TECHNISCHE PARAMETER<br \/>\n<\/strong><strong>Modell: LC-DW16C<br \/>\nB\u00fcgeleisen:<\/strong> \u22648\u00d750mm<br \/>\n<strong>Rundstahl:<\/strong> \u00d816mm<br \/>\n<strong>Vierkantstahl:<\/strong> \u226416\u00d716mm<br \/>\n<strong>Rollgeschwindigkeit:<\/strong>\u00a0380M\/Std<br \/>\n<strong>Leistung:<\/strong> 2,2 KW<br \/>\n<strong>Stromspannung:<\/strong>\u00a0220V\/380V\/415V<br \/>\n<strong>Verpackungsma\u00df:<\/strong> 1000 \u00d7 700 \u00d7 1200 mm<br \/>\n<strong>NW (kg):<\/strong> 310<br \/>\n<strong>GW (kg):<\/strong> 370<\/p>","protected":false},"featured_media":435,"template":"","meta":{"_kad_post_transparent":"default","_kad_post_title":"","_kad_post_layout":"default","_kad_post_sidebar_id":"","_kad_post_content_style":"default","_kad_post_vertical_padding":"default","_kad_post_feature":"","_kad_post_feature_position":"","_kad_post_header":false,"_kad_post_footer":false},"product_brand":[],"product_cat":[29,27],"product_tag":[49,52,51,50],"class_list":{"0":"post-433","1":"product","2":"type-product","3":"status-publish","4":"has-post-thumbnail","6":"product_cat-electric-wrought-iron-processing-machine","7":"product_cat-electric-scroll-bending-machine","8":"product_tag-electric-scroll-bending-machine","9":"product_tag-wrought-iron-bender","10":"product_tag-wrought-iron-bending-machine","11":"product_tag-wrought-iron-processing-machine","13":"first","14":"instock","15":"shipping-taxable","16":"product-type-simple","17":"entry","18":"content-bg","19":"loop-entry"},"_links":{"self":[{"href":"https:\/\/zzlcmachinery.com\/de\/wp-json\/wp\/v2\/product\/433","targetHints":{"allow":["GET"]}}],"collection":[{"href":"https:\/\/zzlcmachinery.com\/de\/wp-json\/wp\/v2\/product"}],"about":[{"href":"https:\/\/zzlcmachinery.com\/de\/wp-json\/wp\/v2\/types\/product"}],"version-history":[{"count":0,"href":"https:\/\/zzlcmachinery.com\/de\/wp-json\/wp\/v2\/product\/433\/revisions"}],"wp:featuredmedia":[{"embeddable":true,"href":"https:\/\/zzlcmachinery.com\/de\/wp-json\/wp\/v2\/media\/435"}],"wp:attachment":[{"href":"https:\/\/zzlcmachinery.com\/de\/wp-json\/wp\/v2\/media?parent=433"}],"wp:term":[{"taxonomy":"product_brand","embeddable":true,"href":"https:\/\/zzlcmachinery.com\/de\/wp-json\/wp\/v2\/product_brand?post=433"},{"taxonomy":"product_cat","embeddable":true,"href":"https:\/\/zzlcmachinery.com\/de\/wp-json\/wp\/v2\/product_cat?post=433"},{"taxonomy":"product_tag","embeddable":true,"href":"https:\/\/zzlcmachinery.com\/de\/wp-json\/wp\/v2\/product_tag?post=433"}],"curies":[{"name":"wp","href":"https:\/\/api.w.org\/{rel}","templated":true}]}}