{"id":1552,"date":"2022-12-14T00:42:52","date_gmt":"2022-12-13T16:42:52","guid":{"rendered":"https:\/\/zzlcmachinery.com\/?post_type=product&#038;p=1552"},"modified":"2023-03-08T12:35:05","modified_gmt":"2023-03-08T04:35:05","slug":"jk-300-factory-directly-automatic-metal-sheet-embossing-machine","status":"publish","type":"product","link":"https:\/\/zzlcmachinery.com\/de\/produkt\/jk-300-factory-directly-automatic-metal-sheet-embossing-machine\/","title":{"rendered":"JK-300 Fabrik direkt automatische Blechpr\u00e4gemaschine"},"content":{"rendered":"","protected":false},"excerpt":{"rendered":"<p>Diese direkt automatische Blechpr\u00e4gemaschine JK-300 Factory kann kaltgewalzte Eisenbleche, Aluminiumbleche, Edelstahlbleche und Kupferbleche f\u00fcr die vom Kunden gew\u00fcnschten Muster verarbeiten. Ein Formsatz wird zuf\u00e4llig mit der Maschine geliefert. Unser technisches Team kann kostenlose kundenspezifische Design-Services f\u00fcr Formen anbieten. Eine Vielzahl von Musteroptionen wird es den Kunden definitiv erm\u00f6glichen, auf dem harten lokalen Markt zu konkurrieren. Es hebt sich durch sein einzigartiges Muster von der Konkurrenz ab.<br \/>\nDas verarbeitete Endprodukt kann weiterhin in die Form gestanzt werden, die der Kunde f\u00fcr den T\u00fcrrahmenrahmen, das Gitter, den Fensterrahmen, die T\u00fcrverkleidung, das gr\u00fcne Gel\u00e4nder usw. w\u00fcnscht. Alle k\u00f6nnen in d\u00fcnnen Eisenplatten mit Mustern verwendet werden.<br \/>\n<strong>TECHNISCHE PARAMETER<\/strong><br \/>\n<strong>Material:<\/strong>\u00a0Eisenblech, Aluminiumblech, Kupferblech, Edelstahlblech<br \/>\n<strong>Materialbreite: 300<\/strong>mm<br \/>\n<strong>Materialst\u00e4rke<\/strong>: maximal 2 mm<br \/>\n<strong>Leistung:<\/strong> 4KW (entsprechend der Breite und Dicke des Walzmaterials entsprechend den tats\u00e4chlichen Bed\u00fcrfnissen der Kunden)<br \/>\n<strong>Stromspannung:<\/strong>\u00a0220V\/380V\/415V<br \/>\n<strong>Verpackungsma\u00df:<\/strong>\u00a01500 \u00d7 710 \u00d7 800 mm<br \/>\n<strong>NW (kg):<\/strong>\u00a0350<br \/>\n<strong>GW (kg):<\/strong>\u00a0400<\/p>","protected":false},"featured_media":1562,"template":"","meta":{"_kad_post_transparent":"default","_kad_post_title":"hide","_kad_post_layout":"fullwidth","_kad_post_sidebar_id":"","_kad_post_content_style":"unboxed","_kad_post_vertical_padding":"hide","_kad_post_feature":"hide","_kad_post_feature_position":"","_kad_post_header":false,"_kad_post_footer":false},"product_brand":[],"product_cat":[19,29],"product_tag":[537,535,533,531,530,536,532,538,534],"class_list":{"0":"post-1552","1":"product","2":"type-product","3":"status-publish","4":"has-post-thumbnail","6":"product_cat-cold-rolling-embossing-machine","7":"product_cat-electric-wrought-iron-processing-machine","8":"product_tag-aluminum-sheet-cold-embossing-machine","9":"product_tag-buy-cold-steel-sheet-embossing-machine","10":"product_tag-cold-roll-former-line","11":"product_tag-copper-sheet-embossing-machine","12":"product_tag-factory-directly-automatic-metal-sheet-embossing-machine","13":"product_tag-iron-sheet-cold-embossing-machine","14":"product_tag-roll-forming-machine-manufacturer","15":"product_tag-stainless-steel-sheet-cold-embossing-machine","16":"product_tag-steel-plate-embossing-machinery","18":"first","19":"instock","20":"shipping-taxable","21":"product-type-simple","22":"entry","23":"content-bg","24":"loop-entry"},"_links":{"self":[{"href":"https:\/\/zzlcmachinery.com\/de\/wp-json\/wp\/v2\/product\/1552","targetHints":{"allow":["GET"]}}],"collection":[{"href":"https:\/\/zzlcmachinery.com\/de\/wp-json\/wp\/v2\/product"}],"about":[{"href":"https:\/\/zzlcmachinery.com\/de\/wp-json\/wp\/v2\/types\/product"}],"version-history":[{"count":0,"href":"https:\/\/zzlcmachinery.com\/de\/wp-json\/wp\/v2\/product\/1552\/revisions"}],"wp:featuredmedia":[{"embeddable":true,"href":"https:\/\/zzlcmachinery.com\/de\/wp-json\/wp\/v2\/media\/1562"}],"wp:attachment":[{"href":"https:\/\/zzlcmachinery.com\/de\/wp-json\/wp\/v2\/media?parent=1552"}],"wp:term":[{"taxonomy":"product_brand","embeddable":true,"href":"https:\/\/zzlcmachinery.com\/de\/wp-json\/wp\/v2\/product_brand?post=1552"},{"taxonomy":"product_cat","embeddable":true,"href":"https:\/\/zzlcmachinery.com\/de\/wp-json\/wp\/v2\/product_cat?post=1552"},{"taxonomy":"product_tag","embeddable":true,"href":"https:\/\/zzlcmachinery.com\/de\/wp-json\/wp\/v2\/product_tag?post=1552"}],"curies":[{"name":"wp","href":"https:\/\/api.w.org\/{rel}","templated":true}]}}