{"id":991,"date":"2022-11-19T00:07:35","date_gmt":"2022-11-18T16:07:35","guid":{"rendered":"https:\/\/zzlcmachinery.com\/?post_type=product&#038;p=991"},"modified":"2022-11-22T14:45:01","modified_gmt":"2022-11-22T06:45:01","slug":"c41-1000kg-pneumatic-air-hammer-with-super-processing-capacity","status":"publish","type":"product","link":"https:\/\/zzlcmachinery.com\/da\/vare\/c41-1000kg-pneumatisk-lufthammer-med-super-behandlingskapacitet\/","title":{"rendered":"C41-1000KG pneumatisk lufthammer med super behandlingskapacitet"},"content":{"rendered":"","protected":false},"excerpt":{"rendered":"<p>Denne C41-1000KG pneumatiske lufthammer med super behandlingskapacitet er lille i st\u00f8rrelse, lav i st\u00f8j, enkel i struktur, nem at betjene, fleksibel i aktion og praktisk i h\u00e5ndtering, installation og vedligeholdelse. Denne model er velegnet til forskellige frie smedninger: s\u00e5som opstilling, tegning, stansning, b\u00f8jning, vridning, varmsk\u00e6ring, terminalforbindelse osv. Samtidig kan forskellige \u00e5bne matricesmedninger udf\u00f8res ved at bruge pudeforme. Det er velegnet til fri smedning af dele af forskellige former, is\u00e6r velegnet til landdistriktsbyvirksomheder og professionelle husholdninger, der smeder segl, Badin, kv\u00e6g og hestesko og hakker. Samtidig bruger forskellige fabrikker og miner ogs\u00e5 lufthamre til at smede st\u00e5lkugler, stilladser og andre fabrikker, miner og byggematerialer. Derudover er denne serie af lufthamre ogs\u00e5 et professionelt smedejernsv\u00e6rkt\u00f8j, der almindeligvis bruges af smede. Det kan lave forskellige stilarter af forme og smede forskellige smedejernsblomster, fugle og andre smukke dekorationer.<\/p>\n<p><strong>TEKNISK PARAMETER<br \/>\nModel: C41-1000KG<br \/>\nV\u00e6gt af faldende dele (KG):<\/strong>1000 kg<br \/>\n<strong>Strukturtype:<\/strong>Split Air Hammer\u00a0<strong><br \/>\nMax. Hit energi (KJ):<\/strong>27KJ<strong><br \/>\nMaks. smedet st\u00f8rrelse (diameter) p\u00e5 rundst\u00e5l:<\/strong>\u03c6320 mm<br \/>\n<strong>Maks. smedet st\u00f8rrelse (diameter) p\u00e5 firkantet st\u00e5l:<\/strong>290*290 mm<br \/>\n<strong>Str\u00f8m:<\/strong> 75 KW<br \/>\n<strong>Sp\u00e6nding:<\/strong>\u00a0220V\/380V<br \/>\n<strong>Pakningsdimension:<\/strong> 7700*1500*4125mm<br \/>\n<strong>Anwil v\u00e6gt<\/strong>: 13.000 kg<br \/>\n<strong>Total GW (kg):32.840<\/strong><\/p>","protected":false},"featured_media":998,"template":"","meta":{"_kad_post_transparent":"default","_kad_post_title":"hide","_kad_post_layout":"fullwidth","_kad_post_sidebar_id":"","_kad_post_content_style":"unboxed","_kad_post_vertical_padding":"hide","_kad_post_feature":"hide","_kad_post_feature_position":"","_kad_post_header":false,"_kad_post_footer":false},"product_brand":[],"product_cat":[28],"product_tag":[460,505,503,461,428,507,463,508,504,506],"class_list":{"0":"post-991","1":"product","2":"type-product","3":"status-publish","4":"has-post-thumbnail","6":"product_cat-blacksmith-power-hammer","7":"product_tag-air-forging-hammer-pneumatic-iron-hammer-1000kg","8":"product_tag-air-hammer-pneumatic-iron-hammer-for-forging","9":"product_tag-electric-pneumatic-hammer","10":"product_tag-hottest-sale-150kg-250kg-400kg-750kg-1000kg-blacksmith-pneumatic-hammer","11":"product_tag-pneumatic-hammer-for-blacksmith","12":"product_tag-price-of-pneumatic-forging-hammer","13":"product_tag-widely-used-iron-blacksmith-forging-air-hammer-machine","14":"product_tag-wrought-iron-forging-1000kg-blacksmith-hammer-with-anvil","15":"product_tag-wrought-iron-forging-power-hammer-for-sale","16":"product_tag-wrought-iron-pneumatic-metal-forging-hammer-for-sale","18":"first","19":"instock","20":"shipping-taxable","21":"product-type-simple","22":"entry","23":"content-bg","24":"loop-entry"},"_links":{"self":[{"href":"https:\/\/zzlcmachinery.com\/da\/wp-json\/wp\/v2\/product\/991","targetHints":{"allow":["GET"]}}],"collection":[{"href":"https:\/\/zzlcmachinery.com\/da\/wp-json\/wp\/v2\/product"}],"about":[{"href":"https:\/\/zzlcmachinery.com\/da\/wp-json\/wp\/v2\/types\/product"}],"version-history":[{"count":0,"href":"https:\/\/zzlcmachinery.com\/da\/wp-json\/wp\/v2\/product\/991\/revisions"}],"wp:featuredmedia":[{"embeddable":true,"href":"https:\/\/zzlcmachinery.com\/da\/wp-json\/wp\/v2\/media\/998"}],"wp:attachment":[{"href":"https:\/\/zzlcmachinery.com\/da\/wp-json\/wp\/v2\/media?parent=991"}],"wp:term":[{"taxonomy":"product_brand","embeddable":true,"href":"https:\/\/zzlcmachinery.com\/da\/wp-json\/wp\/v2\/product_brand?post=991"},{"taxonomy":"product_cat","embeddable":true,"href":"https:\/\/zzlcmachinery.com\/da\/wp-json\/wp\/v2\/product_cat?post=991"},{"taxonomy":"product_tag","embeddable":true,"href":"https:\/\/zzlcmachinery.com\/da\/wp-json\/wp\/v2\/product_tag?post=991"}],"curies":[{"name":"wp","href":"https:\/\/api.w.org\/{rel}","templated":true}]}}