{"id":985,"date":"2022-11-18T23:59:31","date_gmt":"2022-11-18T15:59:31","guid":{"rendered":"https:\/\/zzlcmachinery.com\/?post_type=product&#038;p=985"},"modified":"2022-11-22T14:22:36","modified_gmt":"2022-11-22T06:22:36","slug":"c41-400kg-china-biggest-hammer-manufacturer-provide-pneumatic-forging-hammer","status":"publish","type":"product","link":"https:\/\/zzlcmachinery.com\/da\/vare\/c41-400kg-china-biggest-hammer-manufacturer-provide-pneumatic-forging-hammer\/","title":{"rendered":"C41-400KG Kina st\u00f8rste hammerproducent leverer pneumatisk smedehammer"},"content":{"rendered":"","protected":false},"excerpt":{"rendered":"<p>Denne C41-400KG Kina st\u00f8rste hammerproducent leverer pneumatisk smedehammer, der konverterer motorens rotationsbev\u00e6gelse til cylinderens tryklufts stempelbev\u00e6gelse ved hj\u00e6lp af reduktionsgear, krumtapaksel og plejlstangssystem. Lufthammeren styres af fodh\u00e5ndtaget og fjernbetjeningsenheden for at styre slaghastigheden og slagstyrken af den \u00f8vre ambolt.<br \/>\nPneumatisk hammermaskine er et meget udbredt og alsidigt metalsmedningsv\u00e6rkt\u00f8j, som har mange funktioner, s\u00e5som: opstilling, forl\u00e6ngelse, kontinuerlig opstilling, stempling, varmsk\u00e6ring, svejsesmedning, vridning og b\u00f8jning.<br \/>\nKunderne kan v\u00e6lge den lufthammer, der passer til dem, alt efter det materiale, de skal smede, og materialets maksimale st\u00f8rrelse. Anvendelsen af elektrisk kraft og cylinder forbedrer i h\u00f8j grad lufthammerens arbejdseffektivitet. Det er afg\u00f8rende for driften af smedeforretninger og miner. smedemaskiner.<br \/>\nVi kan levere 6 kg, 16 kg, 25 kg, 40 kg, 55 kg, 75 kg, 100 kg, 150 kg, 250 kg, 400 kg, 560 kg, 750 kg, 1000 kg, 2000 kg til valg efter forskellige behov for smedearbejde .Du kan v\u00e6lge model i henhold til f\u00f8lgende specifikationer<\/p>\n<p><strong>TEKNISK PARAMETER<br \/>\nModel: C41-400KG<br \/>\nV\u00e6gt af faldende dele (KG): 400<\/strong>KG<br \/>\n<strong>Strukturtype:<\/strong>Split Air Hammer Med Base<strong><br \/>\nMax. Hit energi(KJ):9,5<\/strong>KJ<strong><br \/>\nMaks. smedet st\u00f8rrelse (diameter) p\u00e5 rundst\u00e5l:<\/strong>\u03c6240 mm<br \/>\n<strong>Maks. smedet st\u00f8rrelse (diameter) p\u00e5 firkantet st\u00e5l:<\/strong>220*220 mm<br \/>\n<strong>Str\u00f8m:<\/strong> 37 KW<br \/>\n<strong>Sp\u00e6nding:<\/strong>\u00a0220V\/380V<br \/>\n<strong>Pakningsdimension:<\/strong> 2785*1400*2885 mm<br \/>\n<strong>Navlev\u00e6gt<\/strong>: 4800 kg<br \/>\n<strong>Samlet GW (kg):<\/strong> 12800 kg<\/p>","protected":false},"featured_media":1004,"template":"","meta":{"_kad_post_transparent":"default","_kad_post_title":"hide","_kad_post_layout":"fullwidth","_kad_post_sidebar_id":"","_kad_post_content_style":"unboxed","_kad_post_vertical_padding":"hide","_kad_post_feature":"hide","_kad_post_feature_position":"","_kad_post_header":false,"_kad_post_footer":false},"product_brand":[],"product_cat":[28],"product_tag":[465,497,466,467,468,428,469,470],"class_list":{"0":"post-985","1":"product","2":"type-product","3":"status-publish","4":"has-post-thumbnail","6":"product_cat-blacksmith-power-hammer","7":"product_tag-400kg-air-hammer-metal-forging-hammer-for-sale","8":"product_tag-c41-400kg-china-biggest-hammer-manufacturer-provide-pneumatic-forging-hammer","9":"product_tag-c41-400kg-model-power-hammer-machine-for-iron-forging","10":"product_tag-china-automatic-anyang-forging-hammer-400kg","11":"product_tag-factory-direct-sale-wrought-iron-hammer-or-smith-forging-tool-for-sale","12":"product_tag-pneumatic-hammer-for-blacksmith","13":"product_tag-widely-used-wrought-iron-blacksmith-75kg-150kg-250kg-400kg-forging-power-hammer-for-hot-sale","14":"product_tag-wrought-iron-homemade-forging-hammer-machine-with-forging-hammer-dies","16":"first","17":"instock","18":"shipping-taxable","19":"product-type-simple","20":"entry","21":"content-bg","22":"loop-entry"},"_links":{"self":[{"href":"https:\/\/zzlcmachinery.com\/da\/wp-json\/wp\/v2\/product\/985","targetHints":{"allow":["GET"]}}],"collection":[{"href":"https:\/\/zzlcmachinery.com\/da\/wp-json\/wp\/v2\/product"}],"about":[{"href":"https:\/\/zzlcmachinery.com\/da\/wp-json\/wp\/v2\/types\/product"}],"version-history":[{"count":0,"href":"https:\/\/zzlcmachinery.com\/da\/wp-json\/wp\/v2\/product\/985\/revisions"}],"wp:featuredmedia":[{"embeddable":true,"href":"https:\/\/zzlcmachinery.com\/da\/wp-json\/wp\/v2\/media\/1004"}],"wp:attachment":[{"href":"https:\/\/zzlcmachinery.com\/da\/wp-json\/wp\/v2\/media?parent=985"}],"wp:term":[{"taxonomy":"product_brand","embeddable":true,"href":"https:\/\/zzlcmachinery.com\/da\/wp-json\/wp\/v2\/product_brand?post=985"},{"taxonomy":"product_cat","embeddable":true,"href":"https:\/\/zzlcmachinery.com\/da\/wp-json\/wp\/v2\/product_cat?post=985"},{"taxonomy":"product_tag","embeddable":true,"href":"https:\/\/zzlcmachinery.com\/da\/wp-json\/wp\/v2\/product_tag?post=985"}],"curies":[{"name":"wp","href":"https:\/\/api.w.org\/{rel}","templated":true}]}}